{"id":201,"date":"2020-08-19T18:31:26","date_gmt":"2020-08-19T17:31:26","guid":{"rendered":"http:\/\/wp.perek.it\/?page_id=201"},"modified":"2020-08-19T18:32:12","modified_gmt":"2020-08-19T17:32:12","slug":"realizacje-hamowni","status":"publish","type":"page","link":"https:\/\/perek.it\/pl\/realizacje-hamowni\/","title":{"rendered":"Realizacje hamowni"},"content":{"rendered":"<ul class=\"wp-block-latest-posts__list wp-block-latest-posts\"><li><div class=\"wp-block-latest-posts__featured-image\"><img loading=\"lazy\" decoding=\"async\" width=\"150\" height=\"150\" src=\"https:\/\/perek.it\/wp-content\/uploads\/2020\/08\/aquarius-150x150.png\" class=\"attachment-thumbnail size-thumbnail wp-post-image\" alt=\"\" style=\"\" srcset=\"https:\/\/perek.it\/wp-content\/uploads\/2020\/08\/aquarius-150x150.png 150w, https:\/\/perek.it\/wp-content\/uploads\/2020\/08\/aquarius-100x100.png 100w\" sizes=\"auto, (max-width: 150px) 100vw, 150px\" \/><\/div><a class=\"wp-block-latest-posts__post-title\" href=\"https:\/\/perek.it\/pl\/hamownia-silnikowa-obciazeniowa-aquarius-engines\/\">Hamownia silnikowa obci\u0105\u017ceniowa &#8211; AQUARIUS ENGINES<\/a><div class=\"wp-block-latest-posts__post-excerpt\">Lider bran\u017cy nowoczesnych generator\u00f3w pr\u0105du AQUARIUS ENGINES rozwija sw\u00f3j wysokiej sprawno\u015bci silnik na stanowisku hamowni silnikowej, opartej o produkty PEREK oraz Ecumaster. Stanowisko zosta\u0142o zaprojektowane i wykonane przez firm\u0119 \u015awi\u0105tek. Zadanie: Firma AQUARIUS ENGINES potrzebowa\u0142a stanowiska do pracy nad innowacyjnym silnikiem do generator\u00f3w pr\u0105du. Wymagana by\u0142a mo\u017cliwo\u015b\u0107 d\u0142ugotrwa\u0142ego obci\u0105\u017cania silnika i pracy w sta\u0142ych warunkach\u2026 <a class=\"wp-block-latest-posts__read-more\" href=\"https:\/\/perek.it\/pl\/hamownia-silnikowa-obciazeniowa-aquarius-engines\/\" rel=\"noopener noreferrer\">Dowiedz si\u0119 wi\u0119cej<span class=\"screen-reader-text\">: Hamownia silnikowa obci\u0105\u017ceniowa &#8211; AQUARIUS ENGINES<\/span><\/a><\/div><\/li>\n<li><div class=\"wp-block-latest-posts__featured-image\"><img loading=\"lazy\" decoding=\"async\" width=\"150\" height=\"150\" src=\"https:\/\/perek.it\/wp-content\/uploads\/2020\/08\/Rafal_Sonik_Tomasz_Gollob_Abu_Dhabi-150x150.jpg\" class=\"attachment-thumbnail size-thumbnail wp-post-image\" alt=\"\" style=\"\" srcset=\"https:\/\/perek.it\/wp-content\/uploads\/2020\/08\/Rafal_Sonik_Tomasz_Gollob_Abu_Dhabi-150x150.jpg 150w, https:\/\/perek.it\/wp-content\/uploads\/2020\/08\/Rafal_Sonik_Tomasz_Gollob_Abu_Dhabi-450x450.jpg 450w, https:\/\/perek.it\/wp-content\/uploads\/2020\/08\/Rafal_Sonik_Tomasz_Gollob_Abu_Dhabi-100x100.jpg 100w\" sizes=\"auto, (max-width: 150px) 100vw, 150px\" \/><\/div><a class=\"wp-block-latest-posts__post-title\" href=\"https:\/\/perek.it\/pl\/hamownia-do-quadow-rafal-sonik\/\">Hamownia do quad\u00f3w &#8211; Rafa\u0142 Sonik<\/a><div class=\"wp-block-latest-posts__post-excerpt\">Polski przedsi\u0119biorca i zwyci\u0119zca rajdu Dakar Rafa\u0142 Sonik jest polskim przedsi\u0119biorc\u0105, od 2001 zdobywaj\u0105cym wysokie miejsca w rajdach na quadach, w tym w s\u0142ynnym rajdzie Dakar. Zadanie: Zesp\u00f3\u0142 Rafa\u0142a samodzielnie zbudowa\u0142 hamowni\u0119 inercyjn\u0105 dedykowan\u0105 do pracy przy quadach. Hamownia jest kompaktowa i wygodna do przeniesienia gdy nie jest potrzebna. Wyposa\u017cona jest w specjalne najazdy i\u2026 <a class=\"wp-block-latest-posts__read-more\" href=\"https:\/\/perek.it\/pl\/hamownia-do-quadow-rafal-sonik\/\" rel=\"noopener noreferrer\">Dowiedz si\u0119 wi\u0119cej<span class=\"screen-reader-text\">: Hamownia do quad\u00f3w &#8211; Rafa\u0142 Sonik<\/span><\/a><\/div><\/li>\n<li><div class=\"wp-block-latest-posts__featured-image\"><img loading=\"lazy\" decoding=\"async\" width=\"150\" height=\"150\" src=\"https:\/\/perek.it\/wp-content\/uploads\/2020\/08\/ecumaster-150x150.png\" class=\"attachment-thumbnail size-thumbnail wp-post-image\" alt=\"produkty ecumaster\" style=\"\" srcset=\"https:\/\/perek.it\/wp-content\/uploads\/2020\/08\/ecumaster-150x150.png 150w, https:\/\/perek.it\/wp-content\/uploads\/2020\/08\/ecumaster-100x100.png 100w\" sizes=\"auto, (max-width: 150px) 100vw, 150px\" \/><\/div><a class=\"wp-block-latest-posts__post-title\" href=\"https:\/\/perek.it\/pl\/hamownia-ecumaster\/\">Hamownia podwoziowa &#8211; Ecumaster<\/a><div class=\"wp-block-latest-posts__post-excerpt\">Producent elektroniki samochodowej Ecumaster to jedna z najszybciej rozwijaj\u0105cych si\u0119 firm w bran\u017cy elektroniki motorsportowej i tuningowej. Firma PEREK \u015bci\u015ble wsp\u00f3\u0142pracuje z firm\u0105 Ecumaster, wsp\u00f3lnie opracowuj\u0105c inteligentne rozwi\u0105zania elektroniczne dla bran\u017cy motoryzacyjnej. Zadanie: Hamownia sterowana by\u0142a przez oprogramowanie pracuj\u0105ce na przestarza\u0142ym komputerze. Modernizacja komputera by\u0142a niemo\u017cliwa ze wzgl\u0119du na kompatybilno\u015b\u0107 oprogramowania jedynie ze specyficznymi podzespo\u0142ami\u2026 <a class=\"wp-block-latest-posts__read-more\" href=\"https:\/\/perek.it\/pl\/hamownia-ecumaster\/\" rel=\"noopener noreferrer\">Dowiedz si\u0119 wi\u0119cej<span class=\"screen-reader-text\">: Hamownia podwoziowa &#8211; Ecumaster<\/span><\/a><\/div><\/li>\n<\/ul>","protected":false},"excerpt":{"rendered":"","protected":false},"author":1,"featured_media":0,"parent":0,"menu_order":2,"comment_status":"closed","ping_status":"closed","template":"templates\/template-full-width.php","meta":{"site-sidebar-layout":"default","site-content-layout":"","ast-site-content-layout":"default","site-content-style":"default","site-sidebar-style":"default","ast-global-header-display":"","ast-banner-title-visibility":"","ast-main-header-display":"","ast-hfb-above-header-display":"","ast-hfb-below-header-display":"","ast-hfb-mobile-header-display":"","site-post-title":"","ast-breadcrumbs-content":"","ast-featured-img":"","footer-sml-layout":"","ast-disable-related-posts":"","theme-transparent-header-meta":"","adv-header-id-meta":"","stick-header-meta":"","header-above-stick-meta":"","header-main-stick-meta":"","header-below-stick-meta":"","astra-migrate-meta-layouts":"default","ast-page-background-enabled":"default","ast-page-background-meta":{"desktop":{"background-color":"var(--ast-global-color-4)","background-image":"","background-repeat":"repeat","background-position":"center center","background-size":"auto","background-attachment":"scroll","background-type":"","background-media":"","overlay-type":"","overlay-color":"","overlay-opacity":"","overlay-gradient":""},"tablet":{"background-color":"","background-image":"","background-repeat":"repeat","background-position":"center center","background-size":"auto","background-attachment":"scroll","background-type":"","background-media":"","overlay-type":"","overlay-color":"","overlay-opacity":"","overlay-gradient":""},"mobile":{"background-color":"","background-image":"","background-repeat":"repeat","background-position":"center center","background-size":"auto","background-attachment":"scroll","background-type":"","background-media":"","overlay-type":"","overlay-color":"","overlay-opacity":"","overlay-gradient":""}},"ast-content-background-meta":{"desktop":{"background-color":"var(--ast-global-color-5)","background-image":"","background-repeat":"repeat","background-position":"center center","background-size":"auto","background-attachment":"scroll","background-type":"","background-media":"","overlay-type":"","overlay-color":"","overlay-opacity":"","overlay-gradient":""},"tablet":{"background-color":"var(--ast-global-color-5)","background-image":"","background-repeat":"repeat","background-position":"center center","background-size":"auto","background-attachment":"scroll","background-type":"","background-media":"","overlay-type":"","overlay-color":"","overlay-opacity":"","overlay-gradient":""},"mobile":{"background-color":"var(--ast-global-color-5)","background-image":"","background-repeat":"repeat","background-position":"center center","background-size":"auto","background-attachment":"scroll","background-type":"","background-media":"","overlay-type":"","overlay-color":"","overlay-opacity":"","overlay-gradient":""}},"footnotes":""},"class_list":["post-201","page","type-page","status-publish","hentry"],"yoast_head":"<!-- This site is optimized with the Yoast SEO plugin v27.5 - https:\/\/yoast.com\/product\/yoast-seo-wordpress\/ -->\n<title>Realizacje hamowni - PEREK<\/title>\n<meta name=\"description\" content=\"Projekty i realizacje hamowni z udzia\u0142em sterownik\u00f3w i elektroniki firmy PEREK.\" \/>\n<meta name=\"robots\" content=\"index, follow, max-snippet:-1, max-image-preview:large, max-video-preview:-1\" \/>\n<link rel=\"canonical\" href=\"https:\/\/perek.it\/pl\/realizacje-hamowni\/\" \/>\n<meta property=\"og:locale\" content=\"pl_PL\" \/>\n<meta property=\"og:type\" content=\"article\" \/>\n<meta property=\"og:title\" content=\"Realizacje hamowni - PEREK\" \/>\n<meta property=\"og:description\" content=\"Projekty i realizacje hamowni z udzia\u0142em sterownik\u00f3w i elektroniki firmy PEREK.\" \/>\n<meta property=\"og:url\" content=\"https:\/\/perek.it\/pl\/realizacje-hamowni\/\" \/>\n<meta property=\"og:site_name\" content=\"PEREK\" \/>\n<meta property=\"article:modified_time\" content=\"2020-08-19T17:32:12+00:00\" \/>\n<meta property=\"og:image\" content=\"https:\/\/perek.it\/wp-content\/uploads\/2021\/02\/perek-logo.png\" \/>\n\t<meta property=\"og:image:width\" content=\"384\" \/>\n\t<meta property=\"og:image:height\" content=\"384\" \/>\n\t<meta property=\"og:image:type\" content=\"image\/png\" \/>\n<meta name=\"twitter:card\" content=\"summary_large_image\" \/>\n<script type=\"application\/ld+json\" class=\"yoast-schema-graph\">{\"@context\":\"https:\\\/\\\/schema.org\",\"@graph\":[{\"@type\":\"WebPage\",\"@id\":\"https:\\\/\\\/perek.it\\\/pl\\\/realizacje-hamowni\\\/\",\"url\":\"https:\\\/\\\/perek.it\\\/pl\\\/realizacje-hamowni\\\/\",\"name\":\"Realizacje hamowni - PEREK\",\"isPartOf\":{\"@id\":\"https:\\\/\\\/perek.it\\\/pl\\\/#website\"},\"datePublished\":\"2020-08-19T17:31:26+00:00\",\"dateModified\":\"2020-08-19T17:32:12+00:00\",\"description\":\"Projekty i realizacje hamowni z udzia\u0142em sterownik\u00f3w i elektroniki firmy PEREK.\",\"breadcrumb\":{\"@id\":\"https:\\\/\\\/perek.it\\\/pl\\\/realizacje-hamowni\\\/#breadcrumb\"},\"inLanguage\":\"pl-PL\",\"potentialAction\":[{\"@type\":\"ReadAction\",\"target\":[\"https:\\\/\\\/perek.it\\\/pl\\\/realizacje-hamowni\\\/\"]}]},{\"@type\":\"BreadcrumbList\",\"@id\":\"https:\\\/\\\/perek.it\\\/pl\\\/realizacje-hamowni\\\/#breadcrumb\",\"itemListElement\":[{\"@type\":\"ListItem\",\"position\":1,\"name\":\"Home\",\"item\":\"https:\\\/\\\/perek.it\\\/pl\\\/\"},{\"@type\":\"ListItem\",\"position\":2,\"name\":\"Realizacje hamowni\"}]},{\"@type\":\"WebSite\",\"@id\":\"https:\\\/\\\/perek.it\\\/pl\\\/#website\",\"url\":\"https:\\\/\\\/perek.it\\\/pl\\\/\",\"name\":\"PEREK\",\"description\":\"Sterowniki hamowni i akcesoria\",\"publisher\":{\"@id\":\"https:\\\/\\\/perek.it\\\/pl\\\/#organization\"},\"potentialAction\":[{\"@type\":\"SearchAction\",\"target\":{\"@type\":\"EntryPoint\",\"urlTemplate\":\"https:\\\/\\\/perek.it\\\/pl\\\/?s={search_term_string}\"},\"query-input\":{\"@type\":\"PropertyValueSpecification\",\"valueRequired\":true,\"valueName\":\"search_term_string\"}}],\"inLanguage\":\"pl-PL\"},{\"@type\":\"Organization\",\"@id\":\"https:\\\/\\\/perek.it\\\/pl\\\/#organization\",\"name\":\"PEREK\",\"url\":\"https:\\\/\\\/perek.it\\\/pl\\\/\",\"logo\":{\"@type\":\"ImageObject\",\"inLanguage\":\"pl-PL\",\"@id\":\"https:\\\/\\\/perek.it\\\/pl\\\/#\\\/schema\\\/logo\\\/image\\\/\",\"url\":\"https:\\\/\\\/perek.it\\\/wp-content\\\/uploads\\\/2021\\\/07\\\/perek-logo-white.png\",\"contentUrl\":\"https:\\\/\\\/perek.it\\\/wp-content\\\/uploads\\\/2021\\\/07\\\/perek-logo-white.png\",\"width\":962,\"height\":207,\"caption\":\"PEREK\"},\"image\":{\"@id\":\"https:\\\/\\\/perek.it\\\/pl\\\/#\\\/schema\\\/logo\\\/image\\\/\"}}]}<\/script>\n<!-- \/ Yoast SEO plugin. -->","yoast_head_json":{"title":"Realizacje hamowni - PEREK","description":"Projekty i realizacje hamowni z udzia\u0142em sterownik\u00f3w i elektroniki firmy PEREK.","robots":{"index":"index","follow":"follow","max-snippet":"max-snippet:-1","max-image-preview":"max-image-preview:large","max-video-preview":"max-video-preview:-1"},"canonical":"https:\/\/perek.it\/pl\/realizacje-hamowni\/","og_locale":"pl_PL","og_type":"article","og_title":"Realizacje hamowni - PEREK","og_description":"Projekty i realizacje hamowni z udzia\u0142em sterownik\u00f3w i elektroniki firmy PEREK.","og_url":"https:\/\/perek.it\/pl\/realizacje-hamowni\/","og_site_name":"PEREK","article_modified_time":"2020-08-19T17:32:12+00:00","og_image":[{"width":384,"height":384,"url":"https:\/\/perek.it\/wp-content\/uploads\/2021\/02\/perek-logo.png","type":"image\/png"}],"twitter_card":"summary_large_image","schema":{"@context":"https:\/\/schema.org","@graph":[{"@type":"WebPage","@id":"https:\/\/perek.it\/pl\/realizacje-hamowni\/","url":"https:\/\/perek.it\/pl\/realizacje-hamowni\/","name":"Realizacje hamowni - PEREK","isPartOf":{"@id":"https:\/\/perek.it\/pl\/#website"},"datePublished":"2020-08-19T17:31:26+00:00","dateModified":"2020-08-19T17:32:12+00:00","description":"Projekty i realizacje hamowni z udzia\u0142em sterownik\u00f3w i elektroniki firmy PEREK.","breadcrumb":{"@id":"https:\/\/perek.it\/pl\/realizacje-hamowni\/#breadcrumb"},"inLanguage":"pl-PL","potentialAction":[{"@type":"ReadAction","target":["https:\/\/perek.it\/pl\/realizacje-hamowni\/"]}]},{"@type":"BreadcrumbList","@id":"https:\/\/perek.it\/pl\/realizacje-hamowni\/#breadcrumb","itemListElement":[{"@type":"ListItem","position":1,"name":"Home","item":"https:\/\/perek.it\/pl\/"},{"@type":"ListItem","position":2,"name":"Realizacje hamowni"}]},{"@type":"WebSite","@id":"https:\/\/perek.it\/pl\/#website","url":"https:\/\/perek.it\/pl\/","name":"PEREK","description":"Sterowniki hamowni i akcesoria","publisher":{"@id":"https:\/\/perek.it\/pl\/#organization"},"potentialAction":[{"@type":"SearchAction","target":{"@type":"EntryPoint","urlTemplate":"https:\/\/perek.it\/pl\/?s={search_term_string}"},"query-input":{"@type":"PropertyValueSpecification","valueRequired":true,"valueName":"search_term_string"}}],"inLanguage":"pl-PL"},{"@type":"Organization","@id":"https:\/\/perek.it\/pl\/#organization","name":"PEREK","url":"https:\/\/perek.it\/pl\/","logo":{"@type":"ImageObject","inLanguage":"pl-PL","@id":"https:\/\/perek.it\/pl\/#\/schema\/logo\/image\/","url":"https:\/\/perek.it\/wp-content\/uploads\/2021\/07\/perek-logo-white.png","contentUrl":"https:\/\/perek.it\/wp-content\/uploads\/2021\/07\/perek-logo-white.png","width":962,"height":207,"caption":"PEREK"},"image":{"@id":"https:\/\/perek.it\/pl\/#\/schema\/logo\/image\/"}}]}},"_links":{"self":[{"href":"https:\/\/perek.it\/pl\/wp-json\/wp\/v2\/pages\/201","targetHints":{"allow":["GET"]}}],"collection":[{"href":"https:\/\/perek.it\/pl\/wp-json\/wp\/v2\/pages"}],"about":[{"href":"https:\/\/perek.it\/pl\/wp-json\/wp\/v2\/types\/page"}],"author":[{"embeddable":true,"href":"https:\/\/perek.it\/pl\/wp-json\/wp\/v2\/users\/1"}],"replies":[{"embeddable":true,"href":"https:\/\/perek.it\/pl\/wp-json\/wp\/v2\/comments?post=201"}],"version-history":[{"count":0,"href":"https:\/\/perek.it\/pl\/wp-json\/wp\/v2\/pages\/201\/revisions"}],"wp:attachment":[{"href":"https:\/\/perek.it\/pl\/wp-json\/wp\/v2\/media?parent=201"}],"curies":[{"name":"wp","href":"https:\/\/api.w.org\/{rel}","templated":true}]}}