{"id":1021,"date":"2021-05-24T20:13:22","date_gmt":"2021-05-24T19:13:22","guid":{"rendered":"https:\/\/perek.it\/product\/fotoelektryczny-czujnik-predkosci-obrotowej\/"},"modified":"2024-04-24T16:38:14","modified_gmt":"2024-04-24T15:38:14","slug":"fotoelektryczny-czujnik-predkosci-obrotowej","status":"publish","type":"product","link":"https:\/\/perek.it\/pl\/produkt\/fotoelektryczny-czujnik-predkosci-obrotowej\/","title":{"rendered":"Fotoelektryczny czujnik pr\u0119dko\u015bci obrotowej"},"content":{"rendered":"<div class=\"wpview wpview-wrap\" data-wpview-text=\"%5Bvideo%20width%3D%221920%22%20height%3D%221080%22%20mp4%3D%22https%3A%2F%2Fperek.it%2Fwp-content%2Fuploads%2F2021%2F05%2Foptical-speed-sensor.mp4%22%5D%5B%2Fvideo%5D\" data-wpview-type=\"video\" contenteditable=\"false\"><iframe frameborder=\"0\" allowtransparency=\"true\" scrolling=\"no\" class=\"wpview-sandbox\" style=\"width: 100%; display: block; height: 343.683px;\"><\/iframe><span class=\"mce-shim\"><\/span><span class=\"wpview-end\"><\/span><\/div>\n<div class=\"wpview wpview-wrap\" data-wpview-text=\"%5Bvideo%20width%3D%221920%22%20height%3D%221080%22%20mp4%3D%22https%3A%2F%2Fperek.it%2Fwp-content%2Fuploads%2F2021%2F05%2Fphotoelectric-sensor.mp4%22%5D%5B%2Fvideo%5D\" data-wpview-type=\"video\" contenteditable=\"false\"><iframe frameborder=\"0\" allowtransparency=\"true\" scrolling=\"no\" class=\"wpview-sandbox\" style=\"width: 100%; display: block; height: 343.683px;\"><\/iframe><span class=\"mce-shim\"><\/span><span class=\"wpview-end\"><\/span><\/div>\n<p>Odbiciowy fotoelektryczny czujnik do pomiaru pr\u0119dko\u015bci obrotowej.<\/p>\n<p>Pr\u0119dko\u015b\u0107 obrotowa mo\u017ce by\u0107 zmierzona poprzez umieszczenie bia\u0142ego znacznika na wiruj\u0105cym elemencie i nakierowanie czujnika na znacznik. Znacznik mo\u017ce by\u0107 wykonany z bia\u0142ej samoprzylepnej ta\u015bmy lub naniesiony bia\u0142ym lakierem. Kiedy znacznik pojawia si\u0119 przed czujnikiem, modulowane czerwone \u015bwiat\u0142o czujnika odbija si\u0119 i generuje cyfrowy sygna\u0142. Ta technika mo\u017ce by\u0107 u\u017cyta do pomiaru pr\u0119dko\u015bci obrotowej silnika w przypadku, gdy inne \u017ar\u00f3d\u0142a sygna\u0142u nie s\u0105 dost\u0119pne. Poprzez umieszczenie znacznika na kole pojazdu, mo\u017cliwe jest zmierzenie u\u015blizgu ko\u0142a na hamowni podwoziowej.<\/p>\n<ul>\n<li>Zasi\u0119g: do 1m<\/li>\n<li>\u015awiat\u0142o: modulowane czerwone 625nm<\/li>\n<li>Napi\u0119cie zasilania: 10 &#8211; 30VDC<\/li>\n<li>Wyj\u015bcie: 100mA, N.O. &amp; N.C.<\/li>\n<li>Stopie\u0144 ochrony: IP67<\/li>\n<li>Czu\u0142o\u015b\u0107: regulowana potencjometrem<\/li>\n<li>Zabezpieczenia: zwarciowe, odwr\u00f3cenie polaryzacji zasilania, szpilki napi\u0119cia<\/li>\n<li>Jasno\u015b\u0107 otoczenia: do 30000lux<\/li>\n<li>Temperatura pracy: -25\u00b0C to +60\u00b0C<\/li>\n<li>Cz\u0119stotliwo\u015b\u0107 sygna\u0142u: do 500Hz (30000RPM)<\/li>\n<\/ul>\n<p><strong>Zestaw zawiera:<\/strong><\/p>\n<ul>\n<li>Czujnik fotoelektryczny<\/li>\n<li>Przew\u00f3d pod\u0142\u0105czeniowy o d\u0142ugo\u015bci 5m<\/li>\n<li>Podstaw\u0119 magnetyczn\u0105 z uchwytem<\/li>\n<li>Adapter czujnika do podstawy<\/li>\n<\/ul>\n<p><\/p>\n","protected":false},"excerpt":{"rendered":"<p>Fotoelektryczny czujnik do pomiaru pr\u0119dko\u015bci obrotowej silnika lub u\u015blizgu k\u00f3\u0142 na hamowni podwoziowej.<\/p>\n","protected":false},"featured_media":1015,"template":"","meta":{"site-sidebar-layout":"default","site-content-layout":"","ast-site-content-layout":"default","site-content-style":"default","site-sidebar-style":"default","ast-global-header-display":"","ast-banner-title-visibility":"","ast-main-header-display":"","ast-hfb-above-header-display":"","ast-hfb-below-header-display":"","ast-hfb-mobile-header-display":"","site-post-title":"","ast-breadcrumbs-content":"","ast-featured-img":"","footer-sml-layout":"","ast-disable-related-posts":"","theme-transparent-header-meta":"default","adv-header-id-meta":"","stick-header-meta":"","header-above-stick-meta":"","header-main-stick-meta":"","header-below-stick-meta":"","astra-migrate-meta-layouts":"default","ast-page-background-enabled":"default","ast-page-background-meta":{"desktop":{"background-color":"var(--ast-global-color-4)","background-image":"","background-repeat":"repeat","background-position":"center center","background-size":"auto","background-attachment":"scroll","background-type":"","background-media":"","overlay-type":"","overlay-color":"","overlay-opacity":"","overlay-gradient":""},"tablet":{"background-color":"","background-image":"","background-repeat":"repeat","background-position":"center center","background-size":"auto","background-attachment":"scroll","background-type":"","background-media":"","overlay-type":"","overlay-color":"","overlay-opacity":"","overlay-gradient":""},"mobile":{"background-color":"","background-image":"","background-repeat":"repeat","background-position":"center center","background-size":"auto","background-attachment":"scroll","background-type":"","background-media":"","overlay-type":"","overlay-color":"","overlay-opacity":"","overlay-gradient":""}},"ast-content-background-meta":{"desktop":{"background-color":"var(--ast-global-color-5)","background-image":"","background-repeat":"repeat","background-position":"center center","background-size":"auto","background-attachment":"scroll","background-type":"","background-media":"","overlay-type":"","overlay-color":"","overlay-opacity":"","overlay-gradient":""},"tablet":{"background-color":"var(--ast-global-color-5)","background-image":"","background-repeat":"repeat","background-position":"center center","background-size":"auto","background-attachment":"scroll","background-type":"","background-media":"","overlay-type":"","overlay-color":"","overlay-opacity":"","overlay-gradient":""},"mobile":{"background-color":"var(--ast-global-color-5)","background-image":"","background-repeat":"repeat","background-position":"center center","background-size":"auto","background-attachment":"scroll","background-type":"","background-media":"","overlay-type":"","overlay-color":"","overlay-opacity":"","overlay-gradient":""}}},"product_brand":[],"product_cat":[37],"product_tag":[],"class_list":{"0":"post-1021","1":"product","2":"type-product","3":"status-publish","4":"has-post-thumbnail","6":"product_cat-czujniki","7":"desktop-align-center","8":"tablet-align-left","9":"mobile-align-left","11":"first","12":"instock","13":"taxable","14":"shipping-taxable","15":"purchasable","16":"product-type-simple"},"yoast_head":"<!-- This site is optimized with the Yoast SEO plugin v27.6 - https:\/\/yoast.com\/product\/yoast-seo-wordpress\/ -->\n<title>Fotoelektryczny czujnik pr\u0119dko\u015bci obrotowej - PEREK<\/title>\n<meta name=\"description\" content=\"Fotoelektryczny czujnik do pomiaru pr\u0119dko\u015bci obrotowej silnika lub u\u015blizgu k\u00f3\u0142 na hamowni podwoziowej.\" \/>\n<meta name=\"robots\" content=\"index, follow, max-snippet:-1, max-image-preview:large, max-video-preview:-1\" \/>\n<link rel=\"canonical\" href=\"https:\/\/perek.it\/pl\/produkt\/fotoelektryczny-czujnik-predkosci-obrotowej\/\" \/>\n<meta property=\"og:locale\" content=\"pl_PL\" \/>\n<meta property=\"og:type\" content=\"article\" \/>\n<meta property=\"og:title\" content=\"Fotoelektryczny czujnik pr\u0119dko\u015bci obrotowej - PEREK\" \/>\n<meta property=\"og:description\" content=\"Fotoelektryczny czujnik do pomiaru pr\u0119dko\u015bci obrotowej silnika lub u\u015blizgu k\u00f3\u0142 na hamowni podwoziowej.\" \/>\n<meta property=\"og:url\" content=\"https:\/\/perek.it\/pl\/produkt\/fotoelektryczny-czujnik-predkosci-obrotowej\/\" \/>\n<meta property=\"og:site_name\" content=\"PEREK\" \/>\n<meta property=\"article:modified_time\" content=\"2024-04-24T15:38:14+00:00\" \/>\n<meta property=\"og:image\" content=\"https:\/\/perek.it\/wp-content\/uploads\/2021\/05\/PES1.png\" \/>\n\t<meta property=\"og:image:width\" content=\"580\" \/>\n\t<meta property=\"og:image:height\" content=\"424\" \/>\n\t<meta property=\"og:image:type\" content=\"image\/png\" \/>\n<meta name=\"twitter:card\" content=\"summary_large_image\" \/>\n<meta name=\"twitter:label1\" content=\"Szacowany czas czytania\" \/>\n\t<meta name=\"twitter:data1\" content=\"1 minuta\" \/>\n<script type=\"application\/ld+json\" class=\"yoast-schema-graph\">{\"@context\":\"https:\\\/\\\/schema.org\",\"@graph\":[{\"@type\":\"WebPage\",\"@id\":\"https:\\\/\\\/perek.it\\\/pl\\\/produkt\\\/fotoelektryczny-czujnik-predkosci-obrotowej\\\/\",\"url\":\"https:\\\/\\\/perek.it\\\/pl\\\/produkt\\\/fotoelektryczny-czujnik-predkosci-obrotowej\\\/\",\"name\":\"Fotoelektryczny czujnik pr\u0119dko\u015bci obrotowej - PEREK\",\"isPartOf\":{\"@id\":\"https:\\\/\\\/perek.it\\\/pl\\\/#website\"},\"primaryImageOfPage\":{\"@id\":\"https:\\\/\\\/perek.it\\\/pl\\\/produkt\\\/fotoelektryczny-czujnik-predkosci-obrotowej\\\/#primaryimage\"},\"image\":{\"@id\":\"https:\\\/\\\/perek.it\\\/pl\\\/produkt\\\/fotoelektryczny-czujnik-predkosci-obrotowej\\\/#primaryimage\"},\"thumbnailUrl\":\"https:\\\/\\\/perek.it\\\/wp-content\\\/uploads\\\/2021\\\/05\\\/PES1.png\",\"datePublished\":\"2021-05-24T19:13:22+00:00\",\"dateModified\":\"2024-04-24T15:38:14+00:00\",\"description\":\"Fotoelektryczny czujnik do pomiaru pr\u0119dko\u015bci obrotowej silnika lub u\u015blizgu k\u00f3\u0142 na hamowni podwoziowej.\",\"breadcrumb\":{\"@id\":\"https:\\\/\\\/perek.it\\\/pl\\\/produkt\\\/fotoelektryczny-czujnik-predkosci-obrotowej\\\/#breadcrumb\"},\"inLanguage\":\"pl-PL\",\"potentialAction\":[{\"@type\":\"ReadAction\",\"target\":[\"https:\\\/\\\/perek.it\\\/pl\\\/produkt\\\/fotoelektryczny-czujnik-predkosci-obrotowej\\\/\"]}]},{\"@type\":\"ImageObject\",\"inLanguage\":\"pl-PL\",\"@id\":\"https:\\\/\\\/perek.it\\\/pl\\\/produkt\\\/fotoelektryczny-czujnik-predkosci-obrotowej\\\/#primaryimage\",\"url\":\"https:\\\/\\\/perek.it\\\/wp-content\\\/uploads\\\/2021\\\/05\\\/PES1.png\",\"contentUrl\":\"https:\\\/\\\/perek.it\\\/wp-content\\\/uploads\\\/2021\\\/05\\\/PES1.png\",\"width\":3002,\"height\":2195,\"caption\":\"fotoelektryczny czujnik pr\u0119dko\u015bci obrotowej\"},{\"@type\":\"BreadcrumbList\",\"@id\":\"https:\\\/\\\/perek.it\\\/pl\\\/produkt\\\/fotoelektryczny-czujnik-predkosci-obrotowej\\\/#breadcrumb\",\"itemListElement\":[{\"@type\":\"ListItem\",\"position\":1,\"name\":\"Home\",\"item\":\"https:\\\/\\\/perek.it\\\/pl\\\/\"},{\"@type\":\"ListItem\",\"position\":2,\"name\":\"Sklep\",\"item\":\"https:\\\/\\\/perek.it\\\/pl\\\/sklep\\\/\"},{\"@type\":\"ListItem\",\"position\":3,\"name\":\"Fotoelektryczny czujnik pr\u0119dko\u015bci obrotowej\"}]},{\"@type\":\"WebSite\",\"@id\":\"https:\\\/\\\/perek.it\\\/pl\\\/#website\",\"url\":\"https:\\\/\\\/perek.it\\\/pl\\\/\",\"name\":\"PEREK\",\"description\":\"Sterowniki hamowni i akcesoria\",\"publisher\":{\"@id\":\"https:\\\/\\\/perek.it\\\/pl\\\/#organization\"},\"potentialAction\":[{\"@type\":\"SearchAction\",\"target\":{\"@type\":\"EntryPoint\",\"urlTemplate\":\"https:\\\/\\\/perek.it\\\/pl\\\/?s={search_term_string}\"},\"query-input\":{\"@type\":\"PropertyValueSpecification\",\"valueRequired\":true,\"valueName\":\"search_term_string\"}}],\"inLanguage\":\"pl-PL\"},{\"@type\":\"Organization\",\"@id\":\"https:\\\/\\\/perek.it\\\/pl\\\/#organization\",\"name\":\"PEREK\",\"url\":\"https:\\\/\\\/perek.it\\\/pl\\\/\",\"logo\":{\"@type\":\"ImageObject\",\"inLanguage\":\"pl-PL\",\"@id\":\"https:\\\/\\\/perek.it\\\/pl\\\/#\\\/schema\\\/logo\\\/image\\\/\",\"url\":\"https:\\\/\\\/perek.it\\\/wp-content\\\/uploads\\\/2021\\\/07\\\/perek-logo-white.png\",\"contentUrl\":\"https:\\\/\\\/perek.it\\\/wp-content\\\/uploads\\\/2021\\\/07\\\/perek-logo-white.png\",\"width\":962,\"height\":207,\"caption\":\"PEREK\"},\"image\":{\"@id\":\"https:\\\/\\\/perek.it\\\/pl\\\/#\\\/schema\\\/logo\\\/image\\\/\"}}]}<\/script>\n<!-- \/ Yoast SEO plugin. -->","yoast_head_json":{"title":"Fotoelektryczny czujnik pr\u0119dko\u015bci obrotowej - PEREK","description":"Fotoelektryczny czujnik do pomiaru pr\u0119dko\u015bci obrotowej silnika lub u\u015blizgu k\u00f3\u0142 na hamowni podwoziowej.","robots":{"index":"index","follow":"follow","max-snippet":"max-snippet:-1","max-image-preview":"max-image-preview:large","max-video-preview":"max-video-preview:-1"},"canonical":"https:\/\/perek.it\/pl\/produkt\/fotoelektryczny-czujnik-predkosci-obrotowej\/","og_locale":"pl_PL","og_type":"article","og_title":"Fotoelektryczny czujnik pr\u0119dko\u015bci obrotowej - PEREK","og_description":"Fotoelektryczny czujnik do pomiaru pr\u0119dko\u015bci obrotowej silnika lub u\u015blizgu k\u00f3\u0142 na hamowni podwoziowej.","og_url":"https:\/\/perek.it\/pl\/produkt\/fotoelektryczny-czujnik-predkosci-obrotowej\/","og_site_name":"PEREK","article_modified_time":"2024-04-24T15:38:14+00:00","og_image":[{"url":"https:\/\/perek.it\/wp-content\/uploads\/2021\/05\/PES1.png","width":580,"height":424,"type":"image\/png"}],"twitter_card":"summary_large_image","twitter_misc":{"Szacowany czas czytania":"1 minuta"},"schema":{"@context":"https:\/\/schema.org","@graph":[{"@type":"WebPage","@id":"https:\/\/perek.it\/pl\/produkt\/fotoelektryczny-czujnik-predkosci-obrotowej\/","url":"https:\/\/perek.it\/pl\/produkt\/fotoelektryczny-czujnik-predkosci-obrotowej\/","name":"Fotoelektryczny czujnik pr\u0119dko\u015bci obrotowej - PEREK","isPartOf":{"@id":"https:\/\/perek.it\/pl\/#website"},"primaryImageOfPage":{"@id":"https:\/\/perek.it\/pl\/produkt\/fotoelektryczny-czujnik-predkosci-obrotowej\/#primaryimage"},"image":{"@id":"https:\/\/perek.it\/pl\/produkt\/fotoelektryczny-czujnik-predkosci-obrotowej\/#primaryimage"},"thumbnailUrl":"https:\/\/perek.it\/wp-content\/uploads\/2021\/05\/PES1.png","datePublished":"2021-05-24T19:13:22+00:00","dateModified":"2024-04-24T15:38:14+00:00","description":"Fotoelektryczny czujnik do pomiaru pr\u0119dko\u015bci obrotowej silnika lub u\u015blizgu k\u00f3\u0142 na hamowni podwoziowej.","breadcrumb":{"@id":"https:\/\/perek.it\/pl\/produkt\/fotoelektryczny-czujnik-predkosci-obrotowej\/#breadcrumb"},"inLanguage":"pl-PL","potentialAction":[{"@type":"ReadAction","target":["https:\/\/perek.it\/pl\/produkt\/fotoelektryczny-czujnik-predkosci-obrotowej\/"]}]},{"@type":"ImageObject","inLanguage":"pl-PL","@id":"https:\/\/perek.it\/pl\/produkt\/fotoelektryczny-czujnik-predkosci-obrotowej\/#primaryimage","url":"https:\/\/perek.it\/wp-content\/uploads\/2021\/05\/PES1.png","contentUrl":"https:\/\/perek.it\/wp-content\/uploads\/2021\/05\/PES1.png","width":3002,"height":2195,"caption":"fotoelektryczny czujnik pr\u0119dko\u015bci obrotowej"},{"@type":"BreadcrumbList","@id":"https:\/\/perek.it\/pl\/produkt\/fotoelektryczny-czujnik-predkosci-obrotowej\/#breadcrumb","itemListElement":[{"@type":"ListItem","position":1,"name":"Home","item":"https:\/\/perek.it\/pl\/"},{"@type":"ListItem","position":2,"name":"Sklep","item":"https:\/\/perek.it\/pl\/sklep\/"},{"@type":"ListItem","position":3,"name":"Fotoelektryczny czujnik pr\u0119dko\u015bci obrotowej"}]},{"@type":"WebSite","@id":"https:\/\/perek.it\/pl\/#website","url":"https:\/\/perek.it\/pl\/","name":"PEREK","description":"Sterowniki hamowni i akcesoria","publisher":{"@id":"https:\/\/perek.it\/pl\/#organization"},"potentialAction":[{"@type":"SearchAction","target":{"@type":"EntryPoint","urlTemplate":"https:\/\/perek.it\/pl\/?s={search_term_string}"},"query-input":{"@type":"PropertyValueSpecification","valueRequired":true,"valueName":"search_term_string"}}],"inLanguage":"pl-PL"},{"@type":"Organization","@id":"https:\/\/perek.it\/pl\/#organization","name":"PEREK","url":"https:\/\/perek.it\/pl\/","logo":{"@type":"ImageObject","inLanguage":"pl-PL","@id":"https:\/\/perek.it\/pl\/#\/schema\/logo\/image\/","url":"https:\/\/perek.it\/wp-content\/uploads\/2021\/07\/perek-logo-white.png","contentUrl":"https:\/\/perek.it\/wp-content\/uploads\/2021\/07\/perek-logo-white.png","width":962,"height":207,"caption":"PEREK"},"image":{"@id":"https:\/\/perek.it\/pl\/#\/schema\/logo\/image\/"}}]}},"_links":{"self":[{"href":"https:\/\/perek.it\/pl\/wp-json\/wp\/v2\/product\/1021","targetHints":{"allow":["GET"]}}],"collection":[{"href":"https:\/\/perek.it\/pl\/wp-json\/wp\/v2\/product"}],"about":[{"href":"https:\/\/perek.it\/pl\/wp-json\/wp\/v2\/types\/product"}],"wp:featuredmedia":[{"embeddable":true,"href":"https:\/\/perek.it\/pl\/wp-json\/wp\/v2\/media\/1015"}],"wp:attachment":[{"href":"https:\/\/perek.it\/pl\/wp-json\/wp\/v2\/media?parent=1021"}],"wp:term":[{"taxonomy":"product_brand","embeddable":true,"href":"https:\/\/perek.it\/pl\/wp-json\/wp\/v2\/product_brand?post=1021"},{"taxonomy":"product_cat","embeddable":true,"href":"https:\/\/perek.it\/pl\/wp-json\/wp\/v2\/product_cat?post=1021"},{"taxonomy":"product_tag","embeddable":true,"href":"https:\/\/perek.it\/pl\/wp-json\/wp\/v2\/product_tag?post=1021"}],"curies":[{"name":"wp","href":"https:\/\/api.w.org\/{rel}","templated":true}]}}