{"id":1115,"date":"2021-06-06T07:44:10","date_gmt":"2021-06-06T06:44:10","guid":{"rendered":"https:\/\/perek.it\/?post_type=product&#038;p=1115"},"modified":"2026-04-07T20:40:37","modified_gmt":"2026-04-07T19:40:37","slug":"szybki-interfejs-hamulca-elektrowirowego-bd3","status":"publish","type":"product","link":"https:\/\/perek.it\/pl\/produkt\/szybki-interfejs-hamulca-elektrowirowego-bd3\/","title":{"rendered":"Szybki interfejs hamulca elektro-wirowego BD3.1"},"content":{"rendered":"<p>Prezentacja sterowania momentem hamowania:<\/p>\n<div style=\"width: 1440px;\" class=\"wp-video\"><video class=\"wp-video-shortcode\" id=\"video-1115-1\" width=\"1440\" height=\"900\" preload=\"metadata\" controls=\"controls\"><source type=\"video\/mp4\" src=\"https:\/\/perek.it\/wp-content\/uploads\/2021\/06\/BD3-torque-control-2.mp4?_=1\" \/><a href=\"https:\/\/perek.it\/wp-content\/uploads\/2021\/06\/BD3-torque-control-2.mp4\">https:\/\/perek.it\/wp-content\/uploads\/2021\/06\/BD3-torque-control-2.mp4<\/a><\/video><\/div>\n<p>Prezentacja utrzymywania sta\u0142ej pr\u0119dko\u015bci:<\/p>\n<div style=\"width: 1440px;\" class=\"wp-video\"><video class=\"wp-video-shortcode\" id=\"video-1115-2\" width=\"1440\" height=\"900\" preload=\"metadata\" controls=\"controls\"><source type=\"video\/mp4\" src=\"https:\/\/perek.it\/wp-content\/uploads\/2021\/06\/BD3-steady-state.mp4?_=2\" \/><a href=\"https:\/\/perek.it\/wp-content\/uploads\/2021\/06\/BD3-steady-state.mp4\">https:\/\/perek.it\/wp-content\/uploads\/2021\/06\/BD3-steady-state.mp4<\/a><\/video><\/div>\n<h2 class=\"western\">Specyfikacja<\/h2>\n<table style=\"height: 912px;\" width=\"730\" cellspacing=\"0\" cellpadding=\"4\">\n<tbody>\n<tr valign=\"top\">\n<td width=\"59%\">Napi\u0119cie zasilania<\/td>\n<td width=\"41%\">100-415VAC<br \/>\n50-60Hz<br \/>\n1-3 fazy<\/td>\n<\/tr>\n<tr valign=\"top\">\n<td width=\"59%\">Maksymalny pr\u0105d ci\u0105g\u0142y hamulca<\/td>\n<td width=\"41%\">BD3.1-22.5A:<br \/>\n22.5A @ 25\u00b0C<br \/>\n22.5A @ 40\u00b0C przez 9 minut<br \/>\n19A @ 40\u00b0C<br \/>\nbez ogranicze\u0144 czasowych przy wentylacji 30m\u00b3\/hBD3.1-30A:<br \/>\n30A @ 25\u00b0C przez 8 minut<br \/>\n30A @ 40\u00b0C przez 4 minuty<br \/>\n25A @ 25\u00b0C przez 11 minut<br \/>\n25A @ 40\u00b0C przez 5 minut<br \/>\nbez ogranicze\u0144 czasowych przy wentylacji 30m\u00b3\/h<\/td>\n<\/tr>\n<tr valign=\"top\">\n<td width=\"59%\">Roz\u0142adowanie hamulca<\/td>\n<td width=\"41%\">Szybkie roz\u0142adowanie do kondensatora<\/td>\n<\/tr>\n<tr valign=\"top\">\n<td width=\"59%\">Typowy czas pe\u0142nego na\u0142adowania<br \/>\n(0 do pe\u0142nego momentu hamowania)<\/td>\n<td width=\"41%\">Poni\u017cej 0.2s<\/td>\n<\/tr>\n<tr valign=\"top\">\n<td width=\"59%\">Typowy czas pe\u0142nego roz\u0142adowania<br \/>\n(pe\u0142ny moment do 0)<\/td>\n<td width=\"41%\">Poni\u017cej 0.02s<\/td>\n<\/tr>\n<tr valign=\"top\">\n<td width=\"59%\">Cz\u0119stotliwo\u015b\u0107 prze\u0142\u0105czania<\/td>\n<td width=\"41%\">Adaptacyjna, do 4kHz<\/td>\n<\/tr>\n<tr valign=\"top\">\n<td width=\"59%\">Kontrola pr\u0105du hamulca<\/td>\n<td width=\"41%\">Pr\u0105d kontrolowany przez mikrokontroler w zamkni\u0119tej p\u0119tli<\/td>\n<\/tr>\n<tr valign=\"top\">\n<td width=\"59%\">Kontrola nastawy pr\u0105du<\/td>\n<td width=\"41%\">Programowalny zakres<\/p>\n<p>Galwanicznie izolowana magistrala CAN, CAN-BUS 2.0B, 500kBit<\/td>\n<\/tr>\n<tr valign=\"top\">\n<td width=\"59%\">Diagnostyka<\/td>\n<td width=\"41%\">Przez magistral\u0119 CAN:<br data-rich-text-line-break=\"true\" \/>Pr\u0105d hamulca<br data-rich-text-line-break=\"true\" \/>Temperatura ko\u0144c\u00f3wki mocy<br data-rich-text-line-break=\"true\" \/>Cz\u0119stotliwo\u015b\u0107 prze\u0142\u0105czania<\/p>\n<p>&nbsp;<\/p>\n<p>Mo\u017cliwa dodatkowa funkcjonalno\u015b\u0107 w przysz\u0142o\u015bci za pomoc\u0105 aktualizacji oprogramowania<\/td>\n<\/tr>\n<tr valign=\"top\">\n<td width=\"59%\">Temperatura otoczenia<\/td>\n<td width=\"41%\">\u221220\u00b0C &#8211; 50\u00b0C<\/td>\n<\/tr>\n<tr valign=\"top\">\n<td width=\"59%\">Zabezpieczenie termiczne<\/td>\n<td width=\"41%\">90\u00b0C<\/td>\n<\/tr>\n<tr valign=\"top\">\n<td width=\"59%\">Wilgotno\u015b\u0107 wzgl\u0119dna otoczenia<\/td>\n<td width=\"41%\">0%-95% bez kondensacji<\/td>\n<\/tr>\n<tr valign=\"top\">\n<td width=\"59%\">Wymiary<\/td>\n<td width=\"41%\">14cm x 18cm x 12cm<\/td>\n<\/tr>\n<tr valign=\"top\">\n<td width=\"59%\">Masa<\/td>\n<td width=\"41%\">1.7kg<\/td>\n<\/tr>\n<\/tbody>\n<\/table>\n<p>Wymiary kondensator\u00f3w:<\/p>\n<ul>\n<li>250uF: \u230085&#215;134,5mm 0.9kg<\/li>\n<li>600uF: \u2300116x130mm 1.7kg<\/li>\n<li>1200uF: \u2300116x230mm 3.0kg<\/li>\n<\/ul>\n<p>Kable kondensatora na zdj\u0119ciu pokazane s\u0105 w celach pogl\u0105dowych i nie znajduj\u0105 si\u0119 w zestawie.<\/p>\n<p><a href=\"https:\/\/perek.it\/help\/bd3-brake-power-supply-specification-and-manual\/\">Pe\u0142na specyfikacja i instrukcja<\/a><\/p>\n<p><a href=\"https:\/\/perek.it\/help\/bd-brake-power-supplies-comparison\/\">Por\u00f3wnanie interfejs\u00f3w hamulca serii BD<\/a><\/p>\n","protected":false},"excerpt":{"rendered":"<p>Interfejs hamulca jest urz\u0105dzeniem niezb\u0119dnym do sterowania hamulcem elektrowirowym.<\/p>\n<p>Spe\u0142nia nast\u0119puj\u0105ce zadania:<\/p>\n<ul>\n<li>Przetwarza pr\u0105d zmienny z instalacji elektrycznej na pr\u0105d sta\u0142y do zasilania uzwoje\u0144 hamulca<\/li>\n<li>Reguluje pr\u0105d hamulca do warto\u015bci zadanej na wej\u015bciu.<\/li>\n<\/ul>\n<p><b>Specyfikacja<\/b><\/p>\n<ul>\n<li>Zasilanie: 100-415VAC, 50-60Hz, 1-3 fazy<\/li>\n<li>Pr\u0105d nominalny hamulca do 22.5A, do 30A<\/li>\n<li>Szybka kontrola momentu poprzez mikroprocesorowe sterowanie pr\u0105dem hamulca w zamkni\u0119tej p\u0119tli oraz uk\u0142ad szybkiego roz\u0142adowania<\/li>\n<li>Zabezpieczenie termiczne<\/li>\n<li>Izolowane wej\u015bcia<\/li>\n<li>Odzysk energii z hamulca do kondensatora<\/li>\n<\/ul>\n","protected":false},"featured_media":5294,"template":"","meta":{"site-sidebar-layout":"default","site-content-layout":"","ast-site-content-layout":"default","site-content-style":"default","site-sidebar-style":"default","ast-global-header-display":"","ast-banner-title-visibility":"","ast-main-header-display":"","ast-hfb-above-header-display":"","ast-hfb-below-header-display":"","ast-hfb-mobile-header-display":"","site-post-title":"","ast-breadcrumbs-content":"","ast-featured-img":"","footer-sml-layout":"","ast-disable-related-posts":"","theme-transparent-header-meta":"default","adv-header-id-meta":"","stick-header-meta":"","header-above-stick-meta":"","header-main-stick-meta":"","header-below-stick-meta":"","astra-migrate-meta-layouts":"set","ast-page-background-enabled":"default","ast-page-background-meta":{"desktop":{"background-color":"var(--ast-global-color-4)","background-image":"","background-repeat":"repeat","background-position":"center center","background-size":"auto","background-attachment":"scroll","background-type":"","background-media":"","overlay-type":"","overlay-color":"","overlay-opacity":"","overlay-gradient":""},"tablet":{"background-color":"","background-image":"","background-repeat":"repeat","background-position":"center center","background-size":"auto","background-attachment":"scroll","background-type":"","background-media":"","overlay-type":"","overlay-color":"","overlay-opacity":"","overlay-gradient":""},"mobile":{"background-color":"","background-image":"","background-repeat":"repeat","background-position":"center center","background-size":"auto","background-attachment":"scroll","background-type":"","background-media":"","overlay-type":"","overlay-color":"","overlay-opacity":"","overlay-gradient":""}},"ast-content-background-meta":{"desktop":{"background-color":"var(--ast-global-color-5)","background-image":"","background-repeat":"repeat","background-position":"center center","background-size":"auto","background-attachment":"scroll","background-type":"","background-media":"","overlay-type":"","overlay-color":"","overlay-opacity":"","overlay-gradient":""},"tablet":{"background-color":"var(--ast-global-color-5)","background-image":"","background-repeat":"repeat","background-position":"center center","background-size":"auto","background-attachment":"scroll","background-type":"","background-media":"","overlay-type":"","overlay-color":"","overlay-opacity":"","overlay-gradient":""},"mobile":{"background-color":"var(--ast-global-color-5)","background-image":"","background-repeat":"repeat","background-position":"center center","background-size":"auto","background-attachment":"scroll","background-type":"","background-media":"","overlay-type":"","overlay-color":"","overlay-opacity":"","overlay-gradient":""}}},"product_brand":[],"product_cat":[28],"product_tag":[],"class_list":{"0":"post-1115","1":"product","2":"type-product","3":"status-publish","4":"has-post-thumbnail","6":"product_cat-perek","7":"desktop-align-center","8":"tablet-align-left","9":"mobile-align-left","11":"first","12":"instock","13":"featured","14":"taxable","15":"shipping-taxable","16":"purchasable","17":"product-type-variable","18":"has-default-attributes"},"yoast_head":"<!-- This site is optimized with the Yoast SEO plugin v27.5 - https:\/\/yoast.com\/product\/yoast-seo-wordpress\/ -->\n<title>Szybki interfejs hamulca elektro-wirowego BD3.1 - PEREK<\/title>\n<meta name=\"description\" content=\"Szybki interfejs umo\u017cliwiaj\u0105cy pod\u0142\u0105czenie do hamowni hamulca elektrowirowego.\" \/>\n<meta name=\"robots\" content=\"index, follow, max-snippet:-1, max-image-preview:large, max-video-preview:-1\" \/>\n<link rel=\"canonical\" href=\"https:\/\/perek.it\/pl\/produkt\/szybki-interfejs-hamulca-elektrowirowego-bd3\/\" \/>\n<meta property=\"og:locale\" content=\"pl_PL\" \/>\n<meta property=\"og:type\" content=\"article\" \/>\n<meta property=\"og:title\" content=\"Szybki interfejs hamulca elektro-wirowego BD3.1 - PEREK\" \/>\n<meta property=\"og:description\" content=\"Szybki interfejs umo\u017cliwiaj\u0105cy pod\u0142\u0105czenie do hamowni hamulca elektrowirowego.\" \/>\n<meta property=\"og:url\" content=\"https:\/\/perek.it\/pl\/produkt\/szybki-interfejs-hamulca-elektrowirowego-bd3\/\" \/>\n<meta property=\"og:site_name\" content=\"PEREK\" \/>\n<meta property=\"article:modified_time\" content=\"2026-04-07T19:40:37+00:00\" \/>\n<meta property=\"og:image\" content=\"https:\/\/perek.it\/wp-content\/uploads\/2026\/02\/BD3.1-fast-eddy-brake-power-supply-1.png\" \/>\n\t<meta property=\"og:image:width\" content=\"1046\" \/>\n\t<meta property=\"og:image:height\" content=\"1280\" \/>\n\t<meta property=\"og:image:type\" content=\"image\/png\" \/>\n<meta name=\"twitter:card\" content=\"summary_large_image\" \/>\n<meta name=\"twitter:label1\" content=\"Szacowany czas czytania\" \/>\n\t<meta name=\"twitter:data1\" content=\"2 minuty\" \/>\n<script type=\"application\/ld+json\" class=\"yoast-schema-graph\">{\"@context\":\"https:\\\/\\\/schema.org\",\"@graph\":[{\"@type\":\"WebPage\",\"@id\":\"https:\\\/\\\/perek.it\\\/pl\\\/produkt\\\/szybki-interfejs-hamulca-elektrowirowego-bd3\\\/\",\"url\":\"https:\\\/\\\/perek.it\\\/pl\\\/produkt\\\/szybki-interfejs-hamulca-elektrowirowego-bd3\\\/\",\"name\":\"Szybki interfejs hamulca elektro-wirowego BD3.1 - PEREK\",\"isPartOf\":{\"@id\":\"https:\\\/\\\/perek.it\\\/pl\\\/#website\"},\"primaryImageOfPage\":{\"@id\":\"https:\\\/\\\/perek.it\\\/pl\\\/produkt\\\/szybki-interfejs-hamulca-elektrowirowego-bd3\\\/#primaryimage\"},\"image\":{\"@id\":\"https:\\\/\\\/perek.it\\\/pl\\\/produkt\\\/szybki-interfejs-hamulca-elektrowirowego-bd3\\\/#primaryimage\"},\"thumbnailUrl\":\"https:\\\/\\\/perek.it\\\/wp-content\\\/uploads\\\/2026\\\/02\\\/BD3.1-fast-eddy-brake-power-supply-1.png\",\"datePublished\":\"2021-06-06T06:44:10+00:00\",\"dateModified\":\"2026-04-07T19:40:37+00:00\",\"description\":\"Szybki interfejs umo\u017cliwiaj\u0105cy pod\u0142\u0105czenie do hamowni hamulca elektrowirowego.\",\"breadcrumb\":{\"@id\":\"https:\\\/\\\/perek.it\\\/pl\\\/produkt\\\/szybki-interfejs-hamulca-elektrowirowego-bd3\\\/#breadcrumb\"},\"inLanguage\":\"pl-PL\",\"potentialAction\":[{\"@type\":\"ReadAction\",\"target\":[\"https:\\\/\\\/perek.it\\\/pl\\\/produkt\\\/szybki-interfejs-hamulca-elektrowirowego-bd3\\\/\"]}]},{\"@type\":\"ImageObject\",\"inLanguage\":\"pl-PL\",\"@id\":\"https:\\\/\\\/perek.it\\\/pl\\\/produkt\\\/szybki-interfejs-hamulca-elektrowirowego-bd3\\\/#primaryimage\",\"url\":\"https:\\\/\\\/perek.it\\\/wp-content\\\/uploads\\\/2026\\\/02\\\/BD3.1-fast-eddy-brake-power-supply-1.png\",\"contentUrl\":\"https:\\\/\\\/perek.it\\\/wp-content\\\/uploads\\\/2026\\\/02\\\/BD3.1-fast-eddy-brake-power-supply-1.png\",\"width\":1046,\"height\":1280},{\"@type\":\"BreadcrumbList\",\"@id\":\"https:\\\/\\\/perek.it\\\/pl\\\/produkt\\\/szybki-interfejs-hamulca-elektrowirowego-bd3\\\/#breadcrumb\",\"itemListElement\":[{\"@type\":\"ListItem\",\"position\":1,\"name\":\"Home\",\"item\":\"https:\\\/\\\/perek.it\\\/pl\\\/\"},{\"@type\":\"ListItem\",\"position\":2,\"name\":\"Sklep\",\"item\":\"https:\\\/\\\/perek.it\\\/pl\\\/sklep\\\/\"},{\"@type\":\"ListItem\",\"position\":3,\"name\":\"Szybki interfejs hamulca elektro-wirowego BD3.1\"}]},{\"@type\":\"WebSite\",\"@id\":\"https:\\\/\\\/perek.it\\\/pl\\\/#website\",\"url\":\"https:\\\/\\\/perek.it\\\/pl\\\/\",\"name\":\"PEREK\",\"description\":\"Sterowniki hamowni i akcesoria\",\"publisher\":{\"@id\":\"https:\\\/\\\/perek.it\\\/pl\\\/#organization\"},\"potentialAction\":[{\"@type\":\"SearchAction\",\"target\":{\"@type\":\"EntryPoint\",\"urlTemplate\":\"https:\\\/\\\/perek.it\\\/pl\\\/?s={search_term_string}\"},\"query-input\":{\"@type\":\"PropertyValueSpecification\",\"valueRequired\":true,\"valueName\":\"search_term_string\"}}],\"inLanguage\":\"pl-PL\"},{\"@type\":\"Organization\",\"@id\":\"https:\\\/\\\/perek.it\\\/pl\\\/#organization\",\"name\":\"PEREK\",\"url\":\"https:\\\/\\\/perek.it\\\/pl\\\/\",\"logo\":{\"@type\":\"ImageObject\",\"inLanguage\":\"pl-PL\",\"@id\":\"https:\\\/\\\/perek.it\\\/pl\\\/#\\\/schema\\\/logo\\\/image\\\/\",\"url\":\"https:\\\/\\\/perek.it\\\/wp-content\\\/uploads\\\/2021\\\/07\\\/perek-logo-white.png\",\"contentUrl\":\"https:\\\/\\\/perek.it\\\/wp-content\\\/uploads\\\/2021\\\/07\\\/perek-logo-white.png\",\"width\":962,\"height\":207,\"caption\":\"PEREK\"},\"image\":{\"@id\":\"https:\\\/\\\/perek.it\\\/pl\\\/#\\\/schema\\\/logo\\\/image\\\/\"}}]}<\/script>\n<!-- \/ Yoast SEO plugin. -->","yoast_head_json":{"title":"Szybki interfejs hamulca elektro-wirowego BD3.1 - PEREK","description":"Szybki interfejs umo\u017cliwiaj\u0105cy pod\u0142\u0105czenie do hamowni hamulca elektrowirowego.","robots":{"index":"index","follow":"follow","max-snippet":"max-snippet:-1","max-image-preview":"max-image-preview:large","max-video-preview":"max-video-preview:-1"},"canonical":"https:\/\/perek.it\/pl\/produkt\/szybki-interfejs-hamulca-elektrowirowego-bd3\/","og_locale":"pl_PL","og_type":"article","og_title":"Szybki interfejs hamulca elektro-wirowego BD3.1 - PEREK","og_description":"Szybki interfejs umo\u017cliwiaj\u0105cy pod\u0142\u0105czenie do hamowni hamulca elektrowirowego.","og_url":"https:\/\/perek.it\/pl\/produkt\/szybki-interfejs-hamulca-elektrowirowego-bd3\/","og_site_name":"PEREK","article_modified_time":"2026-04-07T19:40:37+00:00","og_image":[{"width":1046,"height":1280,"url":"https:\/\/perek.it\/wp-content\/uploads\/2026\/02\/BD3.1-fast-eddy-brake-power-supply-1.png","type":"image\/png"}],"twitter_card":"summary_large_image","twitter_misc":{"Szacowany czas czytania":"2 minuty"},"schema":{"@context":"https:\/\/schema.org","@graph":[{"@type":"WebPage","@id":"https:\/\/perek.it\/pl\/produkt\/szybki-interfejs-hamulca-elektrowirowego-bd3\/","url":"https:\/\/perek.it\/pl\/produkt\/szybki-interfejs-hamulca-elektrowirowego-bd3\/","name":"Szybki interfejs hamulca elektro-wirowego BD3.1 - PEREK","isPartOf":{"@id":"https:\/\/perek.it\/pl\/#website"},"primaryImageOfPage":{"@id":"https:\/\/perek.it\/pl\/produkt\/szybki-interfejs-hamulca-elektrowirowego-bd3\/#primaryimage"},"image":{"@id":"https:\/\/perek.it\/pl\/produkt\/szybki-interfejs-hamulca-elektrowirowego-bd3\/#primaryimage"},"thumbnailUrl":"https:\/\/perek.it\/wp-content\/uploads\/2026\/02\/BD3.1-fast-eddy-brake-power-supply-1.png","datePublished":"2021-06-06T06:44:10+00:00","dateModified":"2026-04-07T19:40:37+00:00","description":"Szybki interfejs umo\u017cliwiaj\u0105cy pod\u0142\u0105czenie do hamowni hamulca elektrowirowego.","breadcrumb":{"@id":"https:\/\/perek.it\/pl\/produkt\/szybki-interfejs-hamulca-elektrowirowego-bd3\/#breadcrumb"},"inLanguage":"pl-PL","potentialAction":[{"@type":"ReadAction","target":["https:\/\/perek.it\/pl\/produkt\/szybki-interfejs-hamulca-elektrowirowego-bd3\/"]}]},{"@type":"ImageObject","inLanguage":"pl-PL","@id":"https:\/\/perek.it\/pl\/produkt\/szybki-interfejs-hamulca-elektrowirowego-bd3\/#primaryimage","url":"https:\/\/perek.it\/wp-content\/uploads\/2026\/02\/BD3.1-fast-eddy-brake-power-supply-1.png","contentUrl":"https:\/\/perek.it\/wp-content\/uploads\/2026\/02\/BD3.1-fast-eddy-brake-power-supply-1.png","width":1046,"height":1280},{"@type":"BreadcrumbList","@id":"https:\/\/perek.it\/pl\/produkt\/szybki-interfejs-hamulca-elektrowirowego-bd3\/#breadcrumb","itemListElement":[{"@type":"ListItem","position":1,"name":"Home","item":"https:\/\/perek.it\/pl\/"},{"@type":"ListItem","position":2,"name":"Sklep","item":"https:\/\/perek.it\/pl\/sklep\/"},{"@type":"ListItem","position":3,"name":"Szybki interfejs hamulca elektro-wirowego BD3.1"}]},{"@type":"WebSite","@id":"https:\/\/perek.it\/pl\/#website","url":"https:\/\/perek.it\/pl\/","name":"PEREK","description":"Sterowniki hamowni i akcesoria","publisher":{"@id":"https:\/\/perek.it\/pl\/#organization"},"potentialAction":[{"@type":"SearchAction","target":{"@type":"EntryPoint","urlTemplate":"https:\/\/perek.it\/pl\/?s={search_term_string}"},"query-input":{"@type":"PropertyValueSpecification","valueRequired":true,"valueName":"search_term_string"}}],"inLanguage":"pl-PL"},{"@type":"Organization","@id":"https:\/\/perek.it\/pl\/#organization","name":"PEREK","url":"https:\/\/perek.it\/pl\/","logo":{"@type":"ImageObject","inLanguage":"pl-PL","@id":"https:\/\/perek.it\/pl\/#\/schema\/logo\/image\/","url":"https:\/\/perek.it\/wp-content\/uploads\/2021\/07\/perek-logo-white.png","contentUrl":"https:\/\/perek.it\/wp-content\/uploads\/2021\/07\/perek-logo-white.png","width":962,"height":207,"caption":"PEREK"},"image":{"@id":"https:\/\/perek.it\/pl\/#\/schema\/logo\/image\/"}}]}},"_links":{"self":[{"href":"https:\/\/perek.it\/pl\/wp-json\/wp\/v2\/product\/1115","targetHints":{"allow":["GET"]}}],"collection":[{"href":"https:\/\/perek.it\/pl\/wp-json\/wp\/v2\/product"}],"about":[{"href":"https:\/\/perek.it\/pl\/wp-json\/wp\/v2\/types\/product"}],"wp:featuredmedia":[{"embeddable":true,"href":"https:\/\/perek.it\/pl\/wp-json\/wp\/v2\/media\/5294"}],"wp:attachment":[{"href":"https:\/\/perek.it\/pl\/wp-json\/wp\/v2\/media?parent=1115"}],"wp:term":[{"taxonomy":"product_brand","embeddable":true,"href":"https:\/\/perek.it\/pl\/wp-json\/wp\/v2\/product_brand?post=1115"},{"taxonomy":"product_cat","embeddable":true,"href":"https:\/\/perek.it\/pl\/wp-json\/wp\/v2\/product_cat?post=1115"},{"taxonomy":"product_tag","embeddable":true,"href":"https:\/\/perek.it\/pl\/wp-json\/wp\/v2\/product_tag?post=1115"}],"curies":[{"name":"wp","href":"https:\/\/api.w.org\/{rel}","templated":true}]}}