{"id":1848,"date":"2022-03-31T19:38:38","date_gmt":"2022-03-31T18:38:38","guid":{"rendered":"https:\/\/perek.it\/?post_type=product&#038;p=1848"},"modified":"2024-06-09T15:07:13","modified_gmt":"2024-06-09T14:07:13","slug":"kabel-zasilajacy-c13","status":"publish","type":"product","link":"https:\/\/perek.it\/pl\/produkt\/kabel-zasilajacy-c13\/","title":{"rendered":"Kabel zasilaj\u0105cy C13 &#8211; CEE 7 \/ 7"},"content":{"rendered":"<p>Kabel zasilaj\u0105cy do u\u017cycia ze sterownikami serii DC &#8211; wersja europejska.<\/p>\n<ul>\n<li>Wtyk 1: C13<\/li>\n<li>Wtyk 2: CEE 7\/7 &#8211; do gniazdek w wi\u0119kszo\u015bci Europy<\/li>\n<li>D\u0142ugo\u015b\u0107 1.5m<\/li>\n<\/ul>\n","protected":false},"excerpt":{"rendered":"<p>Kabel zasilaj\u0105cy C13 &#8211; CEE 7\/7.<\/p>\n","protected":false},"featured_media":1862,"template":"","meta":{"site-sidebar-layout":"default","site-content-layout":"","ast-site-content-layout":"default","site-content-style":"default","site-sidebar-style":"default","ast-global-header-display":"","ast-banner-title-visibility":"","ast-main-header-display":"","ast-hfb-above-header-display":"","ast-hfb-below-header-display":"","ast-hfb-mobile-header-display":"","site-post-title":"","ast-breadcrumbs-content":"","ast-featured-img":"","footer-sml-layout":"","ast-disable-related-posts":"","theme-transparent-header-meta":"default","adv-header-id-meta":"","stick-header-meta":"","header-above-stick-meta":"","header-main-stick-meta":"","header-below-stick-meta":"","astra-migrate-meta-layouts":"default","ast-page-background-enabled":"default","ast-page-background-meta":{"desktop":{"background-color":"var(--ast-global-color-4)","background-image":"","background-repeat":"repeat","background-position":"center center","background-size":"auto","background-attachment":"scroll","background-type":"","background-media":"","overlay-type":"","overlay-color":"","overlay-opacity":"","overlay-gradient":""},"tablet":{"background-color":"","background-image":"","background-repeat":"repeat","background-position":"center center","background-size":"auto","background-attachment":"scroll","background-type":"","background-media":"","overlay-type":"","overlay-color":"","overlay-opacity":"","overlay-gradient":""},"mobile":{"background-color":"","background-image":"","background-repeat":"repeat","background-position":"center center","background-size":"auto","background-attachment":"scroll","background-type":"","background-media":"","overlay-type":"","overlay-color":"","overlay-opacity":"","overlay-gradient":""}},"ast-content-background-meta":{"desktop":{"background-color":"var(--ast-global-color-5)","background-image":"","background-repeat":"repeat","background-position":"center center","background-size":"auto","background-attachment":"scroll","background-type":"","background-media":"","overlay-type":"","overlay-color":"","overlay-opacity":"","overlay-gradient":""},"tablet":{"background-color":"var(--ast-global-color-5)","background-image":"","background-repeat":"repeat","background-position":"center center","background-size":"auto","background-attachment":"scroll","background-type":"","background-media":"","overlay-type":"","overlay-color":"","overlay-opacity":"","overlay-gradient":""},"mobile":{"background-color":"var(--ast-global-color-5)","background-image":"","background-repeat":"repeat","background-position":"center center","background-size":"auto","background-attachment":"scroll","background-type":"","background-media":"","overlay-type":"","overlay-color":"","overlay-opacity":"","overlay-gradient":""}}},"product_brand":[],"product_cat":[38],"product_tag":[],"class_list":{"0":"post-1848","1":"product","2":"type-product","3":"status-publish","4":"has-post-thumbnail","6":"product_cat-akcesoria","7":"desktop-align-center","8":"tablet-align-left","9":"mobile-align-left","11":"first","12":"instock","13":"taxable","14":"shipping-taxable","15":"purchasable","16":"product-type-simple"},"yoast_head":"<!-- This site is optimized with the Yoast SEO plugin v27.5 - https:\/\/yoast.com\/product\/yoast-seo-wordpress\/ -->\n<title>Kabel zasilaj\u0105cy C13 - CEE 7 \/ 7 - PEREK<\/title>\n<meta name=\"description\" content=\"Kabel zasilaj\u0105cy C13 do sterownik\u00f3w hamowni serii DC\" \/>\n<meta name=\"robots\" content=\"index, follow, max-snippet:-1, max-image-preview:large, max-video-preview:-1\" \/>\n<link rel=\"canonical\" href=\"https:\/\/perek.it\/pl\/produkt\/kabel-zasilajacy-c13\/\" \/>\n<meta property=\"og:locale\" content=\"pl_PL\" \/>\n<meta property=\"og:type\" content=\"article\" \/>\n<meta property=\"og:title\" content=\"Kabel zasilaj\u0105cy C13 - CEE 7 \/ 7 - PEREK\" \/>\n<meta property=\"og:description\" content=\"Kabel zasilaj\u0105cy C13 do sterownik\u00f3w hamowni serii DC\" \/>\n<meta property=\"og:url\" content=\"https:\/\/perek.it\/pl\/produkt\/kabel-zasilajacy-c13\/\" \/>\n<meta property=\"og:site_name\" content=\"PEREK\" \/>\n<meta property=\"article:modified_time\" content=\"2024-06-09T14:07:13+00:00\" \/>\n<meta property=\"og:image\" content=\"https:\/\/perek.it\/wp-content\/uploads\/2022\/03\/C13-cable.jpeg\" \/>\n\t<meta property=\"og:image:width\" content=\"820\" \/>\n\t<meta property=\"og:image:height\" content=\"524\" \/>\n\t<meta property=\"og:image:type\" content=\"image\/jpeg\" \/>\n<meta name=\"twitter:card\" content=\"summary_large_image\" \/>\n<meta name=\"twitter:label1\" content=\"Szacowany czas czytania\" \/>\n\t<meta name=\"twitter:data1\" content=\"1 minuta\" \/>\n<script type=\"application\/ld+json\" class=\"yoast-schema-graph\">{\"@context\":\"https:\\\/\\\/schema.org\",\"@graph\":[{\"@type\":\"WebPage\",\"@id\":\"https:\\\/\\\/perek.it\\\/pl\\\/produkt\\\/kabel-zasilajacy-c13\\\/\",\"url\":\"https:\\\/\\\/perek.it\\\/pl\\\/produkt\\\/kabel-zasilajacy-c13\\\/\",\"name\":\"Kabel zasilaj\u0105cy C13 - CEE 7 \\\/ 7 - PEREK\",\"isPartOf\":{\"@id\":\"https:\\\/\\\/perek.it\\\/pl\\\/#website\"},\"primaryImageOfPage\":{\"@id\":\"https:\\\/\\\/perek.it\\\/pl\\\/produkt\\\/kabel-zasilajacy-c13\\\/#primaryimage\"},\"image\":{\"@id\":\"https:\\\/\\\/perek.it\\\/pl\\\/produkt\\\/kabel-zasilajacy-c13\\\/#primaryimage\"},\"thumbnailUrl\":\"https:\\\/\\\/perek.it\\\/wp-content\\\/uploads\\\/2022\\\/03\\\/C13-cable.jpeg\",\"datePublished\":\"2022-03-31T18:38:38+00:00\",\"dateModified\":\"2024-06-09T14:07:13+00:00\",\"description\":\"Kabel zasilaj\u0105cy C13 do sterownik\u00f3w hamowni serii DC\",\"breadcrumb\":{\"@id\":\"https:\\\/\\\/perek.it\\\/pl\\\/produkt\\\/kabel-zasilajacy-c13\\\/#breadcrumb\"},\"inLanguage\":\"pl-PL\",\"potentialAction\":[{\"@type\":\"ReadAction\",\"target\":[\"https:\\\/\\\/perek.it\\\/pl\\\/produkt\\\/kabel-zasilajacy-c13\\\/\"]}]},{\"@type\":\"ImageObject\",\"inLanguage\":\"pl-PL\",\"@id\":\"https:\\\/\\\/perek.it\\\/pl\\\/produkt\\\/kabel-zasilajacy-c13\\\/#primaryimage\",\"url\":\"https:\\\/\\\/perek.it\\\/wp-content\\\/uploads\\\/2022\\\/03\\\/C13-cable.jpeg\",\"contentUrl\":\"https:\\\/\\\/perek.it\\\/wp-content\\\/uploads\\\/2022\\\/03\\\/C13-cable.jpeg\",\"width\":820,\"height\":524},{\"@type\":\"BreadcrumbList\",\"@id\":\"https:\\\/\\\/perek.it\\\/pl\\\/produkt\\\/kabel-zasilajacy-c13\\\/#breadcrumb\",\"itemListElement\":[{\"@type\":\"ListItem\",\"position\":1,\"name\":\"Home\",\"item\":\"https:\\\/\\\/perek.it\\\/pl\\\/\"},{\"@type\":\"ListItem\",\"position\":2,\"name\":\"Sklep\",\"item\":\"https:\\\/\\\/perek.it\\\/pl\\\/sklep\\\/\"},{\"@type\":\"ListItem\",\"position\":3,\"name\":\"Kabel zasilaj\u0105cy C13 &#8211; CEE 7 \\\/ 7\"}]},{\"@type\":\"WebSite\",\"@id\":\"https:\\\/\\\/perek.it\\\/pl\\\/#website\",\"url\":\"https:\\\/\\\/perek.it\\\/pl\\\/\",\"name\":\"PEREK\",\"description\":\"Sterowniki hamowni i akcesoria\",\"publisher\":{\"@id\":\"https:\\\/\\\/perek.it\\\/pl\\\/#organization\"},\"potentialAction\":[{\"@type\":\"SearchAction\",\"target\":{\"@type\":\"EntryPoint\",\"urlTemplate\":\"https:\\\/\\\/perek.it\\\/pl\\\/?s={search_term_string}\"},\"query-input\":{\"@type\":\"PropertyValueSpecification\",\"valueRequired\":true,\"valueName\":\"search_term_string\"}}],\"inLanguage\":\"pl-PL\"},{\"@type\":\"Organization\",\"@id\":\"https:\\\/\\\/perek.it\\\/pl\\\/#organization\",\"name\":\"PEREK\",\"url\":\"https:\\\/\\\/perek.it\\\/pl\\\/\",\"logo\":{\"@type\":\"ImageObject\",\"inLanguage\":\"pl-PL\",\"@id\":\"https:\\\/\\\/perek.it\\\/pl\\\/#\\\/schema\\\/logo\\\/image\\\/\",\"url\":\"https:\\\/\\\/perek.it\\\/wp-content\\\/uploads\\\/2021\\\/07\\\/perek-logo-white.png\",\"contentUrl\":\"https:\\\/\\\/perek.it\\\/wp-content\\\/uploads\\\/2021\\\/07\\\/perek-logo-white.png\",\"width\":962,\"height\":207,\"caption\":\"PEREK\"},\"image\":{\"@id\":\"https:\\\/\\\/perek.it\\\/pl\\\/#\\\/schema\\\/logo\\\/image\\\/\"}}]}<\/script>\n<!-- \/ Yoast SEO plugin. -->","yoast_head_json":{"title":"Kabel zasilaj\u0105cy C13 - CEE 7 \/ 7 - PEREK","description":"Kabel zasilaj\u0105cy C13 do sterownik\u00f3w hamowni serii DC","robots":{"index":"index","follow":"follow","max-snippet":"max-snippet:-1","max-image-preview":"max-image-preview:large","max-video-preview":"max-video-preview:-1"},"canonical":"https:\/\/perek.it\/pl\/produkt\/kabel-zasilajacy-c13\/","og_locale":"pl_PL","og_type":"article","og_title":"Kabel zasilaj\u0105cy C13 - CEE 7 \/ 7 - PEREK","og_description":"Kabel zasilaj\u0105cy C13 do sterownik\u00f3w hamowni serii DC","og_url":"https:\/\/perek.it\/pl\/produkt\/kabel-zasilajacy-c13\/","og_site_name":"PEREK","article_modified_time":"2024-06-09T14:07:13+00:00","og_image":[{"width":820,"height":524,"url":"https:\/\/perek.it\/wp-content\/uploads\/2022\/03\/C13-cable.jpeg","type":"image\/jpeg"}],"twitter_card":"summary_large_image","twitter_misc":{"Szacowany czas czytania":"1 minuta"},"schema":{"@context":"https:\/\/schema.org","@graph":[{"@type":"WebPage","@id":"https:\/\/perek.it\/pl\/produkt\/kabel-zasilajacy-c13\/","url":"https:\/\/perek.it\/pl\/produkt\/kabel-zasilajacy-c13\/","name":"Kabel zasilaj\u0105cy C13 - CEE 7 \/ 7 - PEREK","isPartOf":{"@id":"https:\/\/perek.it\/pl\/#website"},"primaryImageOfPage":{"@id":"https:\/\/perek.it\/pl\/produkt\/kabel-zasilajacy-c13\/#primaryimage"},"image":{"@id":"https:\/\/perek.it\/pl\/produkt\/kabel-zasilajacy-c13\/#primaryimage"},"thumbnailUrl":"https:\/\/perek.it\/wp-content\/uploads\/2022\/03\/C13-cable.jpeg","datePublished":"2022-03-31T18:38:38+00:00","dateModified":"2024-06-09T14:07:13+00:00","description":"Kabel zasilaj\u0105cy C13 do sterownik\u00f3w hamowni serii DC","breadcrumb":{"@id":"https:\/\/perek.it\/pl\/produkt\/kabel-zasilajacy-c13\/#breadcrumb"},"inLanguage":"pl-PL","potentialAction":[{"@type":"ReadAction","target":["https:\/\/perek.it\/pl\/produkt\/kabel-zasilajacy-c13\/"]}]},{"@type":"ImageObject","inLanguage":"pl-PL","@id":"https:\/\/perek.it\/pl\/produkt\/kabel-zasilajacy-c13\/#primaryimage","url":"https:\/\/perek.it\/wp-content\/uploads\/2022\/03\/C13-cable.jpeg","contentUrl":"https:\/\/perek.it\/wp-content\/uploads\/2022\/03\/C13-cable.jpeg","width":820,"height":524},{"@type":"BreadcrumbList","@id":"https:\/\/perek.it\/pl\/produkt\/kabel-zasilajacy-c13\/#breadcrumb","itemListElement":[{"@type":"ListItem","position":1,"name":"Home","item":"https:\/\/perek.it\/pl\/"},{"@type":"ListItem","position":2,"name":"Sklep","item":"https:\/\/perek.it\/pl\/sklep\/"},{"@type":"ListItem","position":3,"name":"Kabel zasilaj\u0105cy C13 &#8211; CEE 7 \/ 7"}]},{"@type":"WebSite","@id":"https:\/\/perek.it\/pl\/#website","url":"https:\/\/perek.it\/pl\/","name":"PEREK","description":"Sterowniki hamowni i akcesoria","publisher":{"@id":"https:\/\/perek.it\/pl\/#organization"},"potentialAction":[{"@type":"SearchAction","target":{"@type":"EntryPoint","urlTemplate":"https:\/\/perek.it\/pl\/?s={search_term_string}"},"query-input":{"@type":"PropertyValueSpecification","valueRequired":true,"valueName":"search_term_string"}}],"inLanguage":"pl-PL"},{"@type":"Organization","@id":"https:\/\/perek.it\/pl\/#organization","name":"PEREK","url":"https:\/\/perek.it\/pl\/","logo":{"@type":"ImageObject","inLanguage":"pl-PL","@id":"https:\/\/perek.it\/pl\/#\/schema\/logo\/image\/","url":"https:\/\/perek.it\/wp-content\/uploads\/2021\/07\/perek-logo-white.png","contentUrl":"https:\/\/perek.it\/wp-content\/uploads\/2021\/07\/perek-logo-white.png","width":962,"height":207,"caption":"PEREK"},"image":{"@id":"https:\/\/perek.it\/pl\/#\/schema\/logo\/image\/"}}]}},"_links":{"self":[{"href":"https:\/\/perek.it\/pl\/wp-json\/wp\/v2\/product\/1848","targetHints":{"allow":["GET"]}}],"collection":[{"href":"https:\/\/perek.it\/pl\/wp-json\/wp\/v2\/product"}],"about":[{"href":"https:\/\/perek.it\/pl\/wp-json\/wp\/v2\/types\/product"}],"wp:featuredmedia":[{"embeddable":true,"href":"https:\/\/perek.it\/pl\/wp-json\/wp\/v2\/media\/1862"}],"wp:attachment":[{"href":"https:\/\/perek.it\/pl\/wp-json\/wp\/v2\/media?parent=1848"}],"wp:term":[{"taxonomy":"product_brand","embeddable":true,"href":"https:\/\/perek.it\/pl\/wp-json\/wp\/v2\/product_brand?post=1848"},{"taxonomy":"product_cat","embeddable":true,"href":"https:\/\/perek.it\/pl\/wp-json\/wp\/v2\/product_cat?post=1848"},{"taxonomy":"product_tag","embeddable":true,"href":"https:\/\/perek.it\/pl\/wp-json\/wp\/v2\/product_tag?post=1848"}],"curies":[{"name":"wp","href":"https:\/\/api.w.org\/{rel}","templated":true}]}}