{"id":2051,"date":"2022-06-13T18:11:42","date_gmt":"2022-06-13T17:11:42","guid":{"rendered":"https:\/\/perek.it\/product\/zestaw-czujnika-spalania-stukowego\/"},"modified":"2025-10-10T19:58:38","modified_gmt":"2025-10-10T18:58:38","slug":"zestaw-czujnika-spalania-stukowego","status":"publish","type":"product","link":"https:\/\/perek.it\/pl\/produkt\/zestaw-czujnika-spalania-stukowego\/","title":{"rendered":"Zestaw czujnika spalania stukowego"},"content":{"rendered":"<p>Zestaw czujnika spalania stukowego zawiera wszystkie elementy niezb\u0119dne, aby wyposa\u017cy\u0107 sterowniki hamowni serii DC w mo\u017cliwo\u015b\u0107 wykrywania spalania stukowego.<\/p>\n<div style=\"width: 1920px;\" class=\"wp-video\"><video class=\"wp-video-shortcode\" id=\"video-2051-1\" width=\"1920\" height=\"1080\" preload=\"metadata\" controls=\"controls\"><source type=\"video\/mp4\" src=\"https:\/\/perek.it\/wp-content\/uploads\/2022\/06\/ignition-angle-tuning-coment.mp4?_=1\" \/><a href=\"https:\/\/perek.it\/wp-content\/uploads\/2022\/06\/ignition-angle-tuning-coment.mp4\">https:\/\/perek.it\/wp-content\/uploads\/2022\/06\/ignition-angle-tuning-coment.mp4<\/a><\/video><\/div>\n<div style=\"width: 1920px;\" class=\"wp-video\"><video class=\"wp-video-shortcode\" id=\"video-2051-2\" width=\"1920\" height=\"1080\" preload=\"metadata\" controls=\"controls\"><source type=\"video\/mp4\" src=\"https:\/\/perek.it\/wp-content\/uploads\/2022\/06\/knock-frequency-detection.mp4?_=2\" \/><a href=\"https:\/\/perek.it\/wp-content\/uploads\/2022\/06\/knock-frequency-detection.mp4\">https:\/\/perek.it\/wp-content\/uploads\/2022\/06\/knock-frequency-detection.mp4<\/a><\/video><\/div>\n<ul>\n<li>Szerokopasmowy czujnik spalania stukowego Bosch\n<ul>\n<li>Zakres cz\u0119stotliwo\u015bci: 3 &#8211; 25kHz<\/li>\n<li>Temperatura pracy: -40 do 150\u00b0C<\/li>\n<li>Otw\u00f3r monta\u017cowy: 8.3mm na \u015brub\u0119 M8x25<\/li>\n<\/ul>\n<\/li>\n<li>Karta d\u017awi\u0119kowa USB\n<ul>\n<li>Pr\u00f3bkowanie: 48kHz 16bit<\/li>\n<li>Solidna aluminiowa obudowa<\/li>\n<\/ul>\n<\/li>\n<li>Kabel pod\u0142\u0105czeniowy\n<ul>\n<li>Z\u0142\u0105cza: 3.5mm jack na z\u0142\u0105cze czujnika Bosch (JPT)<\/li>\n<li>D\u0142ugo\u015b\u0107: 5m<\/li>\n<li>Ekranowany<\/li>\n<li>Rozmiar \u017cy\u0142: 22AWG (0.33mm\u00b2)<\/li>\n<li>Izolacja: PVC z nylonowym oplotem<\/li>\n<\/ul>\n<\/li>\n<\/ul>\n<p>&nbsp;<\/p>\n","protected":false},"excerpt":{"rendered":"<p>Zestaw element\u00f3w niezb\u0119dnych do wykrywania spalania stukowego w sterownikach hamowni serii DC:<\/p>\n<ul>\n<li>Karta d\u017awi\u0119kowa<\/li>\n<li>Kabel pod\u0142\u0105czeniowy<\/li>\n<li>Szerokopasmowy czujnik spalania stukowego Bosch<\/li>\n<\/ul>\n","protected":false},"featured_media":2050,"template":"","meta":{"site-sidebar-layout":"default","site-content-layout":"","ast-site-content-layout":"default","site-content-style":"default","site-sidebar-style":"default","ast-global-header-display":"","ast-banner-title-visibility":"","ast-main-header-display":"","ast-hfb-above-header-display":"","ast-hfb-below-header-display":"","ast-hfb-mobile-header-display":"","site-post-title":"","ast-breadcrumbs-content":"","ast-featured-img":"","footer-sml-layout":"","ast-disable-related-posts":"","theme-transparent-header-meta":"","adv-header-id-meta":"","stick-header-meta":"","header-above-stick-meta":"","header-main-stick-meta":"","header-below-stick-meta":"","astra-migrate-meta-layouts":"default","ast-page-background-enabled":"default","ast-page-background-meta":{"desktop":{"background-color":"var(--ast-global-color-4)","background-image":"","background-repeat":"repeat","background-position":"center center","background-size":"auto","background-attachment":"scroll","background-type":"","background-media":"","overlay-type":"","overlay-color":"","overlay-opacity":"","overlay-gradient":""},"tablet":{"background-color":"","background-image":"","background-repeat":"repeat","background-position":"center center","background-size":"auto","background-attachment":"scroll","background-type":"","background-media":"","overlay-type":"","overlay-color":"","overlay-opacity":"","overlay-gradient":""},"mobile":{"background-color":"","background-image":"","background-repeat":"repeat","background-position":"center center","background-size":"auto","background-attachment":"scroll","background-type":"","background-media":"","overlay-type":"","overlay-color":"","overlay-opacity":"","overlay-gradient":""}},"ast-content-background-meta":{"desktop":{"background-color":"var(--ast-global-color-5)","background-image":"","background-repeat":"repeat","background-position":"center center","background-size":"auto","background-attachment":"scroll","background-type":"","background-media":"","overlay-type":"","overlay-color":"","overlay-opacity":"","overlay-gradient":""},"tablet":{"background-color":"var(--ast-global-color-5)","background-image":"","background-repeat":"repeat","background-position":"center center","background-size":"auto","background-attachment":"scroll","background-type":"","background-media":"","overlay-type":"","overlay-color":"","overlay-opacity":"","overlay-gradient":""},"mobile":{"background-color":"var(--ast-global-color-5)","background-image":"","background-repeat":"repeat","background-position":"center center","background-size":"auto","background-attachment":"scroll","background-type":"","background-media":"","overlay-type":"","overlay-color":"","overlay-opacity":"","overlay-gradient":""}}},"product_brand":[],"product_cat":[37],"product_tag":[],"class_list":{"0":"post-2051","1":"product","2":"type-product","3":"status-publish","4":"has-post-thumbnail","6":"product_cat-czujniki","7":"desktop-align-center","8":"tablet-align-left","9":"mobile-align-left","11":"first","12":"instock","13":"taxable","14":"shipping-taxable","15":"purchasable","16":"product-type-simple"},"yoast_head":"<!-- This site is optimized with the Yoast SEO plugin v27.4 - https:\/\/yoast.com\/product\/yoast-seo-wordpress\/ -->\n<title>Zestaw czujnika spalania stukowego - PEREK<\/title>\n<meta name=\"robots\" content=\"index, follow, max-snippet:-1, max-image-preview:large, max-video-preview:-1\" \/>\n<link rel=\"canonical\" href=\"https:\/\/perek.it\/pl\/produkt\/zestaw-czujnika-spalania-stukowego\/\" \/>\n<meta property=\"og:locale\" content=\"pl_PL\" \/>\n<meta property=\"og:type\" content=\"article\" \/>\n<meta property=\"og:title\" content=\"Zestaw czujnika spalania stukowego - PEREK\" \/>\n<meta property=\"og:description\" content=\"Zestaw element\u00f3w niezb\u0119dnych do wykrywania spalania stukowego w sterownikach hamowni serii DC:   Karta d\u017awi\u0119kowa  Kabel pod\u0142\u0105czeniowy  Szerokopasmowy czujnik spalania stukowego Bosch\" \/>\n<meta property=\"og:url\" content=\"https:\/\/perek.it\/pl\/produkt\/zestaw-czujnika-spalania-stukowego\/\" \/>\n<meta property=\"og:site_name\" content=\"PEREK\" \/>\n<meta property=\"article:modified_time\" content=\"2025-10-10T18:58:38+00:00\" \/>\n<meta property=\"og:image\" content=\"https:\/\/perek.it\/wp-content\/uploads\/2022\/06\/knock-sensor-set.png\" \/>\n\t<meta property=\"og:image:width\" content=\"580\" \/>\n\t<meta property=\"og:image:height\" content=\"518\" \/>\n\t<meta property=\"og:image:type\" content=\"image\/png\" \/>\n<meta name=\"twitter:card\" content=\"summary_large_image\" \/>\n<meta name=\"twitter:label1\" content=\"Szacowany czas czytania\" \/>\n\t<meta name=\"twitter:data1\" content=\"1 minuta\" \/>\n<script type=\"application\/ld+json\" class=\"yoast-schema-graph\">{\"@context\":\"https:\\\/\\\/schema.org\",\"@graph\":[{\"@type\":\"WebPage\",\"@id\":\"https:\\\/\\\/perek.it\\\/pl\\\/produkt\\\/zestaw-czujnika-spalania-stukowego\\\/\",\"url\":\"https:\\\/\\\/perek.it\\\/pl\\\/produkt\\\/zestaw-czujnika-spalania-stukowego\\\/\",\"name\":\"Zestaw czujnika spalania stukowego - PEREK\",\"isPartOf\":{\"@id\":\"https:\\\/\\\/perek.it\\\/pl\\\/#website\"},\"primaryImageOfPage\":{\"@id\":\"https:\\\/\\\/perek.it\\\/pl\\\/produkt\\\/zestaw-czujnika-spalania-stukowego\\\/#primaryimage\"},\"image\":{\"@id\":\"https:\\\/\\\/perek.it\\\/pl\\\/produkt\\\/zestaw-czujnika-spalania-stukowego\\\/#primaryimage\"},\"thumbnailUrl\":\"https:\\\/\\\/perek.it\\\/wp-content\\\/uploads\\\/2022\\\/06\\\/knock-sensor-set.png\",\"datePublished\":\"2022-06-13T17:11:42+00:00\",\"dateModified\":\"2025-10-10T18:58:38+00:00\",\"breadcrumb\":{\"@id\":\"https:\\\/\\\/perek.it\\\/pl\\\/produkt\\\/zestaw-czujnika-spalania-stukowego\\\/#breadcrumb\"},\"inLanguage\":\"pl-PL\",\"potentialAction\":[{\"@type\":\"ReadAction\",\"target\":[\"https:\\\/\\\/perek.it\\\/pl\\\/produkt\\\/zestaw-czujnika-spalania-stukowego\\\/\"]}]},{\"@type\":\"ImageObject\",\"inLanguage\":\"pl-PL\",\"@id\":\"https:\\\/\\\/perek.it\\\/pl\\\/produkt\\\/zestaw-czujnika-spalania-stukowego\\\/#primaryimage\",\"url\":\"https:\\\/\\\/perek.it\\\/wp-content\\\/uploads\\\/2022\\\/06\\\/knock-sensor-set.png\",\"contentUrl\":\"https:\\\/\\\/perek.it\\\/wp-content\\\/uploads\\\/2022\\\/06\\\/knock-sensor-set.png\",\"width\":2256,\"height\":2015,\"caption\":\"zestaw czujnika spalania stukowego z kart\u0105 d\u017awi\u0119kow\u0105 i kablem pod\u0142\u0105czeniowym\"},{\"@type\":\"BreadcrumbList\",\"@id\":\"https:\\\/\\\/perek.it\\\/pl\\\/produkt\\\/zestaw-czujnika-spalania-stukowego\\\/#breadcrumb\",\"itemListElement\":[{\"@type\":\"ListItem\",\"position\":1,\"name\":\"Home\",\"item\":\"https:\\\/\\\/perek.it\\\/pl\\\/\"},{\"@type\":\"ListItem\",\"position\":2,\"name\":\"Sklep\",\"item\":\"https:\\\/\\\/perek.it\\\/pl\\\/sklep\\\/\"},{\"@type\":\"ListItem\",\"position\":3,\"name\":\"Zestaw czujnika spalania stukowego\"}]},{\"@type\":\"WebSite\",\"@id\":\"https:\\\/\\\/perek.it\\\/pl\\\/#website\",\"url\":\"https:\\\/\\\/perek.it\\\/pl\\\/\",\"name\":\"PEREK\",\"description\":\"Sterowniki hamowni i akcesoria\",\"publisher\":{\"@id\":\"https:\\\/\\\/perek.it\\\/pl\\\/#organization\"},\"potentialAction\":[{\"@type\":\"SearchAction\",\"target\":{\"@type\":\"EntryPoint\",\"urlTemplate\":\"https:\\\/\\\/perek.it\\\/pl\\\/?s={search_term_string}\"},\"query-input\":{\"@type\":\"PropertyValueSpecification\",\"valueRequired\":true,\"valueName\":\"search_term_string\"}}],\"inLanguage\":\"pl-PL\"},{\"@type\":\"Organization\",\"@id\":\"https:\\\/\\\/perek.it\\\/pl\\\/#organization\",\"name\":\"PEREK\",\"url\":\"https:\\\/\\\/perek.it\\\/pl\\\/\",\"logo\":{\"@type\":\"ImageObject\",\"inLanguage\":\"pl-PL\",\"@id\":\"https:\\\/\\\/perek.it\\\/pl\\\/#\\\/schema\\\/logo\\\/image\\\/\",\"url\":\"https:\\\/\\\/perek.it\\\/wp-content\\\/uploads\\\/2021\\\/07\\\/perek-logo-white.png\",\"contentUrl\":\"https:\\\/\\\/perek.it\\\/wp-content\\\/uploads\\\/2021\\\/07\\\/perek-logo-white.png\",\"width\":962,\"height\":207,\"caption\":\"PEREK\"},\"image\":{\"@id\":\"https:\\\/\\\/perek.it\\\/pl\\\/#\\\/schema\\\/logo\\\/image\\\/\"}}]}<\/script>\n<!-- \/ Yoast SEO plugin. -->","yoast_head_json":{"title":"Zestaw czujnika spalania stukowego - PEREK","robots":{"index":"index","follow":"follow","max-snippet":"max-snippet:-1","max-image-preview":"max-image-preview:large","max-video-preview":"max-video-preview:-1"},"canonical":"https:\/\/perek.it\/pl\/produkt\/zestaw-czujnika-spalania-stukowego\/","og_locale":"pl_PL","og_type":"article","og_title":"Zestaw czujnika spalania stukowego - PEREK","og_description":"Zestaw element\u00f3w niezb\u0119dnych do wykrywania spalania stukowego w sterownikach hamowni serii DC:   Karta d\u017awi\u0119kowa  Kabel pod\u0142\u0105czeniowy  Szerokopasmowy czujnik spalania stukowego Bosch","og_url":"https:\/\/perek.it\/pl\/produkt\/zestaw-czujnika-spalania-stukowego\/","og_site_name":"PEREK","article_modified_time":"2025-10-10T18:58:38+00:00","og_image":[{"url":"https:\/\/perek.it\/wp-content\/uploads\/2022\/06\/knock-sensor-set.png","width":580,"height":518,"type":"image\/png"}],"twitter_card":"summary_large_image","twitter_misc":{"Szacowany czas czytania":"1 minuta"},"schema":{"@context":"https:\/\/schema.org","@graph":[{"@type":"WebPage","@id":"https:\/\/perek.it\/pl\/produkt\/zestaw-czujnika-spalania-stukowego\/","url":"https:\/\/perek.it\/pl\/produkt\/zestaw-czujnika-spalania-stukowego\/","name":"Zestaw czujnika spalania stukowego - PEREK","isPartOf":{"@id":"https:\/\/perek.it\/pl\/#website"},"primaryImageOfPage":{"@id":"https:\/\/perek.it\/pl\/produkt\/zestaw-czujnika-spalania-stukowego\/#primaryimage"},"image":{"@id":"https:\/\/perek.it\/pl\/produkt\/zestaw-czujnika-spalania-stukowego\/#primaryimage"},"thumbnailUrl":"https:\/\/perek.it\/wp-content\/uploads\/2022\/06\/knock-sensor-set.png","datePublished":"2022-06-13T17:11:42+00:00","dateModified":"2025-10-10T18:58:38+00:00","breadcrumb":{"@id":"https:\/\/perek.it\/pl\/produkt\/zestaw-czujnika-spalania-stukowego\/#breadcrumb"},"inLanguage":"pl-PL","potentialAction":[{"@type":"ReadAction","target":["https:\/\/perek.it\/pl\/produkt\/zestaw-czujnika-spalania-stukowego\/"]}]},{"@type":"ImageObject","inLanguage":"pl-PL","@id":"https:\/\/perek.it\/pl\/produkt\/zestaw-czujnika-spalania-stukowego\/#primaryimage","url":"https:\/\/perek.it\/wp-content\/uploads\/2022\/06\/knock-sensor-set.png","contentUrl":"https:\/\/perek.it\/wp-content\/uploads\/2022\/06\/knock-sensor-set.png","width":2256,"height":2015,"caption":"zestaw czujnika spalania stukowego z kart\u0105 d\u017awi\u0119kow\u0105 i kablem pod\u0142\u0105czeniowym"},{"@type":"BreadcrumbList","@id":"https:\/\/perek.it\/pl\/produkt\/zestaw-czujnika-spalania-stukowego\/#breadcrumb","itemListElement":[{"@type":"ListItem","position":1,"name":"Home","item":"https:\/\/perek.it\/pl\/"},{"@type":"ListItem","position":2,"name":"Sklep","item":"https:\/\/perek.it\/pl\/sklep\/"},{"@type":"ListItem","position":3,"name":"Zestaw czujnika spalania stukowego"}]},{"@type":"WebSite","@id":"https:\/\/perek.it\/pl\/#website","url":"https:\/\/perek.it\/pl\/","name":"PEREK","description":"Sterowniki hamowni i akcesoria","publisher":{"@id":"https:\/\/perek.it\/pl\/#organization"},"potentialAction":[{"@type":"SearchAction","target":{"@type":"EntryPoint","urlTemplate":"https:\/\/perek.it\/pl\/?s={search_term_string}"},"query-input":{"@type":"PropertyValueSpecification","valueRequired":true,"valueName":"search_term_string"}}],"inLanguage":"pl-PL"},{"@type":"Organization","@id":"https:\/\/perek.it\/pl\/#organization","name":"PEREK","url":"https:\/\/perek.it\/pl\/","logo":{"@type":"ImageObject","inLanguage":"pl-PL","@id":"https:\/\/perek.it\/pl\/#\/schema\/logo\/image\/","url":"https:\/\/perek.it\/wp-content\/uploads\/2021\/07\/perek-logo-white.png","contentUrl":"https:\/\/perek.it\/wp-content\/uploads\/2021\/07\/perek-logo-white.png","width":962,"height":207,"caption":"PEREK"},"image":{"@id":"https:\/\/perek.it\/pl\/#\/schema\/logo\/image\/"}}]}},"_links":{"self":[{"href":"https:\/\/perek.it\/pl\/wp-json\/wp\/v2\/product\/2051","targetHints":{"allow":["GET"]}}],"collection":[{"href":"https:\/\/perek.it\/pl\/wp-json\/wp\/v2\/product"}],"about":[{"href":"https:\/\/perek.it\/pl\/wp-json\/wp\/v2\/types\/product"}],"wp:featuredmedia":[{"embeddable":true,"href":"https:\/\/perek.it\/pl\/wp-json\/wp\/v2\/media\/2050"}],"wp:attachment":[{"href":"https:\/\/perek.it\/pl\/wp-json\/wp\/v2\/media?parent=2051"}],"wp:term":[{"taxonomy":"product_brand","embeddable":true,"href":"https:\/\/perek.it\/pl\/wp-json\/wp\/v2\/product_brand?post=2051"},{"taxonomy":"product_cat","embeddable":true,"href":"https:\/\/perek.it\/pl\/wp-json\/wp\/v2\/product_cat?post=2051"},{"taxonomy":"product_tag","embeddable":true,"href":"https:\/\/perek.it\/pl\/wp-json\/wp\/v2\/product_tag?post=2051"}],"curies":[{"name":"wp","href":"https:\/\/api.w.org\/{rel}","templated":true}]}}