{"id":2215,"date":"2022-08-25T15:03:29","date_gmt":"2022-08-25T14:03:29","guid":{"rendered":"https:\/\/perek.it\/product\/adapter-bluetooth-z-kablem-przedluzajacym\/"},"modified":"2025-02-20T19:17:05","modified_gmt":"2025-02-20T18:17:05","slug":"adapter-bluetooth-z-kablem-przedluzajacym","status":"publish","type":"product","link":"https:\/\/perek.it\/pl\/produkt\/adapter-bluetooth-z-kablem-przedluzajacym\/","title":{"rendered":"Adapter Bluetooth z kablem przed\u0142u\u017caj\u0105cym"},"content":{"rendered":"<p>Zewn\u0119trzny adapter Bluetooth z przed\u0142u\u017caj\u0105cym kablem USB pozwala rozwi\u0105za\u0107 problemy z po\u0142\u0105czeniem z interfejsem OBD na Bluetooth. Pozwala tak\u017ce zwi\u0119kszy\u0107 cz\u0119stotliwo\u015b\u0107 pr\u00f3bkowania w por\u00f3wnaniu do interfejsu wbudowanego w sterowniki serii DC. Zewn\u0119trzny adapter z przed\u0142u\u017caczem to \u015bwietny dodatek do sterownika hamowni serii DC w przypadku gdy sterownik jest umieszczany w metalowej szafie.<\/p>\n<p>Specyfikacja:<br \/>\nWysokiej przepustowo\u015bci modu\u0142 Bluetooth 5.0<br \/>\nKompatybilny z Bluetooth V4.0\/3.0\/2.1\/2.0\/1.1<br \/>\nD\u0142ugo\u015b\u0107 kabla przed\u0142u\u017caj\u0105cego: 1.5m<\/p>\n<p>Aby aktywowa\u0107 zewn\u0119trzny interfejs w sterowniku, nast\u0119puj\u0105ca linia musi zosta\u0107 dodana do pliku \/boot\/firmware\/config.txt:<\/p>\n<pre class=\"wp-block-code\"><code>dtoverlay=disable-bt<\/code><\/pre>\n<p>&nbsp;<\/p>\n","protected":false},"excerpt":{"rendered":"<p>Adapter Bluetooth 5.0 z kablem przed\u0142u\u017caj\u0105cym USB o d\u0142ugo\u015bci 1.5m<\/p>\n","protected":false},"featured_media":2214,"template":"","meta":{"site-sidebar-layout":"default","site-content-layout":"","ast-site-content-layout":"default","site-content-style":"default","site-sidebar-style":"default","ast-global-header-display":"","ast-banner-title-visibility":"","ast-main-header-display":"","ast-hfb-above-header-display":"","ast-hfb-below-header-display":"","ast-hfb-mobile-header-display":"","site-post-title":"","ast-breadcrumbs-content":"","ast-featured-img":"","footer-sml-layout":"","ast-disable-related-posts":"","theme-transparent-header-meta":"default","adv-header-id-meta":"","stick-header-meta":"","header-above-stick-meta":"","header-main-stick-meta":"","header-below-stick-meta":"","astra-migrate-meta-layouts":"default","ast-page-background-enabled":"default","ast-page-background-meta":{"desktop":{"background-color":"var(--ast-global-color-4)","background-image":"","background-repeat":"repeat","background-position":"center center","background-size":"auto","background-attachment":"scroll","background-type":"","background-media":"","overlay-type":"","overlay-color":"","overlay-opacity":"","overlay-gradient":""},"tablet":{"background-color":"","background-image":"","background-repeat":"repeat","background-position":"center center","background-size":"auto","background-attachment":"scroll","background-type":"","background-media":"","overlay-type":"","overlay-color":"","overlay-opacity":"","overlay-gradient":""},"mobile":{"background-color":"","background-image":"","background-repeat":"repeat","background-position":"center center","background-size":"auto","background-attachment":"scroll","background-type":"","background-media":"","overlay-type":"","overlay-color":"","overlay-opacity":"","overlay-gradient":""}},"ast-content-background-meta":{"desktop":{"background-color":"var(--ast-global-color-5)","background-image":"","background-repeat":"repeat","background-position":"center center","background-size":"auto","background-attachment":"scroll","background-type":"","background-media":"","overlay-type":"","overlay-color":"","overlay-opacity":"","overlay-gradient":""},"tablet":{"background-color":"var(--ast-global-color-5)","background-image":"","background-repeat":"repeat","background-position":"center center","background-size":"auto","background-attachment":"scroll","background-type":"","background-media":"","overlay-type":"","overlay-color":"","overlay-opacity":"","overlay-gradient":""},"mobile":{"background-color":"var(--ast-global-color-5)","background-image":"","background-repeat":"repeat","background-position":"center center","background-size":"auto","background-attachment":"scroll","background-type":"","background-media":"","overlay-type":"","overlay-color":"","overlay-opacity":"","overlay-gradient":""}}},"product_brand":[],"product_cat":[38],"product_tag":[],"class_list":{"0":"post-2215","1":"product","2":"type-product","3":"status-publish","4":"has-post-thumbnail","6":"product_cat-akcesoria","7":"desktop-align-center","8":"tablet-align-left","9":"mobile-align-left","11":"first","12":"instock","13":"taxable","14":"shipping-taxable","15":"purchasable","16":"product-type-simple"},"yoast_head":"<!-- This site is optimized with the Yoast SEO plugin v27.5 - https:\/\/yoast.com\/product\/yoast-seo-wordpress\/ -->\n<title>Adapter Bluetooth z kablem przed\u0142u\u017caj\u0105cym - PEREK<\/title>\n<meta name=\"description\" content=\"Adapter Bluetooth pozwalaj\u0105cy uzyska\u0107 lepsze po\u0142\u0105czenie z interfejsem OBD na Bluetooth.\" \/>\n<meta name=\"robots\" content=\"index, follow, max-snippet:-1, max-image-preview:large, max-video-preview:-1\" \/>\n<link rel=\"canonical\" href=\"https:\/\/perek.it\/pl\/produkt\/adapter-bluetooth-z-kablem-przedluzajacym\/\" \/>\n<meta property=\"og:locale\" content=\"pl_PL\" \/>\n<meta property=\"og:type\" content=\"article\" \/>\n<meta property=\"og:title\" content=\"Adapter Bluetooth z kablem przed\u0142u\u017caj\u0105cym - PEREK\" \/>\n<meta property=\"og:description\" content=\"Adapter Bluetooth pozwalaj\u0105cy uzyska\u0107 lepsze po\u0142\u0105czenie z interfejsem OBD na Bluetooth.\" \/>\n<meta property=\"og:url\" content=\"https:\/\/perek.it\/pl\/produkt\/adapter-bluetooth-z-kablem-przedluzajacym\/\" \/>\n<meta property=\"og:site_name\" content=\"PEREK\" \/>\n<meta property=\"article:modified_time\" content=\"2025-02-20T18:17:05+00:00\" \/>\n<meta property=\"og:image\" content=\"https:\/\/perek.it\/wp-content\/uploads\/2022\/08\/bluetooth-adapter-with-extension-cable-1.png\" \/>\n\t<meta property=\"og:image:width\" content=\"486\" \/>\n\t<meta property=\"og:image:height\" content=\"400\" \/>\n\t<meta property=\"og:image:type\" content=\"image\/png\" \/>\n<meta name=\"twitter:card\" content=\"summary_large_image\" \/>\n<meta name=\"twitter:label1\" content=\"Szacowany czas czytania\" \/>\n\t<meta name=\"twitter:data1\" content=\"1 minuta\" \/>\n<script type=\"application\/ld+json\" class=\"yoast-schema-graph\">{\"@context\":\"https:\\\/\\\/schema.org\",\"@graph\":[{\"@type\":\"WebPage\",\"@id\":\"https:\\\/\\\/perek.it\\\/pl\\\/produkt\\\/adapter-bluetooth-z-kablem-przedluzajacym\\\/\",\"url\":\"https:\\\/\\\/perek.it\\\/pl\\\/produkt\\\/adapter-bluetooth-z-kablem-przedluzajacym\\\/\",\"name\":\"Adapter Bluetooth z kablem przed\u0142u\u017caj\u0105cym - PEREK\",\"isPartOf\":{\"@id\":\"https:\\\/\\\/perek.it\\\/pl\\\/#website\"},\"primaryImageOfPage\":{\"@id\":\"https:\\\/\\\/perek.it\\\/pl\\\/produkt\\\/adapter-bluetooth-z-kablem-przedluzajacym\\\/#primaryimage\"},\"image\":{\"@id\":\"https:\\\/\\\/perek.it\\\/pl\\\/produkt\\\/adapter-bluetooth-z-kablem-przedluzajacym\\\/#primaryimage\"},\"thumbnailUrl\":\"https:\\\/\\\/perek.it\\\/wp-content\\\/uploads\\\/2022\\\/08\\\/bluetooth-adapter-with-extension-cable-1.png\",\"datePublished\":\"2022-08-25T14:03:29+00:00\",\"dateModified\":\"2025-02-20T18:17:05+00:00\",\"description\":\"Adapter Bluetooth pozwalaj\u0105cy uzyska\u0107 lepsze po\u0142\u0105czenie z interfejsem OBD na Bluetooth.\",\"breadcrumb\":{\"@id\":\"https:\\\/\\\/perek.it\\\/pl\\\/produkt\\\/adapter-bluetooth-z-kablem-przedluzajacym\\\/#breadcrumb\"},\"inLanguage\":\"pl-PL\",\"potentialAction\":[{\"@type\":\"ReadAction\",\"target\":[\"https:\\\/\\\/perek.it\\\/pl\\\/produkt\\\/adapter-bluetooth-z-kablem-przedluzajacym\\\/\"]}]},{\"@type\":\"ImageObject\",\"inLanguage\":\"pl-PL\",\"@id\":\"https:\\\/\\\/perek.it\\\/pl\\\/produkt\\\/adapter-bluetooth-z-kablem-przedluzajacym\\\/#primaryimage\",\"url\":\"https:\\\/\\\/perek.it\\\/wp-content\\\/uploads\\\/2022\\\/08\\\/bluetooth-adapter-with-extension-cable-1.png\",\"contentUrl\":\"https:\\\/\\\/perek.it\\\/wp-content\\\/uploads\\\/2022\\\/08\\\/bluetooth-adapter-with-extension-cable-1.png\",\"width\":486,\"height\":400,\"caption\":\"Adapter Bluetooth z kablem przed\u0142u\u017caj\u0105cym\"},{\"@type\":\"BreadcrumbList\",\"@id\":\"https:\\\/\\\/perek.it\\\/pl\\\/produkt\\\/adapter-bluetooth-z-kablem-przedluzajacym\\\/#breadcrumb\",\"itemListElement\":[{\"@type\":\"ListItem\",\"position\":1,\"name\":\"Home\",\"item\":\"https:\\\/\\\/perek.it\\\/pl\\\/\"},{\"@type\":\"ListItem\",\"position\":2,\"name\":\"Sklep\",\"item\":\"https:\\\/\\\/perek.it\\\/pl\\\/sklep\\\/\"},{\"@type\":\"ListItem\",\"position\":3,\"name\":\"Adapter Bluetooth z kablem przed\u0142u\u017caj\u0105cym\"}]},{\"@type\":\"WebSite\",\"@id\":\"https:\\\/\\\/perek.it\\\/pl\\\/#website\",\"url\":\"https:\\\/\\\/perek.it\\\/pl\\\/\",\"name\":\"PEREK\",\"description\":\"Sterowniki hamowni i akcesoria\",\"publisher\":{\"@id\":\"https:\\\/\\\/perek.it\\\/pl\\\/#organization\"},\"potentialAction\":[{\"@type\":\"SearchAction\",\"target\":{\"@type\":\"EntryPoint\",\"urlTemplate\":\"https:\\\/\\\/perek.it\\\/pl\\\/?s={search_term_string}\"},\"query-input\":{\"@type\":\"PropertyValueSpecification\",\"valueRequired\":true,\"valueName\":\"search_term_string\"}}],\"inLanguage\":\"pl-PL\"},{\"@type\":\"Organization\",\"@id\":\"https:\\\/\\\/perek.it\\\/pl\\\/#organization\",\"name\":\"PEREK\",\"url\":\"https:\\\/\\\/perek.it\\\/pl\\\/\",\"logo\":{\"@type\":\"ImageObject\",\"inLanguage\":\"pl-PL\",\"@id\":\"https:\\\/\\\/perek.it\\\/pl\\\/#\\\/schema\\\/logo\\\/image\\\/\",\"url\":\"https:\\\/\\\/perek.it\\\/wp-content\\\/uploads\\\/2021\\\/07\\\/perek-logo-white.png\",\"contentUrl\":\"https:\\\/\\\/perek.it\\\/wp-content\\\/uploads\\\/2021\\\/07\\\/perek-logo-white.png\",\"width\":962,\"height\":207,\"caption\":\"PEREK\"},\"image\":{\"@id\":\"https:\\\/\\\/perek.it\\\/pl\\\/#\\\/schema\\\/logo\\\/image\\\/\"}}]}<\/script>\n<!-- \/ Yoast SEO plugin. -->","yoast_head_json":{"title":"Adapter Bluetooth z kablem przed\u0142u\u017caj\u0105cym - PEREK","description":"Adapter Bluetooth pozwalaj\u0105cy uzyska\u0107 lepsze po\u0142\u0105czenie z interfejsem OBD na Bluetooth.","robots":{"index":"index","follow":"follow","max-snippet":"max-snippet:-1","max-image-preview":"max-image-preview:large","max-video-preview":"max-video-preview:-1"},"canonical":"https:\/\/perek.it\/pl\/produkt\/adapter-bluetooth-z-kablem-przedluzajacym\/","og_locale":"pl_PL","og_type":"article","og_title":"Adapter Bluetooth z kablem przed\u0142u\u017caj\u0105cym - PEREK","og_description":"Adapter Bluetooth pozwalaj\u0105cy uzyska\u0107 lepsze po\u0142\u0105czenie z interfejsem OBD na Bluetooth.","og_url":"https:\/\/perek.it\/pl\/produkt\/adapter-bluetooth-z-kablem-przedluzajacym\/","og_site_name":"PEREK","article_modified_time":"2025-02-20T18:17:05+00:00","og_image":[{"width":486,"height":400,"url":"https:\/\/perek.it\/wp-content\/uploads\/2022\/08\/bluetooth-adapter-with-extension-cable-1.png","type":"image\/png"}],"twitter_card":"summary_large_image","twitter_misc":{"Szacowany czas czytania":"1 minuta"},"schema":{"@context":"https:\/\/schema.org","@graph":[{"@type":"WebPage","@id":"https:\/\/perek.it\/pl\/produkt\/adapter-bluetooth-z-kablem-przedluzajacym\/","url":"https:\/\/perek.it\/pl\/produkt\/adapter-bluetooth-z-kablem-przedluzajacym\/","name":"Adapter Bluetooth z kablem przed\u0142u\u017caj\u0105cym - PEREK","isPartOf":{"@id":"https:\/\/perek.it\/pl\/#website"},"primaryImageOfPage":{"@id":"https:\/\/perek.it\/pl\/produkt\/adapter-bluetooth-z-kablem-przedluzajacym\/#primaryimage"},"image":{"@id":"https:\/\/perek.it\/pl\/produkt\/adapter-bluetooth-z-kablem-przedluzajacym\/#primaryimage"},"thumbnailUrl":"https:\/\/perek.it\/wp-content\/uploads\/2022\/08\/bluetooth-adapter-with-extension-cable-1.png","datePublished":"2022-08-25T14:03:29+00:00","dateModified":"2025-02-20T18:17:05+00:00","description":"Adapter Bluetooth pozwalaj\u0105cy uzyska\u0107 lepsze po\u0142\u0105czenie z interfejsem OBD na Bluetooth.","breadcrumb":{"@id":"https:\/\/perek.it\/pl\/produkt\/adapter-bluetooth-z-kablem-przedluzajacym\/#breadcrumb"},"inLanguage":"pl-PL","potentialAction":[{"@type":"ReadAction","target":["https:\/\/perek.it\/pl\/produkt\/adapter-bluetooth-z-kablem-przedluzajacym\/"]}]},{"@type":"ImageObject","inLanguage":"pl-PL","@id":"https:\/\/perek.it\/pl\/produkt\/adapter-bluetooth-z-kablem-przedluzajacym\/#primaryimage","url":"https:\/\/perek.it\/wp-content\/uploads\/2022\/08\/bluetooth-adapter-with-extension-cable-1.png","contentUrl":"https:\/\/perek.it\/wp-content\/uploads\/2022\/08\/bluetooth-adapter-with-extension-cable-1.png","width":486,"height":400,"caption":"Adapter Bluetooth z kablem przed\u0142u\u017caj\u0105cym"},{"@type":"BreadcrumbList","@id":"https:\/\/perek.it\/pl\/produkt\/adapter-bluetooth-z-kablem-przedluzajacym\/#breadcrumb","itemListElement":[{"@type":"ListItem","position":1,"name":"Home","item":"https:\/\/perek.it\/pl\/"},{"@type":"ListItem","position":2,"name":"Sklep","item":"https:\/\/perek.it\/pl\/sklep\/"},{"@type":"ListItem","position":3,"name":"Adapter Bluetooth z kablem przed\u0142u\u017caj\u0105cym"}]},{"@type":"WebSite","@id":"https:\/\/perek.it\/pl\/#website","url":"https:\/\/perek.it\/pl\/","name":"PEREK","description":"Sterowniki hamowni i akcesoria","publisher":{"@id":"https:\/\/perek.it\/pl\/#organization"},"potentialAction":[{"@type":"SearchAction","target":{"@type":"EntryPoint","urlTemplate":"https:\/\/perek.it\/pl\/?s={search_term_string}"},"query-input":{"@type":"PropertyValueSpecification","valueRequired":true,"valueName":"search_term_string"}}],"inLanguage":"pl-PL"},{"@type":"Organization","@id":"https:\/\/perek.it\/pl\/#organization","name":"PEREK","url":"https:\/\/perek.it\/pl\/","logo":{"@type":"ImageObject","inLanguage":"pl-PL","@id":"https:\/\/perek.it\/pl\/#\/schema\/logo\/image\/","url":"https:\/\/perek.it\/wp-content\/uploads\/2021\/07\/perek-logo-white.png","contentUrl":"https:\/\/perek.it\/wp-content\/uploads\/2021\/07\/perek-logo-white.png","width":962,"height":207,"caption":"PEREK"},"image":{"@id":"https:\/\/perek.it\/pl\/#\/schema\/logo\/image\/"}}]}},"_links":{"self":[{"href":"https:\/\/perek.it\/pl\/wp-json\/wp\/v2\/product\/2215","targetHints":{"allow":["GET"]}}],"collection":[{"href":"https:\/\/perek.it\/pl\/wp-json\/wp\/v2\/product"}],"about":[{"href":"https:\/\/perek.it\/pl\/wp-json\/wp\/v2\/types\/product"}],"wp:featuredmedia":[{"embeddable":true,"href":"https:\/\/perek.it\/pl\/wp-json\/wp\/v2\/media\/2214"}],"wp:attachment":[{"href":"https:\/\/perek.it\/pl\/wp-json\/wp\/v2\/media?parent=2215"}],"wp:term":[{"taxonomy":"product_brand","embeddable":true,"href":"https:\/\/perek.it\/pl\/wp-json\/wp\/v2\/product_brand?post=2215"},{"taxonomy":"product_cat","embeddable":true,"href":"https:\/\/perek.it\/pl\/wp-json\/wp\/v2\/product_cat?post=2215"},{"taxonomy":"product_tag","embeddable":true,"href":"https:\/\/perek.it\/pl\/wp-json\/wp\/v2\/product_tag?post=2215"}],"curies":[{"name":"wp","href":"https:\/\/api.w.org\/{rel}","templated":true}]}}