{"id":290,"date":"2020-08-21T19:56:05","date_gmt":"2020-08-21T18:56:05","guid":{"rendered":"http:\/\/wp.perek.it\/?post_type=product&#038;p=290"},"modified":"2026-04-08T16:29:04","modified_gmt":"2026-04-08T15:29:04","slug":"ecumaster-usb-to-can","status":"publish","type":"product","link":"https:\/\/perek.it\/pl\/produkt\/ecumaster-usb-to-can\/","title":{"rendered":"Ecumaster USB to CAN"},"content":{"rendered":"<ul>\n<li>Interfejs pozwalaj\u0105cy na diagnostyk\u0119 magistrali CAN na komputerze PC<\/li>\n<li>Umo\u017cliwia podgl\u0105d przesy\u0142anych danych oraz nadawanie w\u0142asnych danych<\/li>\n<li>S\u0142u\u017cy jako narz\u0119dzie do konfiguracji produkt\u00f3w Ecumaster opartych na systemie Light Client<\/li>\n<\/ul>\n<p><a href=\"https:\/\/www.ecumaster.com\/products\/usb-to-can\/\" target=\"_blank\" rel=\"noopener noreferrer\">Pe\u0142na specyfikacja<\/a><\/p>\n","protected":false},"excerpt":{"rendered":"<ul>\n<li>Interfejs pozwalaj\u0105cy na diagnostyk\u0119 magistrali CAN na komputerze PC<\/li>\n<li>Umo\u017cliwia podgl\u0105d przesy\u0142anych danych oraz nadawanie w\u0142asnych danych<\/li>\n<li>S\u0142u\u017cy jako narz\u0119dzie do konfiguracji produkt\u00f3w Ecumaster opartych na systemie Light Client<\/li>\n<\/ul>\n<p><a href=\"https:\/\/www.ecumaster.com\/products\/usb-to-can\/\" target=\"_blank\" rel=\"noopener noreferrer\">Pe\u0142na specyfikacja<\/a><\/p>\n","protected":false},"featured_media":291,"template":"","meta":{"site-sidebar-layout":"default","site-content-layout":"","ast-site-content-layout":"default","site-content-style":"default","site-sidebar-style":"default","ast-global-header-display":"","ast-banner-title-visibility":"","ast-main-header-display":"","ast-hfb-above-header-display":"","ast-hfb-below-header-display":"","ast-hfb-mobile-header-display":"","site-post-title":"","ast-breadcrumbs-content":"","ast-featured-img":"","footer-sml-layout":"","ast-disable-related-posts":"","theme-transparent-header-meta":"default","adv-header-id-meta":"","stick-header-meta":"","header-above-stick-meta":"","header-main-stick-meta":"","header-below-stick-meta":"","astra-migrate-meta-layouts":"set","ast-page-background-enabled":"default","ast-page-background-meta":{"desktop":{"background-color":"var(--ast-global-color-4)","background-image":"","background-repeat":"repeat","background-position":"center center","background-size":"auto","background-attachment":"scroll","background-type":"","background-media":"","overlay-type":"","overlay-color":"","overlay-opacity":"","overlay-gradient":""},"tablet":{"background-color":"","background-image":"","background-repeat":"repeat","background-position":"center center","background-size":"auto","background-attachment":"scroll","background-type":"","background-media":"","overlay-type":"","overlay-color":"","overlay-opacity":"","overlay-gradient":""},"mobile":{"background-color":"","background-image":"","background-repeat":"repeat","background-position":"center center","background-size":"auto","background-attachment":"scroll","background-type":"","background-media":"","overlay-type":"","overlay-color":"","overlay-opacity":"","overlay-gradient":""}},"ast-content-background-meta":{"desktop":{"background-color":"var(--ast-global-color-5)","background-image":"","background-repeat":"repeat","background-position":"center center","background-size":"auto","background-attachment":"scroll","background-type":"","background-media":"","overlay-type":"","overlay-color":"","overlay-opacity":"","overlay-gradient":""},"tablet":{"background-color":"var(--ast-global-color-5)","background-image":"","background-repeat":"repeat","background-position":"center center","background-size":"auto","background-attachment":"scroll","background-type":"","background-media":"","overlay-type":"","overlay-color":"","overlay-opacity":"","overlay-gradient":""},"mobile":{"background-color":"var(--ast-global-color-5)","background-image":"","background-repeat":"repeat","background-position":"center center","background-size":"auto","background-attachment":"scroll","background-type":"","background-media":"","overlay-type":"","overlay-color":"","overlay-opacity":"","overlay-gradient":""}}},"product_brand":[],"product_cat":[39],"product_tag":[],"class_list":{"0":"post-290","1":"product","2":"type-product","3":"status-publish","4":"has-post-thumbnail","6":"product_cat-ecumaster","7":"desktop-align-center","8":"tablet-align-left","9":"mobile-align-left","11":"first","12":"instock","13":"taxable","14":"shipping-taxable","15":"purchasable","16":"product-type-simple"},"yoast_head":"<!-- This site is optimized with the Yoast SEO plugin v27.5 - https:\/\/yoast.com\/product\/yoast-seo-wordpress\/ -->\n<title>Ecumaster USB to CAN - PEREK<\/title>\n<meta name=\"robots\" content=\"index, follow, max-snippet:-1, max-image-preview:large, max-video-preview:-1\" \/>\n<link rel=\"canonical\" href=\"https:\/\/perek.it\/pl\/produkt\/ecumaster-usb-to-can\/\" \/>\n<meta property=\"og:locale\" content=\"pl_PL\" \/>\n<meta property=\"og:type\" content=\"article\" \/>\n<meta property=\"og:title\" content=\"Ecumaster USB to CAN - PEREK\" \/>\n<meta property=\"og:description\" content=\"Interfejs pozwalaj\u0105cy na diagnostyk\u0119 magistrali CAN na komputerze PC  Umo\u017cliwia podgl\u0105d przesy\u0142anych danych oraz nadawanie w\u0142asnych danych  S\u0142u\u017cy jako narz\u0119dzie do konfiguracji produkt\u00f3w Ecumaster opartych na systemie Light Client  Pe\u0142na specyfikacja\" \/>\n<meta property=\"og:url\" content=\"https:\/\/perek.it\/pl\/produkt\/ecumaster-usb-to-can\/\" \/>\n<meta property=\"og:site_name\" content=\"PEREK\" \/>\n<meta property=\"article:modified_time\" content=\"2026-04-08T15:29:04+00:00\" \/>\n<meta property=\"og:image\" content=\"https:\/\/perek.it\/wp-content\/uploads\/2020\/08\/usb-to-can.jpg\" \/>\n\t<meta property=\"og:image:width\" content=\"1200\" \/>\n\t<meta property=\"og:image:height\" content=\"1004\" \/>\n\t<meta property=\"og:image:type\" content=\"image\/jpeg\" \/>\n<meta name=\"twitter:card\" content=\"summary_large_image\" \/>\n<meta name=\"twitter:label1\" content=\"Szacowany czas czytania\" \/>\n\t<meta name=\"twitter:data1\" content=\"1 minuta\" \/>\n<script type=\"application\/ld+json\" class=\"yoast-schema-graph\">{\"@context\":\"https:\\\/\\\/schema.org\",\"@graph\":[{\"@type\":\"WebPage\",\"@id\":\"https:\\\/\\\/perek.it\\\/pl\\\/produkt\\\/ecumaster-usb-to-can\\\/\",\"url\":\"https:\\\/\\\/perek.it\\\/pl\\\/produkt\\\/ecumaster-usb-to-can\\\/\",\"name\":\"Ecumaster USB to CAN - PEREK\",\"isPartOf\":{\"@id\":\"https:\\\/\\\/perek.it\\\/pl\\\/#website\"},\"primaryImageOfPage\":{\"@id\":\"https:\\\/\\\/perek.it\\\/pl\\\/produkt\\\/ecumaster-usb-to-can\\\/#primaryimage\"},\"image\":{\"@id\":\"https:\\\/\\\/perek.it\\\/pl\\\/produkt\\\/ecumaster-usb-to-can\\\/#primaryimage\"},\"thumbnailUrl\":\"https:\\\/\\\/perek.it\\\/wp-content\\\/uploads\\\/2020\\\/08\\\/usb-to-can.jpg\",\"datePublished\":\"2020-08-21T18:56:05+00:00\",\"dateModified\":\"2026-04-08T15:29:04+00:00\",\"breadcrumb\":{\"@id\":\"https:\\\/\\\/perek.it\\\/pl\\\/produkt\\\/ecumaster-usb-to-can\\\/#breadcrumb\"},\"inLanguage\":\"pl-PL\",\"potentialAction\":[{\"@type\":\"ReadAction\",\"target\":[\"https:\\\/\\\/perek.it\\\/pl\\\/produkt\\\/ecumaster-usb-to-can\\\/\"]}]},{\"@type\":\"ImageObject\",\"inLanguage\":\"pl-PL\",\"@id\":\"https:\\\/\\\/perek.it\\\/pl\\\/produkt\\\/ecumaster-usb-to-can\\\/#primaryimage\",\"url\":\"https:\\\/\\\/perek.it\\\/wp-content\\\/uploads\\\/2020\\\/08\\\/usb-to-can.jpg\",\"contentUrl\":\"https:\\\/\\\/perek.it\\\/wp-content\\\/uploads\\\/2020\\\/08\\\/usb-to-can.jpg\",\"width\":1200,\"height\":1004,\"caption\":\"Ecumaster USB to CAN\"},{\"@type\":\"BreadcrumbList\",\"@id\":\"https:\\\/\\\/perek.it\\\/pl\\\/produkt\\\/ecumaster-usb-to-can\\\/#breadcrumb\",\"itemListElement\":[{\"@type\":\"ListItem\",\"position\":1,\"name\":\"Home\",\"item\":\"https:\\\/\\\/perek.it\\\/pl\\\/\"},{\"@type\":\"ListItem\",\"position\":2,\"name\":\"Sklep\",\"item\":\"https:\\\/\\\/perek.it\\\/pl\\\/sklep\\\/\"},{\"@type\":\"ListItem\",\"position\":3,\"name\":\"Ecumaster USB to CAN\"}]},{\"@type\":\"WebSite\",\"@id\":\"https:\\\/\\\/perek.it\\\/pl\\\/#website\",\"url\":\"https:\\\/\\\/perek.it\\\/pl\\\/\",\"name\":\"PEREK\",\"description\":\"Sterowniki hamowni i akcesoria\",\"publisher\":{\"@id\":\"https:\\\/\\\/perek.it\\\/pl\\\/#organization\"},\"potentialAction\":[{\"@type\":\"SearchAction\",\"target\":{\"@type\":\"EntryPoint\",\"urlTemplate\":\"https:\\\/\\\/perek.it\\\/pl\\\/?s={search_term_string}\"},\"query-input\":{\"@type\":\"PropertyValueSpecification\",\"valueRequired\":true,\"valueName\":\"search_term_string\"}}],\"inLanguage\":\"pl-PL\"},{\"@type\":\"Organization\",\"@id\":\"https:\\\/\\\/perek.it\\\/pl\\\/#organization\",\"name\":\"PEREK\",\"url\":\"https:\\\/\\\/perek.it\\\/pl\\\/\",\"logo\":{\"@type\":\"ImageObject\",\"inLanguage\":\"pl-PL\",\"@id\":\"https:\\\/\\\/perek.it\\\/pl\\\/#\\\/schema\\\/logo\\\/image\\\/\",\"url\":\"https:\\\/\\\/perek.it\\\/wp-content\\\/uploads\\\/2021\\\/07\\\/perek-logo-white.png\",\"contentUrl\":\"https:\\\/\\\/perek.it\\\/wp-content\\\/uploads\\\/2021\\\/07\\\/perek-logo-white.png\",\"width\":962,\"height\":207,\"caption\":\"PEREK\"},\"image\":{\"@id\":\"https:\\\/\\\/perek.it\\\/pl\\\/#\\\/schema\\\/logo\\\/image\\\/\"}}]}<\/script>\n<!-- \/ Yoast SEO plugin. -->","yoast_head_json":{"title":"Ecumaster USB to CAN - PEREK","robots":{"index":"index","follow":"follow","max-snippet":"max-snippet:-1","max-image-preview":"max-image-preview:large","max-video-preview":"max-video-preview:-1"},"canonical":"https:\/\/perek.it\/pl\/produkt\/ecumaster-usb-to-can\/","og_locale":"pl_PL","og_type":"article","og_title":"Ecumaster USB to CAN - PEREK","og_description":"Interfejs pozwalaj\u0105cy na diagnostyk\u0119 magistrali CAN na komputerze PC  Umo\u017cliwia podgl\u0105d przesy\u0142anych danych oraz nadawanie w\u0142asnych danych  S\u0142u\u017cy jako narz\u0119dzie do konfiguracji produkt\u00f3w Ecumaster opartych na systemie Light Client  Pe\u0142na specyfikacja","og_url":"https:\/\/perek.it\/pl\/produkt\/ecumaster-usb-to-can\/","og_site_name":"PEREK","article_modified_time":"2026-04-08T15:29:04+00:00","og_image":[{"width":1200,"height":1004,"url":"https:\/\/perek.it\/wp-content\/uploads\/2020\/08\/usb-to-can.jpg","type":"image\/jpeg"}],"twitter_card":"summary_large_image","twitter_misc":{"Szacowany czas czytania":"1 minuta"},"schema":{"@context":"https:\/\/schema.org","@graph":[{"@type":"WebPage","@id":"https:\/\/perek.it\/pl\/produkt\/ecumaster-usb-to-can\/","url":"https:\/\/perek.it\/pl\/produkt\/ecumaster-usb-to-can\/","name":"Ecumaster USB to CAN - PEREK","isPartOf":{"@id":"https:\/\/perek.it\/pl\/#website"},"primaryImageOfPage":{"@id":"https:\/\/perek.it\/pl\/produkt\/ecumaster-usb-to-can\/#primaryimage"},"image":{"@id":"https:\/\/perek.it\/pl\/produkt\/ecumaster-usb-to-can\/#primaryimage"},"thumbnailUrl":"https:\/\/perek.it\/wp-content\/uploads\/2020\/08\/usb-to-can.jpg","datePublished":"2020-08-21T18:56:05+00:00","dateModified":"2026-04-08T15:29:04+00:00","breadcrumb":{"@id":"https:\/\/perek.it\/pl\/produkt\/ecumaster-usb-to-can\/#breadcrumb"},"inLanguage":"pl-PL","potentialAction":[{"@type":"ReadAction","target":["https:\/\/perek.it\/pl\/produkt\/ecumaster-usb-to-can\/"]}]},{"@type":"ImageObject","inLanguage":"pl-PL","@id":"https:\/\/perek.it\/pl\/produkt\/ecumaster-usb-to-can\/#primaryimage","url":"https:\/\/perek.it\/wp-content\/uploads\/2020\/08\/usb-to-can.jpg","contentUrl":"https:\/\/perek.it\/wp-content\/uploads\/2020\/08\/usb-to-can.jpg","width":1200,"height":1004,"caption":"Ecumaster USB to CAN"},{"@type":"BreadcrumbList","@id":"https:\/\/perek.it\/pl\/produkt\/ecumaster-usb-to-can\/#breadcrumb","itemListElement":[{"@type":"ListItem","position":1,"name":"Home","item":"https:\/\/perek.it\/pl\/"},{"@type":"ListItem","position":2,"name":"Sklep","item":"https:\/\/perek.it\/pl\/sklep\/"},{"@type":"ListItem","position":3,"name":"Ecumaster USB to CAN"}]},{"@type":"WebSite","@id":"https:\/\/perek.it\/pl\/#website","url":"https:\/\/perek.it\/pl\/","name":"PEREK","description":"Sterowniki hamowni i akcesoria","publisher":{"@id":"https:\/\/perek.it\/pl\/#organization"},"potentialAction":[{"@type":"SearchAction","target":{"@type":"EntryPoint","urlTemplate":"https:\/\/perek.it\/pl\/?s={search_term_string}"},"query-input":{"@type":"PropertyValueSpecification","valueRequired":true,"valueName":"search_term_string"}}],"inLanguage":"pl-PL"},{"@type":"Organization","@id":"https:\/\/perek.it\/pl\/#organization","name":"PEREK","url":"https:\/\/perek.it\/pl\/","logo":{"@type":"ImageObject","inLanguage":"pl-PL","@id":"https:\/\/perek.it\/pl\/#\/schema\/logo\/image\/","url":"https:\/\/perek.it\/wp-content\/uploads\/2021\/07\/perek-logo-white.png","contentUrl":"https:\/\/perek.it\/wp-content\/uploads\/2021\/07\/perek-logo-white.png","width":962,"height":207,"caption":"PEREK"},"image":{"@id":"https:\/\/perek.it\/pl\/#\/schema\/logo\/image\/"}}]}},"_links":{"self":[{"href":"https:\/\/perek.it\/pl\/wp-json\/wp\/v2\/product\/290","targetHints":{"allow":["GET"]}}],"collection":[{"href":"https:\/\/perek.it\/pl\/wp-json\/wp\/v2\/product"}],"about":[{"href":"https:\/\/perek.it\/pl\/wp-json\/wp\/v2\/types\/product"}],"wp:featuredmedia":[{"embeddable":true,"href":"https:\/\/perek.it\/pl\/wp-json\/wp\/v2\/media\/291"}],"wp:attachment":[{"href":"https:\/\/perek.it\/pl\/wp-json\/wp\/v2\/media?parent=290"}],"wp:term":[{"taxonomy":"product_brand","embeddable":true,"href":"https:\/\/perek.it\/pl\/wp-json\/wp\/v2\/product_brand?post=290"},{"taxonomy":"product_cat","embeddable":true,"href":"https:\/\/perek.it\/pl\/wp-json\/wp\/v2\/product_cat?post=290"},{"taxonomy":"product_tag","embeddable":true,"href":"https:\/\/perek.it\/pl\/wp-json\/wp\/v2\/product_tag?post=290"}],"curies":[{"name":"wp","href":"https:\/\/api.w.org\/{rel}","templated":true}]}}