{"id":3264,"date":"2023-09-10T08:57:08","date_gmt":"2023-09-10T07:57:08","guid":{"rendered":"https:\/\/perek.it\/?post_type=product&#038;p=3264"},"modified":"2026-04-08T14:12:44","modified_gmt":"2026-04-08T13:12:44","slug":"czujnik-obrotow-cs2","status":"publish","type":"product","link":"https:\/\/perek.it\/pl\/produkt\/czujnik-obrotow-cs2\/","title":{"rendered":"Czujnik obrot\u00f3w CS2"},"content":{"rendered":"<p>Czujnik obrot\u00f3w CS2 jest indukcyjnym czujnikiem pozwalaj\u0105cym na odczyt obrot\u00f3w silnika z przewod\u00f3w zasilaj\u0105cych cewki zap\u0142onowej lub z przewodu wysokiego napi\u0119cia. Czujnik ma zastosowanie w przypadkach gdy pojazd nie ma wska\u017anika pr\u0119dko\u015bci silnika lub tam, gdzie nie ma sta\u0142ego prze\u0142o\u017cenia mi\u0119dzy silnikiem i nap\u0119dem (przek\u0142adnia hydrokinetyczna). Czujnik dedykowany jest do wsp\u00f3\u0142pracy ze sterownikami serii DC.<\/p>\n<p>Wzgl\u0119dem starszej wersji czujnika CS1, w czujniku CS2 poprawiona zosta\u0142a wsp\u00f3\u0142praca z sygna\u0142em z przewodu wysokiego napi\u0119cia oraz dodana zosta\u0142a r\u0119czna regulacja czu\u0142o\u015bci dla lepszej eliminacji zak\u0142\u00f3ce\u0144.<\/p>\n<p>Sk\u0142ad zestawu:<\/p>\n<ul>\n<li>Czujnik indukcyjny<\/li>\n<li>Przed\u0142u\u017cacz 5m<\/li>\n<li>Adapter do sterownik\u00f3w serii DC z regulacj\u0105 czu\u0142o\u015bci<\/li>\n<\/ul>\n<p>Czujnik nale\u017cy podpi\u0105\u0107 przez adapter do wej\u015bcia Engine Speed w sterowniku.<\/p>\n<p>Czujnik indukcyjny najlepiej sprawdza si\u0119 do wykrywania sygna\u0142\u00f3w o znacznej warto\u015bci pr\u0105du takich jak sygna\u0142y na przewodach:<\/p>\n<ul>\n<li>wtryskiwaczy<\/li>\n<li>zasilania cewek zap\u0142onowych<\/li>\n<li>przewodzie wysokiego napi\u0119cia \u015bwiecy zap\u0142onowej<\/li>\n<\/ul>\n<p>Ze wzgl\u0119du na charakterystyk\u0119 pracy uk\u0142adu zap\u0142onowego, przebieg pr\u0105du iskry podczas pomiaru mo\u017ce si\u0119 zmienia\u0107, co mo\u017ce skutkowa\u0107 niestabilnym sygna\u0142em pr\u0119dko\u015bci. Najlepsz\u0105 metod\u0105 pomiaru w przypadku problem\u00f3w ze stabilno\u015bci\u0105 sygna\u0142u jest u\u017cycie czujnika do odczytu prze\u0142o\u017cenia <strong>Engine \/ Roller speed ratio<\/strong> i dalsze wykonywanie pomiar\u00f3w w trybie sta\u0142ego prze\u0142o\u017cenia: <strong>Eng. speed source: calculated.<\/strong><\/p>\n<p><strong>Instrukcja obs\u0142ugi<\/strong><\/p>\n<ol>\n<li>Zapnij czujnik na przewodzie<\/li>\n<li>Wkr\u0119takiem PH1 lub p\u0142askim 2 &#8211; 2.5mm reguluj czu\u0142o\u015b\u0107 w adapterze, a\u017c sygna\u0142 b\u0119dzie widoczny w oprogramowaniu. Zgodnie ze wskaz\u00f3wkami zegara zwi\u0119ksza si\u0119 czu\u0142o\u015b\u0107.<\/li>\n<li>Dokonaj precyzyjnej regulacji czu\u0142o\u015bci, obserwuj\u0105c sygna\u0142 pr\u0119dko\u015bci i zmieniaj\u0105c pr\u0119dko\u015b\u0107 silnika:\n<ol>\n<li>Je\u015bli sygna\u0142 spada poni\u017cej rzeczywistej warto\u015bci, zwi\u0119ksz czu\u0142o\u015b\u0107 lub zmniejsz ustawienie &#8222;Next edge rejection time&#8221; w oprogramowaniu.<\/li>\n<li>Je\u015bli sygna\u0142 wychodzi powy\u017cej rzeczywistej warto\u015bci, zmniejsz czu\u0142o\u015b\u0107 lub odwr\u00f3\u0107 czujnik na przewodzie lub zwi\u0119ksz parametr &#8222;Next edge rejection time&#8221;.<\/li>\n<\/ol>\n<\/li>\n<li>Ustaw &#8222;Signals per rotation&#8221; i &#8222;Speed multiplier&#8221; w zgodzie z ilo\u015bci\u0105 sygna\u0142\u00f3w na obr\u00f3t generowan\u0105 przez przew\u00f3d.<\/li>\n<\/ol>\n<p>Wspomniane ustawienia znajduj\u0105 si\u0119 w <strong>SETTINGS \/ Frequency Input \/ Engine speed<\/strong><\/p>\n<p>Parametr &#8222;Next edge rejection time&#8221; odrzuca kolejne sygna\u0142y przez zadany czas. Mo\u017ce by\u0107 u\u017cyteczny do zignorowania echa g\u0142\u00f3wnego sygna\u0142u przez okre\u015blony czas. Sugerowane pocz\u0105tkowe ustawienie to 2ms. Je\u015bli mierzony sygna\u0142 ma np. cz\u0119stotliwo\u015b\u0107 200Hz wtedy jego okres to 1\/200Hz = 5ms. Parametr &#8222;Next edge rejection time&#8221; musi by\u0107 mniejszy od tej warto\u015bci.<\/p>\n<p>Aktualna wersja adaptera zawiera element obudowy u\u0142atwiaj\u0105cy pozycjonowanie wtyku w gnie\u017adzie 5 &#8211; pinowym. W przypadku sterownika ze z\u0142\u0105czem 4 &#8211; pinowym element nale\u017cy wyci\u0105\u0107.<\/p>\n<p><img loading=\"lazy\" decoding=\"async\" class=\"alignnone size-full wp-image-3818\" src=\"https:\/\/perek.it\/wp-content\/uploads\/2023\/09\/CS2-adapter-with-arrow.png\" alt=\"\" width=\"1266\" height=\"935\" \/><\/p>\n","protected":false},"excerpt":{"rendered":"<p>Czujnik obrot\u00f3w CS2 jest indukcyjnym czujnikiem pozwalaj\u0105cym na odczyt obrot\u00f3w silnika z przewod\u00f3w zasilaj\u0105cych cewki zap\u0142onowej lub z przewodu wysokiego napi\u0119cia. Czujnik ma zastosowanie w przypadkach, gdy pojazd nie ma wska\u017anika pr\u0119dko\u015bci silnika lub tam, gdzie nie ma sta\u0142ego prze\u0142o\u017cenia mi\u0119dzy silnikiem i nap\u0119dem (przek\u0142adnia hydrokinetyczna). Czujnik dedykowany jest do wsp\u00f3\u0142pracy ze sterownikami serii DC.<\/p>\n","protected":false},"featured_media":3266,"template":"","meta":{"site-sidebar-layout":"default","site-content-layout":"","ast-site-content-layout":"default","site-content-style":"default","site-sidebar-style":"default","ast-global-header-display":"","ast-banner-title-visibility":"","ast-main-header-display":"","ast-hfb-above-header-display":"","ast-hfb-below-header-display":"","ast-hfb-mobile-header-display":"","site-post-title":"","ast-breadcrumbs-content":"","ast-featured-img":"","footer-sml-layout":"","ast-disable-related-posts":"","theme-transparent-header-meta":"default","adv-header-id-meta":"","stick-header-meta":"","header-above-stick-meta":"","header-main-stick-meta":"","header-below-stick-meta":"","astra-migrate-meta-layouts":"set","ast-page-background-enabled":"default","ast-page-background-meta":{"desktop":{"background-color":"var(--ast-global-color-4)","background-image":"","background-repeat":"repeat","background-position":"center center","background-size":"auto","background-attachment":"scroll","background-type":"","background-media":"","overlay-type":"","overlay-color":"","overlay-opacity":"","overlay-gradient":""},"tablet":{"background-color":"","background-image":"","background-repeat":"repeat","background-position":"center center","background-size":"auto","background-attachment":"scroll","background-type":"","background-media":"","overlay-type":"","overlay-color":"","overlay-opacity":"","overlay-gradient":""},"mobile":{"background-color":"","background-image":"","background-repeat":"repeat","background-position":"center center","background-size":"auto","background-attachment":"scroll","background-type":"","background-media":"","overlay-type":"","overlay-color":"","overlay-opacity":"","overlay-gradient":""}},"ast-content-background-meta":{"desktop":{"background-color":"var(--ast-global-color-5)","background-image":"","background-repeat":"repeat","background-position":"center center","background-size":"auto","background-attachment":"scroll","background-type":"","background-media":"","overlay-type":"","overlay-color":"","overlay-opacity":"","overlay-gradient":""},"tablet":{"background-color":"var(--ast-global-color-5)","background-image":"","background-repeat":"repeat","background-position":"center center","background-size":"auto","background-attachment":"scroll","background-type":"","background-media":"","overlay-type":"","overlay-color":"","overlay-opacity":"","overlay-gradient":""},"mobile":{"background-color":"var(--ast-global-color-5)","background-image":"","background-repeat":"repeat","background-position":"center center","background-size":"auto","background-attachment":"scroll","background-type":"","background-media":"","overlay-type":"","overlay-color":"","overlay-opacity":"","overlay-gradient":""}}},"product_brand":[],"product_cat":[37],"product_tag":[],"class_list":{"0":"post-3264","1":"product","2":"type-product","3":"status-publish","4":"has-post-thumbnail","6":"product_cat-czujniki","7":"desktop-align-center","8":"tablet-align-left","9":"mobile-align-left","11":"first","12":"instock","13":"taxable","14":"shipping-taxable","15":"purchasable","16":"product-type-simple"},"yoast_head":"<!-- This site is optimized with the Yoast SEO plugin v27.5 - https:\/\/yoast.com\/product\/yoast-seo-wordpress\/ -->\n<title>Czujnik obrot\u00f3w CS2 - PEREK<\/title>\n<meta name=\"description\" content=\"Czujnik obrot\u00f3w do pomiaru pr\u0119dko\u015bci obrotowej z przewodu cewki zap\u0142onowej.\" \/>\n<meta name=\"robots\" content=\"index, follow, max-snippet:-1, max-image-preview:large, max-video-preview:-1\" \/>\n<link rel=\"canonical\" href=\"https:\/\/perek.it\/pl\/produkt\/czujnik-obrotow-cs2\/\" \/>\n<meta property=\"og:locale\" content=\"pl_PL\" \/>\n<meta property=\"og:type\" content=\"article\" \/>\n<meta property=\"og:title\" content=\"Czujnik obrot\u00f3w CS2 - PEREK\" \/>\n<meta property=\"og:description\" content=\"Czujnik obrot\u00f3w do pomiaru pr\u0119dko\u015bci obrotowej z przewodu cewki zap\u0142onowej.\" \/>\n<meta property=\"og:url\" content=\"https:\/\/perek.it\/pl\/produkt\/czujnik-obrotow-cs2\/\" \/>\n<meta property=\"og:site_name\" content=\"PEREK\" \/>\n<meta property=\"article:modified_time\" content=\"2026-04-08T13:12:44+00:00\" \/>\n<meta property=\"og:image\" content=\"https:\/\/perek.it\/wp-content\/uploads\/2023\/09\/CS2-inductive-engine-speed-sensor-scaled.jpg\" \/>\n\t<meta property=\"og:image:width\" content=\"2560\" \/>\n\t<meta property=\"og:image:height\" content=\"1729\" \/>\n\t<meta property=\"og:image:type\" content=\"image\/jpeg\" \/>\n<meta name=\"twitter:card\" content=\"summary_large_image\" \/>\n<meta name=\"twitter:label1\" content=\"Szacowany czas czytania\" \/>\n\t<meta name=\"twitter:data1\" content=\"3 minuty\" \/>\n<script type=\"application\/ld+json\" class=\"yoast-schema-graph\">{\"@context\":\"https:\\\/\\\/schema.org\",\"@graph\":[{\"@type\":\"WebPage\",\"@id\":\"https:\\\/\\\/perek.it\\\/pl\\\/produkt\\\/czujnik-obrotow-cs2\\\/\",\"url\":\"https:\\\/\\\/perek.it\\\/pl\\\/produkt\\\/czujnik-obrotow-cs2\\\/\",\"name\":\"Czujnik obrot\u00f3w CS2 - PEREK\",\"isPartOf\":{\"@id\":\"https:\\\/\\\/perek.it\\\/pl\\\/#website\"},\"primaryImageOfPage\":{\"@id\":\"https:\\\/\\\/perek.it\\\/pl\\\/produkt\\\/czujnik-obrotow-cs2\\\/#primaryimage\"},\"image\":{\"@id\":\"https:\\\/\\\/perek.it\\\/pl\\\/produkt\\\/czujnik-obrotow-cs2\\\/#primaryimage\"},\"thumbnailUrl\":\"https:\\\/\\\/perek.it\\\/wp-content\\\/uploads\\\/2023\\\/09\\\/CS2-inductive-engine-speed-sensor-scaled.jpg\",\"datePublished\":\"2023-09-10T07:57:08+00:00\",\"dateModified\":\"2026-04-08T13:12:44+00:00\",\"description\":\"Czujnik obrot\u00f3w do pomiaru pr\u0119dko\u015bci obrotowej z przewodu cewki zap\u0142onowej.\",\"breadcrumb\":{\"@id\":\"https:\\\/\\\/perek.it\\\/pl\\\/produkt\\\/czujnik-obrotow-cs2\\\/#breadcrumb\"},\"inLanguage\":\"pl-PL\",\"potentialAction\":[{\"@type\":\"ReadAction\",\"target\":[\"https:\\\/\\\/perek.it\\\/pl\\\/produkt\\\/czujnik-obrotow-cs2\\\/\"]}]},{\"@type\":\"ImageObject\",\"inLanguage\":\"pl-PL\",\"@id\":\"https:\\\/\\\/perek.it\\\/pl\\\/produkt\\\/czujnik-obrotow-cs2\\\/#primaryimage\",\"url\":\"https:\\\/\\\/perek.it\\\/wp-content\\\/uploads\\\/2023\\\/09\\\/CS2-inductive-engine-speed-sensor-scaled.jpg\",\"contentUrl\":\"https:\\\/\\\/perek.it\\\/wp-content\\\/uploads\\\/2023\\\/09\\\/CS2-inductive-engine-speed-sensor-scaled.jpg\",\"width\":2560,\"height\":1729},{\"@type\":\"BreadcrumbList\",\"@id\":\"https:\\\/\\\/perek.it\\\/pl\\\/produkt\\\/czujnik-obrotow-cs2\\\/#breadcrumb\",\"itemListElement\":[{\"@type\":\"ListItem\",\"position\":1,\"name\":\"Home\",\"item\":\"https:\\\/\\\/perek.it\\\/pl\\\/\"},{\"@type\":\"ListItem\",\"position\":2,\"name\":\"Sklep\",\"item\":\"https:\\\/\\\/perek.it\\\/pl\\\/sklep\\\/\"},{\"@type\":\"ListItem\",\"position\":3,\"name\":\"Czujnik obrot\u00f3w CS2\"}]},{\"@type\":\"WebSite\",\"@id\":\"https:\\\/\\\/perek.it\\\/pl\\\/#website\",\"url\":\"https:\\\/\\\/perek.it\\\/pl\\\/\",\"name\":\"PEREK\",\"description\":\"Sterowniki hamowni i akcesoria\",\"publisher\":{\"@id\":\"https:\\\/\\\/perek.it\\\/pl\\\/#organization\"},\"potentialAction\":[{\"@type\":\"SearchAction\",\"target\":{\"@type\":\"EntryPoint\",\"urlTemplate\":\"https:\\\/\\\/perek.it\\\/pl\\\/?s={search_term_string}\"},\"query-input\":{\"@type\":\"PropertyValueSpecification\",\"valueRequired\":true,\"valueName\":\"search_term_string\"}}],\"inLanguage\":\"pl-PL\"},{\"@type\":\"Organization\",\"@id\":\"https:\\\/\\\/perek.it\\\/pl\\\/#organization\",\"name\":\"PEREK\",\"url\":\"https:\\\/\\\/perek.it\\\/pl\\\/\",\"logo\":{\"@type\":\"ImageObject\",\"inLanguage\":\"pl-PL\",\"@id\":\"https:\\\/\\\/perek.it\\\/pl\\\/#\\\/schema\\\/logo\\\/image\\\/\",\"url\":\"https:\\\/\\\/perek.it\\\/wp-content\\\/uploads\\\/2021\\\/07\\\/perek-logo-white.png\",\"contentUrl\":\"https:\\\/\\\/perek.it\\\/wp-content\\\/uploads\\\/2021\\\/07\\\/perek-logo-white.png\",\"width\":962,\"height\":207,\"caption\":\"PEREK\"},\"image\":{\"@id\":\"https:\\\/\\\/perek.it\\\/pl\\\/#\\\/schema\\\/logo\\\/image\\\/\"}}]}<\/script>\n<!-- \/ Yoast SEO plugin. -->","yoast_head_json":{"title":"Czujnik obrot\u00f3w CS2 - PEREK","description":"Czujnik obrot\u00f3w do pomiaru pr\u0119dko\u015bci obrotowej z przewodu cewki zap\u0142onowej.","robots":{"index":"index","follow":"follow","max-snippet":"max-snippet:-1","max-image-preview":"max-image-preview:large","max-video-preview":"max-video-preview:-1"},"canonical":"https:\/\/perek.it\/pl\/produkt\/czujnik-obrotow-cs2\/","og_locale":"pl_PL","og_type":"article","og_title":"Czujnik obrot\u00f3w CS2 - PEREK","og_description":"Czujnik obrot\u00f3w do pomiaru pr\u0119dko\u015bci obrotowej z przewodu cewki zap\u0142onowej.","og_url":"https:\/\/perek.it\/pl\/produkt\/czujnik-obrotow-cs2\/","og_site_name":"PEREK","article_modified_time":"2026-04-08T13:12:44+00:00","og_image":[{"width":2560,"height":1729,"url":"https:\/\/perek.it\/wp-content\/uploads\/2023\/09\/CS2-inductive-engine-speed-sensor-scaled.jpg","type":"image\/jpeg"}],"twitter_card":"summary_large_image","twitter_misc":{"Szacowany czas czytania":"3 minuty"},"schema":{"@context":"https:\/\/schema.org","@graph":[{"@type":"WebPage","@id":"https:\/\/perek.it\/pl\/produkt\/czujnik-obrotow-cs2\/","url":"https:\/\/perek.it\/pl\/produkt\/czujnik-obrotow-cs2\/","name":"Czujnik obrot\u00f3w CS2 - PEREK","isPartOf":{"@id":"https:\/\/perek.it\/pl\/#website"},"primaryImageOfPage":{"@id":"https:\/\/perek.it\/pl\/produkt\/czujnik-obrotow-cs2\/#primaryimage"},"image":{"@id":"https:\/\/perek.it\/pl\/produkt\/czujnik-obrotow-cs2\/#primaryimage"},"thumbnailUrl":"https:\/\/perek.it\/wp-content\/uploads\/2023\/09\/CS2-inductive-engine-speed-sensor-scaled.jpg","datePublished":"2023-09-10T07:57:08+00:00","dateModified":"2026-04-08T13:12:44+00:00","description":"Czujnik obrot\u00f3w do pomiaru pr\u0119dko\u015bci obrotowej z przewodu cewki zap\u0142onowej.","breadcrumb":{"@id":"https:\/\/perek.it\/pl\/produkt\/czujnik-obrotow-cs2\/#breadcrumb"},"inLanguage":"pl-PL","potentialAction":[{"@type":"ReadAction","target":["https:\/\/perek.it\/pl\/produkt\/czujnik-obrotow-cs2\/"]}]},{"@type":"ImageObject","inLanguage":"pl-PL","@id":"https:\/\/perek.it\/pl\/produkt\/czujnik-obrotow-cs2\/#primaryimage","url":"https:\/\/perek.it\/wp-content\/uploads\/2023\/09\/CS2-inductive-engine-speed-sensor-scaled.jpg","contentUrl":"https:\/\/perek.it\/wp-content\/uploads\/2023\/09\/CS2-inductive-engine-speed-sensor-scaled.jpg","width":2560,"height":1729},{"@type":"BreadcrumbList","@id":"https:\/\/perek.it\/pl\/produkt\/czujnik-obrotow-cs2\/#breadcrumb","itemListElement":[{"@type":"ListItem","position":1,"name":"Home","item":"https:\/\/perek.it\/pl\/"},{"@type":"ListItem","position":2,"name":"Sklep","item":"https:\/\/perek.it\/pl\/sklep\/"},{"@type":"ListItem","position":3,"name":"Czujnik obrot\u00f3w CS2"}]},{"@type":"WebSite","@id":"https:\/\/perek.it\/pl\/#website","url":"https:\/\/perek.it\/pl\/","name":"PEREK","description":"Sterowniki hamowni i akcesoria","publisher":{"@id":"https:\/\/perek.it\/pl\/#organization"},"potentialAction":[{"@type":"SearchAction","target":{"@type":"EntryPoint","urlTemplate":"https:\/\/perek.it\/pl\/?s={search_term_string}"},"query-input":{"@type":"PropertyValueSpecification","valueRequired":true,"valueName":"search_term_string"}}],"inLanguage":"pl-PL"},{"@type":"Organization","@id":"https:\/\/perek.it\/pl\/#organization","name":"PEREK","url":"https:\/\/perek.it\/pl\/","logo":{"@type":"ImageObject","inLanguage":"pl-PL","@id":"https:\/\/perek.it\/pl\/#\/schema\/logo\/image\/","url":"https:\/\/perek.it\/wp-content\/uploads\/2021\/07\/perek-logo-white.png","contentUrl":"https:\/\/perek.it\/wp-content\/uploads\/2021\/07\/perek-logo-white.png","width":962,"height":207,"caption":"PEREK"},"image":{"@id":"https:\/\/perek.it\/pl\/#\/schema\/logo\/image\/"}}]}},"_links":{"self":[{"href":"https:\/\/perek.it\/pl\/wp-json\/wp\/v2\/product\/3264","targetHints":{"allow":["GET"]}}],"collection":[{"href":"https:\/\/perek.it\/pl\/wp-json\/wp\/v2\/product"}],"about":[{"href":"https:\/\/perek.it\/pl\/wp-json\/wp\/v2\/types\/product"}],"wp:featuredmedia":[{"embeddable":true,"href":"https:\/\/perek.it\/pl\/wp-json\/wp\/v2\/media\/3266"}],"wp:attachment":[{"href":"https:\/\/perek.it\/pl\/wp-json\/wp\/v2\/media?parent=3264"}],"wp:term":[{"taxonomy":"product_brand","embeddable":true,"href":"https:\/\/perek.it\/pl\/wp-json\/wp\/v2\/product_brand?post=3264"},{"taxonomy":"product_cat","embeddable":true,"href":"https:\/\/perek.it\/pl\/wp-json\/wp\/v2\/product_cat?post=3264"},{"taxonomy":"product_tag","embeddable":true,"href":"https:\/\/perek.it\/pl\/wp-json\/wp\/v2\/product_tag?post=3264"}],"curies":[{"name":"wp","href":"https:\/\/api.w.org\/{rel}","templated":true}]}}