{"id":3274,"date":"2023-09-10T10:02:39","date_gmt":"2023-09-10T09:02:39","guid":{"rendered":"https:\/\/perek.it\/product\/rdzen-ferrytowy-emc\/"},"modified":"2023-09-10T10:02:39","modified_gmt":"2023-09-10T09:02:39","slug":"rdzen-ferrytowy-emc","status":"publish","type":"product","link":"https:\/\/perek.it\/pl\/produkt\/rdzen-ferrytowy-emc\/","title":{"rendered":"Rdze\u0144 ferrytowy EMC"},"content":{"rendered":"<p>Rdze\u0144 ferrytowy jest bardzo skutecznym elementem do redukcji propagacji zak\u0142\u00f3ce\u0144 o wysokiej cz\u0119stotliwo\u015bci przez przewody.<\/p>\n<p>Przyk\u0142adowe zastosowania:<\/p>\n<ul>\n<li>Przew\u00f3d z urz\u0105dze\u0144 serii BD do hamulca elektrowirowego<\/li>\n<li>Przew\u00f3d z falownika (VFD) do silnika<\/li>\n<li>Kable sygna\u0142owe nara\u017cone na zak\u0142\u00f3cenia<\/li>\n<li>Kable zasilaj\u0105ce do urz\u0105dze\u0144 BD i falownik\u00f3w<\/li>\n<\/ul>\n<p>Zaleca si\u0119 stosowanie rdzenia na wyj\u015bciu urz\u0105dze\u0144 BD lub falownik\u00f3w VFD je\u015bli przew\u00f3d do odbiornika jest d\u0142u\u017cszy ni\u017c 1.5m<\/p>\n<p>Rdze\u0144 powinien by\u0107 umieszczony przy urz\u0105dzeniu BD lub VFD.<\/p>\n<p>Specyfikacja:<\/p>\n<ul>\n<li>\u015arednica zewn\u0119trzna: 50mm<\/li>\n<li>\u015arednica wewn\u0119trzna: 30mm<\/li>\n<li>Grubo\u015b\u0107: 19mm<\/li>\n<li>AL = 17300nH +\/-30%<\/li>\n<\/ul>\n","protected":false},"excerpt":{"rendered":"<p>Rdze\u0144 ferrytowy do redukcji zak\u0142\u00f3ce\u0144 w przewodach.<\/p>\n","protected":false},"featured_media":3273,"template":"","meta":{"site-sidebar-layout":"default","site-content-layout":"","ast-site-content-layout":"default","site-content-style":"default","site-sidebar-style":"default","ast-global-header-display":"","ast-banner-title-visibility":"","ast-main-header-display":"","ast-hfb-above-header-display":"","ast-hfb-below-header-display":"","ast-hfb-mobile-header-display":"","site-post-title":"","ast-breadcrumbs-content":"","ast-featured-img":"","footer-sml-layout":"","ast-disable-related-posts":"","theme-transparent-header-meta":"default","adv-header-id-meta":"","stick-header-meta":"","header-above-stick-meta":"","header-main-stick-meta":"","header-below-stick-meta":"","astra-migrate-meta-layouts":"default","ast-page-background-enabled":"default","ast-page-background-meta":{"desktop":{"background-color":"var(--ast-global-color-4)","background-image":"","background-repeat":"repeat","background-position":"center center","background-size":"auto","background-attachment":"scroll","background-type":"","background-media":"","overlay-type":"","overlay-color":"","overlay-opacity":"","overlay-gradient":""},"tablet":{"background-color":"","background-image":"","background-repeat":"repeat","background-position":"center center","background-size":"auto","background-attachment":"scroll","background-type":"","background-media":"","overlay-type":"","overlay-color":"","overlay-opacity":"","overlay-gradient":""},"mobile":{"background-color":"","background-image":"","background-repeat":"repeat","background-position":"center center","background-size":"auto","background-attachment":"scroll","background-type":"","background-media":"","overlay-type":"","overlay-color":"","overlay-opacity":"","overlay-gradient":""}},"ast-content-background-meta":{"desktop":{"background-color":"var(--ast-global-color-5)","background-image":"","background-repeat":"repeat","background-position":"center center","background-size":"auto","background-attachment":"scroll","background-type":"","background-media":"","overlay-type":"","overlay-color":"","overlay-opacity":"","overlay-gradient":""},"tablet":{"background-color":"var(--ast-global-color-5)","background-image":"","background-repeat":"repeat","background-position":"center center","background-size":"auto","background-attachment":"scroll","background-type":"","background-media":"","overlay-type":"","overlay-color":"","overlay-opacity":"","overlay-gradient":""},"mobile":{"background-color":"var(--ast-global-color-5)","background-image":"","background-repeat":"repeat","background-position":"center center","background-size":"auto","background-attachment":"scroll","background-type":"","background-media":"","overlay-type":"","overlay-color":"","overlay-opacity":"","overlay-gradient":""}}},"product_brand":[],"product_cat":[38],"product_tag":[],"class_list":{"0":"post-3274","1":"product","2":"type-product","3":"status-publish","4":"has-post-thumbnail","6":"product_cat-akcesoria","7":"desktop-align-center","8":"tablet-align-left","9":"mobile-align-left","11":"first","12":"instock","13":"taxable","14":"shipping-taxable","15":"purchasable","16":"product-type-simple"},"yoast_head":"<!-- This site is optimized with the Yoast SEO plugin v27.5 - https:\/\/yoast.com\/product\/yoast-seo-wordpress\/ -->\n<title>Rdze\u0144 ferrytowy EMC - PEREK<\/title>\n<meta name=\"description\" content=\"Rdze\u0144 ferrytowy do redukcji zak\u0142\u00f3ce\u0144 elektromagnetycznych\" \/>\n<meta name=\"robots\" content=\"index, follow, max-snippet:-1, max-image-preview:large, max-video-preview:-1\" \/>\n<link rel=\"canonical\" href=\"https:\/\/perek.it\/pl\/produkt\/rdzen-ferrytowy-emc\/\" \/>\n<meta property=\"og:locale\" content=\"pl_PL\" \/>\n<meta property=\"og:type\" content=\"article\" \/>\n<meta property=\"og:title\" content=\"Rdze\u0144 ferrytowy EMC - PEREK\" \/>\n<meta property=\"og:description\" content=\"Rdze\u0144 ferrytowy do redukcji zak\u0142\u00f3ce\u0144 elektromagnetycznych\" \/>\n<meta property=\"og:url\" content=\"https:\/\/perek.it\/pl\/produkt\/rdzen-ferrytowy-emc\/\" \/>\n<meta property=\"og:site_name\" content=\"PEREK\" \/>\n<meta property=\"og:image\" content=\"https:\/\/perek.it\/wp-content\/uploads\/2023\/09\/ferrite-core-50x30x19.jpg\" \/>\n\t<meta property=\"og:image:width\" content=\"1944\" \/>\n\t<meta property=\"og:image:height\" content=\"1898\" \/>\n\t<meta property=\"og:image:type\" content=\"image\/jpeg\" \/>\n<meta name=\"twitter:card\" content=\"summary_large_image\" \/>\n<meta name=\"twitter:label1\" content=\"Szacowany czas czytania\" \/>\n\t<meta name=\"twitter:data1\" content=\"1 minuta\" \/>\n<script type=\"application\/ld+json\" class=\"yoast-schema-graph\">{\"@context\":\"https:\\\/\\\/schema.org\",\"@graph\":[{\"@type\":\"WebPage\",\"@id\":\"https:\\\/\\\/perek.it\\\/pl\\\/produkt\\\/rdzen-ferrytowy-emc\\\/\",\"url\":\"https:\\\/\\\/perek.it\\\/pl\\\/produkt\\\/rdzen-ferrytowy-emc\\\/\",\"name\":\"Rdze\u0144 ferrytowy EMC - PEREK\",\"isPartOf\":{\"@id\":\"https:\\\/\\\/perek.it\\\/pl\\\/#website\"},\"primaryImageOfPage\":{\"@id\":\"https:\\\/\\\/perek.it\\\/pl\\\/produkt\\\/rdzen-ferrytowy-emc\\\/#primaryimage\"},\"image\":{\"@id\":\"https:\\\/\\\/perek.it\\\/pl\\\/produkt\\\/rdzen-ferrytowy-emc\\\/#primaryimage\"},\"thumbnailUrl\":\"https:\\\/\\\/perek.it\\\/wp-content\\\/uploads\\\/2023\\\/09\\\/ferrite-core-50x30x19.jpg\",\"datePublished\":\"2023-09-10T09:02:39+00:00\",\"description\":\"Rdze\u0144 ferrytowy do redukcji zak\u0142\u00f3ce\u0144 elektromagnetycznych\",\"breadcrumb\":{\"@id\":\"https:\\\/\\\/perek.it\\\/pl\\\/produkt\\\/rdzen-ferrytowy-emc\\\/#breadcrumb\"},\"inLanguage\":\"pl-PL\",\"potentialAction\":[{\"@type\":\"ReadAction\",\"target\":[\"https:\\\/\\\/perek.it\\\/pl\\\/produkt\\\/rdzen-ferrytowy-emc\\\/\"]}]},{\"@type\":\"ImageObject\",\"inLanguage\":\"pl-PL\",\"@id\":\"https:\\\/\\\/perek.it\\\/pl\\\/produkt\\\/rdzen-ferrytowy-emc\\\/#primaryimage\",\"url\":\"https:\\\/\\\/perek.it\\\/wp-content\\\/uploads\\\/2023\\\/09\\\/ferrite-core-50x30x19.jpg\",\"contentUrl\":\"https:\\\/\\\/perek.it\\\/wp-content\\\/uploads\\\/2023\\\/09\\\/ferrite-core-50x30x19.jpg\",\"width\":1944,\"height\":1898},{\"@type\":\"BreadcrumbList\",\"@id\":\"https:\\\/\\\/perek.it\\\/pl\\\/produkt\\\/rdzen-ferrytowy-emc\\\/#breadcrumb\",\"itemListElement\":[{\"@type\":\"ListItem\",\"position\":1,\"name\":\"Home\",\"item\":\"https:\\\/\\\/perek.it\\\/pl\\\/\"},{\"@type\":\"ListItem\",\"position\":2,\"name\":\"Sklep\",\"item\":\"https:\\\/\\\/perek.it\\\/pl\\\/sklep\\\/\"},{\"@type\":\"ListItem\",\"position\":3,\"name\":\"Rdze\u0144 ferrytowy EMC\"}]},{\"@type\":\"WebSite\",\"@id\":\"https:\\\/\\\/perek.it\\\/pl\\\/#website\",\"url\":\"https:\\\/\\\/perek.it\\\/pl\\\/\",\"name\":\"PEREK\",\"description\":\"Sterowniki hamowni i akcesoria\",\"publisher\":{\"@id\":\"https:\\\/\\\/perek.it\\\/pl\\\/#organization\"},\"potentialAction\":[{\"@type\":\"SearchAction\",\"target\":{\"@type\":\"EntryPoint\",\"urlTemplate\":\"https:\\\/\\\/perek.it\\\/pl\\\/?s={search_term_string}\"},\"query-input\":{\"@type\":\"PropertyValueSpecification\",\"valueRequired\":true,\"valueName\":\"search_term_string\"}}],\"inLanguage\":\"pl-PL\"},{\"@type\":\"Organization\",\"@id\":\"https:\\\/\\\/perek.it\\\/pl\\\/#organization\",\"name\":\"PEREK\",\"url\":\"https:\\\/\\\/perek.it\\\/pl\\\/\",\"logo\":{\"@type\":\"ImageObject\",\"inLanguage\":\"pl-PL\",\"@id\":\"https:\\\/\\\/perek.it\\\/pl\\\/#\\\/schema\\\/logo\\\/image\\\/\",\"url\":\"https:\\\/\\\/perek.it\\\/wp-content\\\/uploads\\\/2021\\\/07\\\/perek-logo-white.png\",\"contentUrl\":\"https:\\\/\\\/perek.it\\\/wp-content\\\/uploads\\\/2021\\\/07\\\/perek-logo-white.png\",\"width\":962,\"height\":207,\"caption\":\"PEREK\"},\"image\":{\"@id\":\"https:\\\/\\\/perek.it\\\/pl\\\/#\\\/schema\\\/logo\\\/image\\\/\"}}]}<\/script>\n<!-- \/ Yoast SEO plugin. -->","yoast_head_json":{"title":"Rdze\u0144 ferrytowy EMC - PEREK","description":"Rdze\u0144 ferrytowy do redukcji zak\u0142\u00f3ce\u0144 elektromagnetycznych","robots":{"index":"index","follow":"follow","max-snippet":"max-snippet:-1","max-image-preview":"max-image-preview:large","max-video-preview":"max-video-preview:-1"},"canonical":"https:\/\/perek.it\/pl\/produkt\/rdzen-ferrytowy-emc\/","og_locale":"pl_PL","og_type":"article","og_title":"Rdze\u0144 ferrytowy EMC - PEREK","og_description":"Rdze\u0144 ferrytowy do redukcji zak\u0142\u00f3ce\u0144 elektromagnetycznych","og_url":"https:\/\/perek.it\/pl\/produkt\/rdzen-ferrytowy-emc\/","og_site_name":"PEREK","og_image":[{"width":1944,"height":1898,"url":"https:\/\/perek.it\/wp-content\/uploads\/2023\/09\/ferrite-core-50x30x19.jpg","type":"image\/jpeg"}],"twitter_card":"summary_large_image","twitter_misc":{"Szacowany czas czytania":"1 minuta"},"schema":{"@context":"https:\/\/schema.org","@graph":[{"@type":"WebPage","@id":"https:\/\/perek.it\/pl\/produkt\/rdzen-ferrytowy-emc\/","url":"https:\/\/perek.it\/pl\/produkt\/rdzen-ferrytowy-emc\/","name":"Rdze\u0144 ferrytowy EMC - PEREK","isPartOf":{"@id":"https:\/\/perek.it\/pl\/#website"},"primaryImageOfPage":{"@id":"https:\/\/perek.it\/pl\/produkt\/rdzen-ferrytowy-emc\/#primaryimage"},"image":{"@id":"https:\/\/perek.it\/pl\/produkt\/rdzen-ferrytowy-emc\/#primaryimage"},"thumbnailUrl":"https:\/\/perek.it\/wp-content\/uploads\/2023\/09\/ferrite-core-50x30x19.jpg","datePublished":"2023-09-10T09:02:39+00:00","description":"Rdze\u0144 ferrytowy do redukcji zak\u0142\u00f3ce\u0144 elektromagnetycznych","breadcrumb":{"@id":"https:\/\/perek.it\/pl\/produkt\/rdzen-ferrytowy-emc\/#breadcrumb"},"inLanguage":"pl-PL","potentialAction":[{"@type":"ReadAction","target":["https:\/\/perek.it\/pl\/produkt\/rdzen-ferrytowy-emc\/"]}]},{"@type":"ImageObject","inLanguage":"pl-PL","@id":"https:\/\/perek.it\/pl\/produkt\/rdzen-ferrytowy-emc\/#primaryimage","url":"https:\/\/perek.it\/wp-content\/uploads\/2023\/09\/ferrite-core-50x30x19.jpg","contentUrl":"https:\/\/perek.it\/wp-content\/uploads\/2023\/09\/ferrite-core-50x30x19.jpg","width":1944,"height":1898},{"@type":"BreadcrumbList","@id":"https:\/\/perek.it\/pl\/produkt\/rdzen-ferrytowy-emc\/#breadcrumb","itemListElement":[{"@type":"ListItem","position":1,"name":"Home","item":"https:\/\/perek.it\/pl\/"},{"@type":"ListItem","position":2,"name":"Sklep","item":"https:\/\/perek.it\/pl\/sklep\/"},{"@type":"ListItem","position":3,"name":"Rdze\u0144 ferrytowy EMC"}]},{"@type":"WebSite","@id":"https:\/\/perek.it\/pl\/#website","url":"https:\/\/perek.it\/pl\/","name":"PEREK","description":"Sterowniki hamowni i akcesoria","publisher":{"@id":"https:\/\/perek.it\/pl\/#organization"},"potentialAction":[{"@type":"SearchAction","target":{"@type":"EntryPoint","urlTemplate":"https:\/\/perek.it\/pl\/?s={search_term_string}"},"query-input":{"@type":"PropertyValueSpecification","valueRequired":true,"valueName":"search_term_string"}}],"inLanguage":"pl-PL"},{"@type":"Organization","@id":"https:\/\/perek.it\/pl\/#organization","name":"PEREK","url":"https:\/\/perek.it\/pl\/","logo":{"@type":"ImageObject","inLanguage":"pl-PL","@id":"https:\/\/perek.it\/pl\/#\/schema\/logo\/image\/","url":"https:\/\/perek.it\/wp-content\/uploads\/2021\/07\/perek-logo-white.png","contentUrl":"https:\/\/perek.it\/wp-content\/uploads\/2021\/07\/perek-logo-white.png","width":962,"height":207,"caption":"PEREK"},"image":{"@id":"https:\/\/perek.it\/pl\/#\/schema\/logo\/image\/"}}]}},"_links":{"self":[{"href":"https:\/\/perek.it\/pl\/wp-json\/wp\/v2\/product\/3274","targetHints":{"allow":["GET"]}}],"collection":[{"href":"https:\/\/perek.it\/pl\/wp-json\/wp\/v2\/product"}],"about":[{"href":"https:\/\/perek.it\/pl\/wp-json\/wp\/v2\/types\/product"}],"wp:featuredmedia":[{"embeddable":true,"href":"https:\/\/perek.it\/pl\/wp-json\/wp\/v2\/media\/3273"}],"wp:attachment":[{"href":"https:\/\/perek.it\/pl\/wp-json\/wp\/v2\/media?parent=3274"}],"wp:term":[{"taxonomy":"product_brand","embeddable":true,"href":"https:\/\/perek.it\/pl\/wp-json\/wp\/v2\/product_brand?post=3274"},{"taxonomy":"product_cat","embeddable":true,"href":"https:\/\/perek.it\/pl\/wp-json\/wp\/v2\/product_cat?post=3274"},{"taxonomy":"product_tag","embeddable":true,"href":"https:\/\/perek.it\/pl\/wp-json\/wp\/v2\/product_tag?post=3274"}],"curies":[{"name":"wp","href":"https:\/\/api.w.org\/{rel}","templated":true}]}}