{"id":3318,"date":"2023-09-10T14:21:07","date_gmt":"2023-09-10T13:21:07","guid":{"rendered":"https:\/\/perek.it\/?post_type=product&#038;p=3318"},"modified":"2026-04-08T16:08:07","modified_gmt":"2026-04-08T15:08:07","slug":"interfejs-obd-poprzez-usb-stn2120","status":"publish","type":"product","link":"https:\/\/perek.it\/pl\/produkt\/interfejs-obd-poprzez-usb-stn2120\/","title":{"rendered":"Interfejs OBD poprzez USB STN2120"},"content":{"rendered":"<ul>\n<li>Przewodowy interfejs OBD oparty na uk\u0142adzie STN2120 i uk\u0142adzie komunikacji FTDI<\/li>\n<li>Kompatybilny z protoko\u0142em komunikacji ELM327<\/li>\n<li>Szybszy od standardowego ELM327<\/li>\n<li>Wspiera nowsze pojazdy ni\u017c ELM327<\/li>\n<li>Mo\u017cliwa aktualizacja firmware<\/li>\n<li>Do 200 odczyt\u00f3w na sekund\u0119 &#8211; ograniczeniem pr\u0119dko\u015bci jest sterownik pojazdu<\/li>\n<li>Kompatybilny z kontrolerem hamowni. Pod\u0142\u0105czany poprzez kabel USB<\/li>\n<li>W zestawie przed\u0142u\u017cacz USB 5m i izolator galwaniczny USB<\/li>\n<\/ul>\n<p>Wspierane protoko\u0142y:<\/p>\n<ul>\n<li>SAE J1850 PWM (41.6 kbaud)<\/li>\n<li>SAE J1850 VPW (10.4 kbaud)<\/li>\n<li>ISO 9141-2 (5 baud init, 10.4 kbaud)<\/li>\n<li>ISO 14230-4 KWP (5 baud init, 10.4 kbaud)<\/li>\n<li>ISO 14230-4 KWP (fast init, 10.4 kbaud)<\/li>\n<li>ISO 15765-4 CAN (11 bit ID, 500 kbaud)<\/li>\n<li>ISO 15765-4 CAN (29 bit ID, 500 kbaud)<\/li>\n<li>ISO 15765-4 CAN (11 bit ID, 250 kbaud)<\/li>\n<li>ISO 15765-4 CAN (29 bit ID, 250 kbaud)<\/li>\n<li>A.SAE J1939 CAN (29bit ID, 250*Kbaud)<\/li>\n<li>B.USER1 CAN (11*bit ID, 125*Kbaud)<\/li>\n<li>C.USER2 CAN (11*bit ID, 50*kbaud)<\/li>\n<\/ul>\n","protected":false},"excerpt":{"rendered":"<ul>\n<li>Przewodowy interfejs OBD<\/li>\n<li>Kompatybilny z kontrolerem hamowni. Pod\u0142\u0105czany poprzez kabel USB.<\/li>\n<li>Szybszy ni\u017c standardowy ELM327<\/li>\n<li>W zestawie z przed\u0142u\u017caczem i izolatorem USB<\/li>\n<\/ul>\n","protected":false},"featured_media":3354,"template":"","meta":{"site-sidebar-layout":"default","site-content-layout":"","ast-site-content-layout":"default","site-content-style":"default","site-sidebar-style":"default","ast-global-header-display":"","ast-banner-title-visibility":"","ast-main-header-display":"","ast-hfb-above-header-display":"","ast-hfb-below-header-display":"","ast-hfb-mobile-header-display":"","site-post-title":"","ast-breadcrumbs-content":"","ast-featured-img":"","footer-sml-layout":"","ast-disable-related-posts":"","theme-transparent-header-meta":"default","adv-header-id-meta":"","stick-header-meta":"","header-above-stick-meta":"","header-main-stick-meta":"","header-below-stick-meta":"","astra-migrate-meta-layouts":"set","ast-page-background-enabled":"default","ast-page-background-meta":{"desktop":{"background-color":"var(--ast-global-color-4)","background-image":"","background-repeat":"repeat","background-position":"center center","background-size":"auto","background-attachment":"scroll","background-type":"","background-media":"","overlay-type":"","overlay-color":"","overlay-opacity":"","overlay-gradient":""},"tablet":{"background-color":"","background-image":"","background-repeat":"repeat","background-position":"center center","background-size":"auto","background-attachment":"scroll","background-type":"","background-media":"","overlay-type":"","overlay-color":"","overlay-opacity":"","overlay-gradient":""},"mobile":{"background-color":"","background-image":"","background-repeat":"repeat","background-position":"center center","background-size":"auto","background-attachment":"scroll","background-type":"","background-media":"","overlay-type":"","overlay-color":"","overlay-opacity":"","overlay-gradient":""}},"ast-content-background-meta":{"desktop":{"background-color":"var(--ast-global-color-5)","background-image":"","background-repeat":"repeat","background-position":"center center","background-size":"auto","background-attachment":"scroll","background-type":"","background-media":"","overlay-type":"","overlay-color":"","overlay-opacity":"","overlay-gradient":""},"tablet":{"background-color":"var(--ast-global-color-5)","background-image":"","background-repeat":"repeat","background-position":"center center","background-size":"auto","background-attachment":"scroll","background-type":"","background-media":"","overlay-type":"","overlay-color":"","overlay-opacity":"","overlay-gradient":""},"mobile":{"background-color":"var(--ast-global-color-5)","background-image":"","background-repeat":"repeat","background-position":"center center","background-size":"auto","background-attachment":"scroll","background-type":"","background-media":"","overlay-type":"","overlay-color":"","overlay-opacity":"","overlay-gradient":""}}},"product_brand":[],"product_cat":[38],"product_tag":[],"class_list":{"0":"post-3318","1":"product","2":"type-product","3":"status-publish","4":"has-post-thumbnail","6":"product_cat-akcesoria","7":"desktop-align-center","8":"tablet-align-left","9":"mobile-align-left","11":"first","12":"instock","13":"taxable","14":"shipping-taxable","15":"purchasable","16":"product-type-simple"},"yoast_head":"<!-- This site is optimized with the Yoast SEO plugin v27.5 - https:\/\/yoast.com\/product\/yoast-seo-wordpress\/ -->\n<title>Interfejs OBD poprzez USB STN2120 - PEREK<\/title>\n<meta name=\"description\" content=\"Interfejs do pobierania danych diagnostycznych OBD poprzez USB.\" \/>\n<meta name=\"robots\" content=\"index, follow, max-snippet:-1, max-image-preview:large, max-video-preview:-1\" \/>\n<link rel=\"canonical\" href=\"https:\/\/perek.it\/pl\/produkt\/interfejs-obd-poprzez-usb-stn2120\/\" \/>\n<meta property=\"og:locale\" content=\"pl_PL\" \/>\n<meta property=\"og:type\" content=\"article\" \/>\n<meta property=\"og:title\" content=\"Interfejs OBD poprzez USB STN2120 - PEREK\" \/>\n<meta property=\"og:description\" content=\"Interfejs do pobierania danych diagnostycznych OBD poprzez USB.\" \/>\n<meta property=\"og:url\" content=\"https:\/\/perek.it\/pl\/produkt\/interfejs-obd-poprzez-usb-stn2120\/\" \/>\n<meta property=\"og:site_name\" content=\"PEREK\" \/>\n<meta property=\"article:modified_time\" content=\"2026-04-08T15:08:07+00:00\" \/>\n<meta property=\"og:image\" content=\"https:\/\/perek.it\/wp-content\/uploads\/2023\/09\/OBD-USB-interface-FTDI-STN2120-side-scaled.jpg\" \/>\n\t<meta property=\"og:image:width\" content=\"2560\" \/>\n\t<meta property=\"og:image:height\" content=\"1807\" \/>\n\t<meta property=\"og:image:type\" content=\"image\/jpeg\" \/>\n<meta name=\"twitter:card\" content=\"summary_large_image\" \/>\n<meta name=\"twitter:label1\" content=\"Szacowany czas czytania\" \/>\n\t<meta name=\"twitter:data1\" content=\"1 minuta\" \/>\n<script type=\"application\/ld+json\" class=\"yoast-schema-graph\">{\"@context\":\"https:\\\/\\\/schema.org\",\"@graph\":[{\"@type\":\"WebPage\",\"@id\":\"https:\\\/\\\/perek.it\\\/pl\\\/produkt\\\/interfejs-obd-poprzez-usb-stn2120\\\/\",\"url\":\"https:\\\/\\\/perek.it\\\/pl\\\/produkt\\\/interfejs-obd-poprzez-usb-stn2120\\\/\",\"name\":\"Interfejs OBD poprzez USB STN2120 - PEREK\",\"isPartOf\":{\"@id\":\"https:\\\/\\\/perek.it\\\/pl\\\/#website\"},\"primaryImageOfPage\":{\"@id\":\"https:\\\/\\\/perek.it\\\/pl\\\/produkt\\\/interfejs-obd-poprzez-usb-stn2120\\\/#primaryimage\"},\"image\":{\"@id\":\"https:\\\/\\\/perek.it\\\/pl\\\/produkt\\\/interfejs-obd-poprzez-usb-stn2120\\\/#primaryimage\"},\"thumbnailUrl\":\"https:\\\/\\\/perek.it\\\/wp-content\\\/uploads\\\/2023\\\/09\\\/OBD-USB-interface-FTDI-STN2120-side-scaled.jpg\",\"datePublished\":\"2023-09-10T13:21:07+00:00\",\"dateModified\":\"2026-04-08T15:08:07+00:00\",\"description\":\"Interfejs do pobierania danych diagnostycznych OBD poprzez USB.\",\"breadcrumb\":{\"@id\":\"https:\\\/\\\/perek.it\\\/pl\\\/produkt\\\/interfejs-obd-poprzez-usb-stn2120\\\/#breadcrumb\"},\"inLanguage\":\"pl-PL\",\"potentialAction\":[{\"@type\":\"ReadAction\",\"target\":[\"https:\\\/\\\/perek.it\\\/pl\\\/produkt\\\/interfejs-obd-poprzez-usb-stn2120\\\/\"]}]},{\"@type\":\"ImageObject\",\"inLanguage\":\"pl-PL\",\"@id\":\"https:\\\/\\\/perek.it\\\/pl\\\/produkt\\\/interfejs-obd-poprzez-usb-stn2120\\\/#primaryimage\",\"url\":\"https:\\\/\\\/perek.it\\\/wp-content\\\/uploads\\\/2023\\\/09\\\/OBD-USB-interface-FTDI-STN2120-side-scaled.jpg\",\"contentUrl\":\"https:\\\/\\\/perek.it\\\/wp-content\\\/uploads\\\/2023\\\/09\\\/OBD-USB-interface-FTDI-STN2120-side-scaled.jpg\",\"width\":2560,\"height\":1807},{\"@type\":\"BreadcrumbList\",\"@id\":\"https:\\\/\\\/perek.it\\\/pl\\\/produkt\\\/interfejs-obd-poprzez-usb-stn2120\\\/#breadcrumb\",\"itemListElement\":[{\"@type\":\"ListItem\",\"position\":1,\"name\":\"Home\",\"item\":\"https:\\\/\\\/perek.it\\\/pl\\\/\"},{\"@type\":\"ListItem\",\"position\":2,\"name\":\"Sklep\",\"item\":\"https:\\\/\\\/perek.it\\\/pl\\\/sklep\\\/\"},{\"@type\":\"ListItem\",\"position\":3,\"name\":\"Interfejs OBD poprzez USB STN2120\"}]},{\"@type\":\"WebSite\",\"@id\":\"https:\\\/\\\/perek.it\\\/pl\\\/#website\",\"url\":\"https:\\\/\\\/perek.it\\\/pl\\\/\",\"name\":\"PEREK\",\"description\":\"Sterowniki hamowni i akcesoria\",\"publisher\":{\"@id\":\"https:\\\/\\\/perek.it\\\/pl\\\/#organization\"},\"potentialAction\":[{\"@type\":\"SearchAction\",\"target\":{\"@type\":\"EntryPoint\",\"urlTemplate\":\"https:\\\/\\\/perek.it\\\/pl\\\/?s={search_term_string}\"},\"query-input\":{\"@type\":\"PropertyValueSpecification\",\"valueRequired\":true,\"valueName\":\"search_term_string\"}}],\"inLanguage\":\"pl-PL\"},{\"@type\":\"Organization\",\"@id\":\"https:\\\/\\\/perek.it\\\/pl\\\/#organization\",\"name\":\"PEREK\",\"url\":\"https:\\\/\\\/perek.it\\\/pl\\\/\",\"logo\":{\"@type\":\"ImageObject\",\"inLanguage\":\"pl-PL\",\"@id\":\"https:\\\/\\\/perek.it\\\/pl\\\/#\\\/schema\\\/logo\\\/image\\\/\",\"url\":\"https:\\\/\\\/perek.it\\\/wp-content\\\/uploads\\\/2021\\\/07\\\/perek-logo-white.png\",\"contentUrl\":\"https:\\\/\\\/perek.it\\\/wp-content\\\/uploads\\\/2021\\\/07\\\/perek-logo-white.png\",\"width\":962,\"height\":207,\"caption\":\"PEREK\"},\"image\":{\"@id\":\"https:\\\/\\\/perek.it\\\/pl\\\/#\\\/schema\\\/logo\\\/image\\\/\"}}]}<\/script>\n<!-- \/ Yoast SEO plugin. -->","yoast_head_json":{"title":"Interfejs OBD poprzez USB STN2120 - PEREK","description":"Interfejs do pobierania danych diagnostycznych OBD poprzez USB.","robots":{"index":"index","follow":"follow","max-snippet":"max-snippet:-1","max-image-preview":"max-image-preview:large","max-video-preview":"max-video-preview:-1"},"canonical":"https:\/\/perek.it\/pl\/produkt\/interfejs-obd-poprzez-usb-stn2120\/","og_locale":"pl_PL","og_type":"article","og_title":"Interfejs OBD poprzez USB STN2120 - PEREK","og_description":"Interfejs do pobierania danych diagnostycznych OBD poprzez USB.","og_url":"https:\/\/perek.it\/pl\/produkt\/interfejs-obd-poprzez-usb-stn2120\/","og_site_name":"PEREK","article_modified_time":"2026-04-08T15:08:07+00:00","og_image":[{"width":2560,"height":1807,"url":"https:\/\/perek.it\/wp-content\/uploads\/2023\/09\/OBD-USB-interface-FTDI-STN2120-side-scaled.jpg","type":"image\/jpeg"}],"twitter_card":"summary_large_image","twitter_misc":{"Szacowany czas czytania":"1 minuta"},"schema":{"@context":"https:\/\/schema.org","@graph":[{"@type":"WebPage","@id":"https:\/\/perek.it\/pl\/produkt\/interfejs-obd-poprzez-usb-stn2120\/","url":"https:\/\/perek.it\/pl\/produkt\/interfejs-obd-poprzez-usb-stn2120\/","name":"Interfejs OBD poprzez USB STN2120 - PEREK","isPartOf":{"@id":"https:\/\/perek.it\/pl\/#website"},"primaryImageOfPage":{"@id":"https:\/\/perek.it\/pl\/produkt\/interfejs-obd-poprzez-usb-stn2120\/#primaryimage"},"image":{"@id":"https:\/\/perek.it\/pl\/produkt\/interfejs-obd-poprzez-usb-stn2120\/#primaryimage"},"thumbnailUrl":"https:\/\/perek.it\/wp-content\/uploads\/2023\/09\/OBD-USB-interface-FTDI-STN2120-side-scaled.jpg","datePublished":"2023-09-10T13:21:07+00:00","dateModified":"2026-04-08T15:08:07+00:00","description":"Interfejs do pobierania danych diagnostycznych OBD poprzez USB.","breadcrumb":{"@id":"https:\/\/perek.it\/pl\/produkt\/interfejs-obd-poprzez-usb-stn2120\/#breadcrumb"},"inLanguage":"pl-PL","potentialAction":[{"@type":"ReadAction","target":["https:\/\/perek.it\/pl\/produkt\/interfejs-obd-poprzez-usb-stn2120\/"]}]},{"@type":"ImageObject","inLanguage":"pl-PL","@id":"https:\/\/perek.it\/pl\/produkt\/interfejs-obd-poprzez-usb-stn2120\/#primaryimage","url":"https:\/\/perek.it\/wp-content\/uploads\/2023\/09\/OBD-USB-interface-FTDI-STN2120-side-scaled.jpg","contentUrl":"https:\/\/perek.it\/wp-content\/uploads\/2023\/09\/OBD-USB-interface-FTDI-STN2120-side-scaled.jpg","width":2560,"height":1807},{"@type":"BreadcrumbList","@id":"https:\/\/perek.it\/pl\/produkt\/interfejs-obd-poprzez-usb-stn2120\/#breadcrumb","itemListElement":[{"@type":"ListItem","position":1,"name":"Home","item":"https:\/\/perek.it\/pl\/"},{"@type":"ListItem","position":2,"name":"Sklep","item":"https:\/\/perek.it\/pl\/sklep\/"},{"@type":"ListItem","position":3,"name":"Interfejs OBD poprzez USB STN2120"}]},{"@type":"WebSite","@id":"https:\/\/perek.it\/pl\/#website","url":"https:\/\/perek.it\/pl\/","name":"PEREK","description":"Sterowniki hamowni i akcesoria","publisher":{"@id":"https:\/\/perek.it\/pl\/#organization"},"potentialAction":[{"@type":"SearchAction","target":{"@type":"EntryPoint","urlTemplate":"https:\/\/perek.it\/pl\/?s={search_term_string}"},"query-input":{"@type":"PropertyValueSpecification","valueRequired":true,"valueName":"search_term_string"}}],"inLanguage":"pl-PL"},{"@type":"Organization","@id":"https:\/\/perek.it\/pl\/#organization","name":"PEREK","url":"https:\/\/perek.it\/pl\/","logo":{"@type":"ImageObject","inLanguage":"pl-PL","@id":"https:\/\/perek.it\/pl\/#\/schema\/logo\/image\/","url":"https:\/\/perek.it\/wp-content\/uploads\/2021\/07\/perek-logo-white.png","contentUrl":"https:\/\/perek.it\/wp-content\/uploads\/2021\/07\/perek-logo-white.png","width":962,"height":207,"caption":"PEREK"},"image":{"@id":"https:\/\/perek.it\/pl\/#\/schema\/logo\/image\/"}}]}},"_links":{"self":[{"href":"https:\/\/perek.it\/pl\/wp-json\/wp\/v2\/product\/3318","targetHints":{"allow":["GET"]}}],"collection":[{"href":"https:\/\/perek.it\/pl\/wp-json\/wp\/v2\/product"}],"about":[{"href":"https:\/\/perek.it\/pl\/wp-json\/wp\/v2\/types\/product"}],"wp:featuredmedia":[{"embeddable":true,"href":"https:\/\/perek.it\/pl\/wp-json\/wp\/v2\/media\/3354"}],"wp:attachment":[{"href":"https:\/\/perek.it\/pl\/wp-json\/wp\/v2\/media?parent=3318"}],"wp:term":[{"taxonomy":"product_brand","embeddable":true,"href":"https:\/\/perek.it\/pl\/wp-json\/wp\/v2\/product_brand?post=3318"},{"taxonomy":"product_cat","embeddable":true,"href":"https:\/\/perek.it\/pl\/wp-json\/wp\/v2\/product_cat?post=3318"},{"taxonomy":"product_tag","embeddable":true,"href":"https:\/\/perek.it\/pl\/wp-json\/wp\/v2\/product_tag?post=3318"}],"curies":[{"name":"wp","href":"https:\/\/api.w.org\/{rel}","templated":true}]}}