{"id":3708,"date":"2024-01-03T20:55:10","date_gmt":"2024-01-03T19:55:10","guid":{"rendered":"https:\/\/perek.it\/?post_type=product&#038;p=3708"},"modified":"2026-04-07T18:37:25","modified_gmt":"2026-04-07T17:37:25","slug":"sterownik-hamowni-dc2l","status":"publish","type":"product","link":"https:\/\/perek.it\/pl\/produkt\/sterownik-hamowni-dc2l\/","title":{"rendered":"Sterownik Hamowni DC2L"},"content":{"rendered":"<h2>Zawarto\u015b\u0107 zestawu<\/h2>\n<ul>\n<li>Sterownik DC2L<\/li>\n<li>Pe\u0142ny zestaw wtyczek sygna\u0142owych<\/li>\n<li>Stacja pogodowa z przewodem<\/li>\n<\/ul>\n<h2 class=\"western\">Specyfikacja<\/h2>\n<table width=\"100%\" cellspacing=\"0\" cellpadding=\"4\">\n<tbody>\n<tr valign=\"top\">\n<td width=\"38%\">Zasilanie<\/td>\n<td width=\"62%\">100-240 VAC, 50-60Hz, 1.5A, z\u0142\u0105cze IEC C14<\/td>\n<\/tr>\n<tr valign=\"top\">\n<td style=\"text-align: left;\" width=\"38%\">Temperatura otoczenia<\/td>\n<td width=\"62%\">\u221220\u00b0C &#8211; 50\u00b0C<\/td>\n<\/tr>\n<tr valign=\"top\">\n<td width=\"38%\">Wilgotno\u015b\u0107 wzgl\u0119dna otoczenia<\/td>\n<td width=\"62%\">0%-95% bez kondensacji<\/td>\n<\/tr>\n<tr valign=\"top\">\n<td width=\"38%\">Komputer bazowy<\/td>\n<td width=\"62%\">4-rdzeniowy Cortex A76 2.4GHz<br \/>\n4GB RAM LPDDR4, Pami\u0119\u0107 danych 64GB 100MB\/s<\/td>\n<\/tr>\n<tr valign=\"top\">\n<td width=\"38%\">Mikrokontroler steruj\u0105cy<\/td>\n<td width=\"62%\">32-bit RISC 64MHz<\/td>\n<\/tr>\n<tr valign=\"top\">\n<td width=\"38%\">Wymiary<\/td>\n<td width=\"62%\">20cm x 9cm x 4.5cm<\/td>\n<\/tr>\n<tr valign=\"top\">\n<td width=\"38%\">Masa<\/td>\n<td width=\"62%\">0.36kg<\/td>\n<\/tr>\n<\/tbody>\n<\/table>\n<p>&nbsp;<\/p>\n<h2 class=\"western\">Wej\u015bcia \/ wyj\u015bcia urz\u0105dzenia<\/h2>\n<ul>\n<li>Wi-Fi IEEE 802.11b\/g\/n\/ac (2,4\/5 GHz)<\/li>\n<li>Bluetooth 5.0 (Low Energy (BLE))<\/li>\n<li>Gigabit Ethernet<\/li>\n<li>2 x port USB 2.0<\/li>\n<li>2 x port USB 3.0<\/li>\n<li>2 x port micro HDMI<\/li>\n<li>Czujnik warunk\u00f3w otoczenia \/ stacja pogodowa (temperatura, ci\u015bnienie, wilgotno\u015b\u0107) w komplecie jako osobne urz\u0105dzenie<\/li>\n<li>Interfejs CAN-BUS 2.0B<\/li>\n<li>Wyj\u015bcia zasilaj\u0105ce czujniki 12V, 5V<\/li>\n<li>Wyj\u015bcie analogowe 0-10V<\/li>\n<li>2 wyj\u015bcia PWM typu open collector 3A 40V<\/li>\n<li>Wyj\u015bcia dodatkowe typu open collector 3A 40V<\/li>\n<li>Dwu-pinowe wyj\u015bcie przeka\u017anikowe 250V 16A<\/li>\n<li>Wej\u015bcia czujnik\u00f3w pr\u0119dko\u015bci rolki wspieraj\u0105ce czujniki typu hall oraz enkodery<\/li>\n<li>Wej\u015bcie pr\u0119dko\u015bci obrotowej silnika &#8211; czujnik hall, VR, zacisk indukcyjny lub pojemno\u015bciowy do 15kHz<\/li>\n<li>Dedykowane wej\u015bcie ze wbudowanym wzmacniaczem dla tensometru<\/li>\n<li>Wej\u015bcie analogowe 0-5V og\u00f3lnego przeznaczenia<\/li>\n<li>4 wej\u015bcia dla termopar z mo\u017cliwo\u015bci\u0105 pracy jako wej\u015bcie analogowe<\/li>\n<li>Wej\u015bcia dla przycisku steruj\u0105cego<\/li>\n<\/ul>\n<h2 class=\"western\">Interfejsy typowe dla komputera PC<\/h2>\n<p>Sterownik wyposa\u017cony jest w standardowe interfejsy wyst\u0119puj\u0105ce w komputerach PC, takie jak USB, Ethernet, micro HDMI. Pozwalaj\u0105 one na pod\u0142\u0105czenie do sterownika typowych urz\u0105dze\u0144 wej\u015bcia \/ wyj\u015bcia jak myszy, klawiatury, drukarki, monitory oraz umo\u017cliwiaj\u0105 pod\u0142\u0105czenie do sieci internet. Dost\u0119pne s\u0105 tak\u017ce interfejsy bezprzewodowe WiFi oraz Bluetooth.<\/p>\n<p>Bluetooth pozwala na bezprzewodowe po\u0142\u0105czenie z OBD za pomoc\u0105 dodatkowego interfejsu i odczyt typowych parametr\u00f3w pracy pojazdu.<\/p>\n<h2 class=\"western\">Czujnik warunk\u00f3w otoczenia<\/h2>\n<p>Czujnik warunk\u00f3w otoczenia dostarczany jest w zestawie jako osobne urz\u0105dzenie pod\u0142\u0105czane do g\u0142\u00f3wnego sterownika. Czujnik warunk\u00f3w otoczenia pozwala na rejestrowanie temperatury, ci\u015bnienia i wilgotno\u015bci otoczenia oraz wprowadzenie korekty mocy silnika zgodnie z popularnymi normami.<\/p>\n<h2 class=\"western\">Interfejs CAN-BUS<\/h2>\n<p>Urz\u0105dzenie wyposa\u017cone jest w lini\u0119 CAN-BUS 2.0B z konfigurowaln\u0105 pr\u0119dko\u015bci\u0105 transmisji do 1Mbps zgodn\u0105 z ISO-11898-2 i ISO-11898-5.<\/p>\n<p>Linia wyposa\u017cona jest w programowo w\u0142\u0105czany rezystor terminuj\u0105cy 120Ohm<\/p>\n<p>Magistrala CAN sk\u0142ada si\u0119 z 2 skr\u0119conych ze sob\u0105 przewod\u00f3w i umo\u017cliwia r\u00f3wnoleg\u0142e pod\u0142\u0105czenie wielu komunikuj\u0105cych si\u0119 ze sob\u0105 urz\u0105dze\u0144.<\/p>\n<p>Przyk\u0142adowe urz\u0105dzenia, kt\u00f3re mo\u017cna pod\u0142\u0105czy\u0107 do magistrali CAN to:<\/p>\n<ul>\n<li>Dodatkowe urz\u0105dzenia steruj\u0105ce odbiornikami, mostki typu H<\/li>\n<li>Modu\u0142y dodatkowych wej\u015b\u0107 &#8211; wej\u015bcia analogowe, kontrolery sondy szerokopasmowej<\/li>\n<li>Wy\u015bwietlacze samochodowe<\/li>\n<li>Sterownik silnika np. Ecumaster EMU Black w celu odczytu parametr\u00f3w pracy silnika lub sterowania przepustnic\u0105<\/li>\n<\/ul>\n<h2 class=\"western\">Wyj\u015bcia zasilaj\u0105ce czujnik\u00f3w<\/h2>\n<ul>\n<li>Wyj\u015bcie 12V 9W<\/li>\n<li>Wyj\u015bcie 5V 1W<\/li>\n<\/ul>\n<h2 class=\"western\">Wyj\u015bcie analogowe<\/h2>\n<ul>\n<li>Wyj\u015bcie analogowe o zakresie 0-10V przeznaczone do sterowania osprz\u0119tem hamowni wymagaj\u0105cym sygna\u0142u analogowego.<\/li>\n<li>Mog\u0105 s\u0142u\u017cy\u0107 do sterowania hamulcem elektrowirowym<\/li>\n<li>Impedancja wyj\u015bciowa: 1kOhm<\/li>\n<li>Rozdzielczo\u015b\u0107: 12bit<\/li>\n<\/ul>\n<h2 class=\"western\">Wyj\u015bcia typu open collector oraz wyj\u015bcia przeka\u017anikowe<\/h2>\n<p>Sterownik wyposa\u017cony jest w 3 wyj\u015bcia typu open collector, za\u0142\u0105czaj\u0105ce mas\u0119.<\/p>\n<ul>\n<li>Dopuszczalne napi\u0119cie prze\u0142\u0105czane do 40V<\/li>\n<li>Dopuszczalny pr\u0105d prze\u0142\u0105czany: 3A ci\u0105g\u0142e, 12A chwilowe<\/li>\n<li>Dopuszczalna energia obci\u0105\u017cenia indukcyjnego: 50mJ<\/li>\n<li>Wbudowany rezystor pull-up 10kOhm do +12V umo\u017cliwiaj\u0105cy generowanie sygna\u0142u cyfrowego<\/li>\n<li>Zabezpieczenie przed zwarciem i przeci\u0105\u017ceniem<\/li>\n<\/ul>\n<p>2 z tych wyj\u015b\u0107 udost\u0119pniaj\u0105 sprz\u0119towe generowanie sygna\u0142u PWM o programowalnej cz\u0119stotliwo\u015bci od 0.06Hz do 50kHz i rozdzielczo\u015bci do 20bit. Pozwala to na sterowanie:<\/p>\n<ul>\n<li>hamulcami elektrowirowymi<\/li>\n<li>elektrozaworami<\/li>\n<li>serwomechanizmami &#8211; wsparcie dla sygna\u0142u RC pulse<\/li>\n<li>modulowanie mocy urz\u0105dze\u0144 takich jak wentylatory ch\u0142odz\u0105ce itp.<\/li>\n<\/ul>\n<p>Pozosta\u0142e wyj\u015bcie open collector oraz wyj\u015bcie przeka\u017anikowe sterowane s\u0105 z poziomu oprogramowania i pozwalaj\u0105 na za\u0142\u0105czenie odbiornika w zale\u017cno\u015bci od parametr\u00f3w pracy hamowni lub stanu przycisk\u00f3w steruj\u0105cych. Pozwala to np. na:<\/p>\n<ul>\n<li>automatyczne za\u0142\u0105czenie wentylatora przy okre\u015blonej pr\u0119dko\u015bci obrotowej silnika<\/li>\n<li>sterowanie wentylatorem za pomoc\u0105 klawiatury<\/li>\n<\/ul>\n<p>Dopuszczalne obci\u0105\u017cenie wyj\u015b\u0107 przeka\u017anikowych to 250V 16A.<\/p>\n<h2 class=\"western\">Wej\u015bcia cz\u0119stotliwo\u015bciowe<\/h2>\n<p>Sterownik wyposa\u017cony jest w 2 wej\u015bcia cz\u0119stotliwo\u015bciowe.<\/p>\n<p>Jedno z nich przystosowane jest do czujnik\u00f3w typu Hall oraz enkoder\u00f3w i s\u0142u\u017cy do pomiaru pr\u0119dko\u015bci rolek hamowni podwoziowej lub wa\u0142u silnika w hamowni silnikowej. W trybie &#8222;pulse capture&#8221; wej\u015bcie obs\u0142uguje sygna\u0142 wej\u015bciowy o cz\u0119stotliwo\u015bci 15mHz do 15kHz. W trybie &#8222;pulse count&#8221; obs\u0142ugiwany jest sygna\u0142 do 10Mhz.<\/p>\n<ul>\n<li>Maksymalne napi\u0119cie sygna\u0142u: 15V<\/li>\n<li>Pr\u00f3g napi\u0119cia generuj\u0105cy sygna\u0142: 2.5V<\/li>\n<li>Histereza: 0.6 &#8211; 1.2V<\/li>\n<\/ul>\n<p>Drugie wej\u015bcie umo\u017cliwia odczyt sygna\u0142u z czujnik\u00f3w Hall, VR oraz zacisk\u00f3w indukcyjnych i pojemno\u015bciowych i mo\u017ce s\u0142u\u017cy\u0107 do dodatkowego odczytu pr\u0119dko\u015bci silnika w hamowniach podwoziowych.<\/p>\n<ul>\n<li>Napi\u0119cie wej\u015bciowe do 50VAC sinus, 250V chwilowe<\/li>\n<li>Wej\u015bcie r\u00f3\u017cnicowe<\/li>\n<li>Adaptacyjnie ustalany pr\u00f3g napi\u0119cia sygna\u0142u<\/li>\n<\/ul>\n<h2>Wej\u015bcie tensometru<\/h2>\n<p>Sterownik wyposa\u017cony jest w dedykowane, r\u00f3\u017cnicowe wej\u015bcie wysokiej precyzji ze wbudowanym, programowalnym wzmacniaczem, przeznaczone do bezpo\u015bredniego pod\u0142\u0105czenia tensometru.<\/p>\n<ul>\n<li>Zakres wzmocnienia: 1 &#8211; 128<\/li>\n<li>Zakres napi\u0119cia r\u00f3\u017cnicowego: 4V<\/li>\n<li>Napi\u0119cie pomiarowe na wej\u015bciach sygna\u0142owych: 0.5V &#8211; 4.5V<\/li>\n<li>Dopuszczalne napi\u0119cie na wej\u015bciach sygna\u0142owych: 0V &#8211; 5V<\/li>\n<li>Rozdzielczo\u015b\u0107: 24bit<\/li>\n<li>Cz\u0119stotliwo\u015b\u0107 logowania: 500Hz<\/li>\n<li>Cz\u0119stotliwo\u015b\u0107 pr\u00f3bkowania: 256kHz<\/li>\n<\/ul>\n<h2 class=\"western\">Wej\u015bcia analogowe<\/h2>\n<p>Sterownik wyposa\u017cony jest wej\u015bcie analogowe o zakresie 0-5V. Wej\u015bcie jest og\u00f3lnego przeznaczenia i s\u0142u\u017cy do pod\u0142\u0105czenia dowolnych czujnik\u00f3w.<\/p>\n<ul>\n<li>Maksymalne napi\u0119cie na wej\u015bciu: 30V<\/li>\n<li>Rozdzielczo\u015b\u0107: 14bit<\/li>\n<li>Cz\u0119stotliwo\u015b\u0107 logowania: 500Hz<\/li>\n<li>Cz\u0119stotliwo\u015b\u0107 pr\u00f3bkowania: 25kHz<\/li>\n<\/ul>\n<h2 class=\"western\">Wej\u015bcia analogowe wysokiej precyzji<\/h2>\n<p>Sterownik wyposa\u017cony jest w 2 pary wej\u015b\u0107 wysokiej precyzji. Wej\u015bcia te mo\u017cna u\u017cy\u0107 do bezpo\u015bredniego pod\u0142\u0105czenia termopar typu K lub do pod\u0142\u0105czenia dowolnego sygna\u0142u analogowego 0-5V. Ka\u017cda para wej\u015b\u0107 umo\u017cliwia pomiar sygna\u0142u w trybie r\u00f3\u017cnicowym, lub pojedynczo, ze wsp\u00f3lnym punktem odniesienia na masie.<\/p>\n<ul>\n<li>Rozdzielczo\u015b\u0107: 16bit<\/li>\n<li>Cz\u0119stotliwo\u015b\u0107 logowania: 10Hz<\/li>\n<li>Cz\u0119stotliwo\u015b\u0107 pr\u00f3bkowania: 250kHz<\/li>\n<li>Zakresy napi\u0119cia: 0-256mV &#8211; 0-5V<\/li>\n<\/ul>\n<h2 class=\"western\">Wej\u015bcie przycisku<\/h2>\n<p>Sterownik wyposa\u017cony jest w wej\u015bcie cyfrowe do podpi\u0119cia przycisku. Przycisk mo\u017ce s\u0142u\u017cy\u0107 do za\u0142\u0105czania funkcji oprogramowania lub wyj\u015bcia sterownika.<\/p>\n","protected":false},"excerpt":{"rendered":"<h2>Zintegrowany komputer<\/h2>\n<h2>kontroler hamowni DC2L<\/h2>\n<p>Sterownik hamowni DC2L jest uniwersalnym rozwi\u0105zaniem s\u0142u\u017c\u0105cym do sterowania wszelkiego rodzaju hamowniami.<\/p>\n<p>Obs\u0142uguje hamownie inercyjne i obci\u0105\u017ceniowe, mi\u0119dzy innymi:<\/p>\n<ul>\n<li>silnikowe,<\/li>\n<li>podwoziowe 4&#215;4 z mechaniczn\u0105 synchronizacj\u0105<\/li>\n<\/ul>\n<p>Sterownik \u0142\u0105czy w sobie komputer klasy PC z systemem operacyjnym i dedykowanym oprogramowaniem oraz system sterowania i akwizycji danych oparty na mikrokontrolerze. Nie jest wymagany dodatkowy komputer.<\/p>\n<p><b>Oprogramowanie w cenie sterownika.<\/b><\/p>\n<p>Funkcje realizowane przez sterownik hamowni:<\/p>\n<ul>\n<li>Odczyt parametr\u00f3w pracy hamowni oraz danych z dodatkowych czujnik\u00f3w<\/li>\n<li>Generowanie sygna\u0142u steruj\u0105cego hamulcami hamowni obci\u0105\u017ceniowej<\/li>\n<li>Sterowanie osprz\u0119tem skojarzonym z hamowni\u0105 jak np. wentylatory itp.<\/li>\n<li>Zapisywanie danych oraz ich p\u00f3\u017aniejsza analiza<\/li>\n<li>Mo\u017cliwo\u015b\u0107 rozszerzenia funkcjonalno\u015bci poprzez magistral\u0119 CAN-BUS<\/li>\n<\/ul>\n<div><\/div>\n","protected":false},"featured_media":3782,"template":"","meta":{"site-sidebar-layout":"default","site-content-layout":"","ast-site-content-layout":"default","site-content-style":"default","site-sidebar-style":"default","ast-global-header-display":"","ast-banner-title-visibility":"","ast-main-header-display":"","ast-hfb-above-header-display":"","ast-hfb-below-header-display":"","ast-hfb-mobile-header-display":"","site-post-title":"","ast-breadcrumbs-content":"","ast-featured-img":"","footer-sml-layout":"","ast-disable-related-posts":"","theme-transparent-header-meta":"default","adv-header-id-meta":"","stick-header-meta":"","header-above-stick-meta":"","header-main-stick-meta":"","header-below-stick-meta":"","astra-migrate-meta-layouts":"set","ast-page-background-enabled":"default","ast-page-background-meta":{"desktop":{"background-color":"var(--ast-global-color-4)","background-image":"","background-repeat":"repeat","background-position":"center center","background-size":"auto","background-attachment":"scroll","background-type":"","background-media":"","overlay-type":"","overlay-color":"","overlay-opacity":"","overlay-gradient":""},"tablet":{"background-color":"","background-image":"","background-repeat":"repeat","background-position":"center center","background-size":"auto","background-attachment":"scroll","background-type":"","background-media":"","overlay-type":"","overlay-color":"","overlay-opacity":"","overlay-gradient":""},"mobile":{"background-color":"","background-image":"","background-repeat":"repeat","background-position":"center center","background-size":"auto","background-attachment":"scroll","background-type":"","background-media":"","overlay-type":"","overlay-color":"","overlay-opacity":"","overlay-gradient":""}},"ast-content-background-meta":{"desktop":{"background-color":"var(--ast-global-color-5)","background-image":"","background-repeat":"repeat","background-position":"center center","background-size":"auto","background-attachment":"scroll","background-type":"","background-media":"","overlay-type":"","overlay-color":"","overlay-opacity":"","overlay-gradient":""},"tablet":{"background-color":"var(--ast-global-color-5)","background-image":"","background-repeat":"repeat","background-position":"center center","background-size":"auto","background-attachment":"scroll","background-type":"","background-media":"","overlay-type":"","overlay-color":"","overlay-opacity":"","overlay-gradient":""},"mobile":{"background-color":"var(--ast-global-color-5)","background-image":"","background-repeat":"repeat","background-position":"center center","background-size":"auto","background-attachment":"scroll","background-type":"","background-media":"","overlay-type":"","overlay-color":"","overlay-opacity":"","overlay-gradient":""}}},"product_brand":[],"product_cat":[28],"product_tag":[],"class_list":{"0":"post-3708","1":"product","2":"type-product","3":"status-publish","4":"has-post-thumbnail","6":"product_cat-perek","7":"desktop-align-center","8":"tablet-align-left","9":"mobile-align-left","11":"first","12":"instock","13":"featured","14":"taxable","15":"shipping-taxable","16":"purchasable","17":"product-type-simple"},"yoast_head":"<!-- This site is optimized with the Yoast SEO plugin v27.4 - https:\/\/yoast.com\/product\/yoast-seo-wordpress\/ -->\n<title>Sterownik Hamowni DC2L - PEREK<\/title>\n<meta name=\"description\" content=\"Uniwersalny sterownik do wszelkich typ\u00f3w hamowni - silnikowych, podwoziowych, inercyjnych, obci\u0105\u017ceniowych.\" \/>\n<meta name=\"robots\" content=\"index, follow, max-snippet:-1, max-image-preview:large, max-video-preview:-1\" \/>\n<link rel=\"canonical\" href=\"https:\/\/perek.it\/pl\/produkt\/sterownik-hamowni-dc2l\/\" \/>\n<meta property=\"og:locale\" content=\"pl_PL\" \/>\n<meta property=\"og:type\" content=\"article\" \/>\n<meta property=\"og:title\" content=\"Sterownik Hamowni DC2L - PEREK\" \/>\n<meta property=\"og:description\" content=\"Uniwersalny sterownik do wszelkich typ\u00f3w hamowni - silnikowych, podwoziowych, inercyjnych, obci\u0105\u017ceniowych.\" \/>\n<meta property=\"og:url\" content=\"https:\/\/perek.it\/pl\/produkt\/sterownik-hamowni-dc2l\/\" \/>\n<meta property=\"og:site_name\" content=\"PEREK\" \/>\n<meta property=\"article:modified_time\" content=\"2026-04-07T17:37:25+00:00\" \/>\n<meta property=\"og:image\" content=\"https:\/\/perek.it\/wp-content\/uploads\/2024\/01\/DC2L-dyno-controller-DAQ-front-1.png\" \/>\n\t<meta property=\"og:image:width\" content=\"1280\" \/>\n\t<meta property=\"og:image:height\" content=\"658\" \/>\n\t<meta property=\"og:image:type\" content=\"image\/png\" \/>\n<meta name=\"twitter:card\" content=\"summary_large_image\" \/>\n<meta name=\"twitter:label1\" content=\"Szacowany czas czytania\" \/>\n\t<meta name=\"twitter:data1\" content=\"4 minuty\" \/>\n<script type=\"application\/ld+json\" class=\"yoast-schema-graph\">{\"@context\":\"https:\\\/\\\/schema.org\",\"@graph\":[{\"@type\":\"WebPage\",\"@id\":\"https:\\\/\\\/perek.it\\\/pl\\\/produkt\\\/sterownik-hamowni-dc2l\\\/\",\"url\":\"https:\\\/\\\/perek.it\\\/pl\\\/produkt\\\/sterownik-hamowni-dc2l\\\/\",\"name\":\"Sterownik Hamowni DC2L - PEREK\",\"isPartOf\":{\"@id\":\"https:\\\/\\\/perek.it\\\/pl\\\/#website\"},\"primaryImageOfPage\":{\"@id\":\"https:\\\/\\\/perek.it\\\/pl\\\/produkt\\\/sterownik-hamowni-dc2l\\\/#primaryimage\"},\"image\":{\"@id\":\"https:\\\/\\\/perek.it\\\/pl\\\/produkt\\\/sterownik-hamowni-dc2l\\\/#primaryimage\"},\"thumbnailUrl\":\"https:\\\/\\\/perek.it\\\/wp-content\\\/uploads\\\/2024\\\/01\\\/DC2L-dyno-controller-DAQ-front-1.png\",\"datePublished\":\"2024-01-03T19:55:10+00:00\",\"dateModified\":\"2026-04-07T17:37:25+00:00\",\"description\":\"Uniwersalny sterownik do wszelkich typ\u00f3w hamowni - silnikowych, podwoziowych, inercyjnych, obci\u0105\u017ceniowych.\",\"breadcrumb\":{\"@id\":\"https:\\\/\\\/perek.it\\\/pl\\\/produkt\\\/sterownik-hamowni-dc2l\\\/#breadcrumb\"},\"inLanguage\":\"pl-PL\",\"potentialAction\":[{\"@type\":\"ReadAction\",\"target\":[\"https:\\\/\\\/perek.it\\\/pl\\\/produkt\\\/sterownik-hamowni-dc2l\\\/\"]}]},{\"@type\":\"ImageObject\",\"inLanguage\":\"pl-PL\",\"@id\":\"https:\\\/\\\/perek.it\\\/pl\\\/produkt\\\/sterownik-hamowni-dc2l\\\/#primaryimage\",\"url\":\"https:\\\/\\\/perek.it\\\/wp-content\\\/uploads\\\/2024\\\/01\\\/DC2L-dyno-controller-DAQ-front-1.png\",\"contentUrl\":\"https:\\\/\\\/perek.it\\\/wp-content\\\/uploads\\\/2024\\\/01\\\/DC2L-dyno-controller-DAQ-front-1.png\",\"width\":1280,\"height\":658},{\"@type\":\"BreadcrumbList\",\"@id\":\"https:\\\/\\\/perek.it\\\/pl\\\/produkt\\\/sterownik-hamowni-dc2l\\\/#breadcrumb\",\"itemListElement\":[{\"@type\":\"ListItem\",\"position\":1,\"name\":\"Home\",\"item\":\"https:\\\/\\\/perek.it\\\/pl\\\/\"},{\"@type\":\"ListItem\",\"position\":2,\"name\":\"Sklep\",\"item\":\"https:\\\/\\\/perek.it\\\/pl\\\/sklep\\\/\"},{\"@type\":\"ListItem\",\"position\":3,\"name\":\"Sterownik Hamowni DC2L\"}]},{\"@type\":\"WebSite\",\"@id\":\"https:\\\/\\\/perek.it\\\/pl\\\/#website\",\"url\":\"https:\\\/\\\/perek.it\\\/pl\\\/\",\"name\":\"PEREK\",\"description\":\"Sterowniki hamowni i akcesoria\",\"publisher\":{\"@id\":\"https:\\\/\\\/perek.it\\\/pl\\\/#organization\"},\"potentialAction\":[{\"@type\":\"SearchAction\",\"target\":{\"@type\":\"EntryPoint\",\"urlTemplate\":\"https:\\\/\\\/perek.it\\\/pl\\\/?s={search_term_string}\"},\"query-input\":{\"@type\":\"PropertyValueSpecification\",\"valueRequired\":true,\"valueName\":\"search_term_string\"}}],\"inLanguage\":\"pl-PL\"},{\"@type\":\"Organization\",\"@id\":\"https:\\\/\\\/perek.it\\\/pl\\\/#organization\",\"name\":\"PEREK\",\"url\":\"https:\\\/\\\/perek.it\\\/pl\\\/\",\"logo\":{\"@type\":\"ImageObject\",\"inLanguage\":\"pl-PL\",\"@id\":\"https:\\\/\\\/perek.it\\\/pl\\\/#\\\/schema\\\/logo\\\/image\\\/\",\"url\":\"https:\\\/\\\/perek.it\\\/wp-content\\\/uploads\\\/2021\\\/07\\\/perek-logo-white.png\",\"contentUrl\":\"https:\\\/\\\/perek.it\\\/wp-content\\\/uploads\\\/2021\\\/07\\\/perek-logo-white.png\",\"width\":962,\"height\":207,\"caption\":\"PEREK\"},\"image\":{\"@id\":\"https:\\\/\\\/perek.it\\\/pl\\\/#\\\/schema\\\/logo\\\/image\\\/\"}}]}<\/script>\n<!-- \/ Yoast SEO plugin. -->","yoast_head_json":{"title":"Sterownik Hamowni DC2L - PEREK","description":"Uniwersalny sterownik do wszelkich typ\u00f3w hamowni - silnikowych, podwoziowych, inercyjnych, obci\u0105\u017ceniowych.","robots":{"index":"index","follow":"follow","max-snippet":"max-snippet:-1","max-image-preview":"max-image-preview:large","max-video-preview":"max-video-preview:-1"},"canonical":"https:\/\/perek.it\/pl\/produkt\/sterownik-hamowni-dc2l\/","og_locale":"pl_PL","og_type":"article","og_title":"Sterownik Hamowni DC2L - PEREK","og_description":"Uniwersalny sterownik do wszelkich typ\u00f3w hamowni - silnikowych, podwoziowych, inercyjnych, obci\u0105\u017ceniowych.","og_url":"https:\/\/perek.it\/pl\/produkt\/sterownik-hamowni-dc2l\/","og_site_name":"PEREK","article_modified_time":"2026-04-07T17:37:25+00:00","og_image":[{"width":1280,"height":658,"url":"https:\/\/perek.it\/wp-content\/uploads\/2024\/01\/DC2L-dyno-controller-DAQ-front-1.png","type":"image\/png"}],"twitter_card":"summary_large_image","twitter_misc":{"Szacowany czas czytania":"4 minuty"},"schema":{"@context":"https:\/\/schema.org","@graph":[{"@type":"WebPage","@id":"https:\/\/perek.it\/pl\/produkt\/sterownik-hamowni-dc2l\/","url":"https:\/\/perek.it\/pl\/produkt\/sterownik-hamowni-dc2l\/","name":"Sterownik Hamowni DC2L - PEREK","isPartOf":{"@id":"https:\/\/perek.it\/pl\/#website"},"primaryImageOfPage":{"@id":"https:\/\/perek.it\/pl\/produkt\/sterownik-hamowni-dc2l\/#primaryimage"},"image":{"@id":"https:\/\/perek.it\/pl\/produkt\/sterownik-hamowni-dc2l\/#primaryimage"},"thumbnailUrl":"https:\/\/perek.it\/wp-content\/uploads\/2024\/01\/DC2L-dyno-controller-DAQ-front-1.png","datePublished":"2024-01-03T19:55:10+00:00","dateModified":"2026-04-07T17:37:25+00:00","description":"Uniwersalny sterownik do wszelkich typ\u00f3w hamowni - silnikowych, podwoziowych, inercyjnych, obci\u0105\u017ceniowych.","breadcrumb":{"@id":"https:\/\/perek.it\/pl\/produkt\/sterownik-hamowni-dc2l\/#breadcrumb"},"inLanguage":"pl-PL","potentialAction":[{"@type":"ReadAction","target":["https:\/\/perek.it\/pl\/produkt\/sterownik-hamowni-dc2l\/"]}]},{"@type":"ImageObject","inLanguage":"pl-PL","@id":"https:\/\/perek.it\/pl\/produkt\/sterownik-hamowni-dc2l\/#primaryimage","url":"https:\/\/perek.it\/wp-content\/uploads\/2024\/01\/DC2L-dyno-controller-DAQ-front-1.png","contentUrl":"https:\/\/perek.it\/wp-content\/uploads\/2024\/01\/DC2L-dyno-controller-DAQ-front-1.png","width":1280,"height":658},{"@type":"BreadcrumbList","@id":"https:\/\/perek.it\/pl\/produkt\/sterownik-hamowni-dc2l\/#breadcrumb","itemListElement":[{"@type":"ListItem","position":1,"name":"Home","item":"https:\/\/perek.it\/pl\/"},{"@type":"ListItem","position":2,"name":"Sklep","item":"https:\/\/perek.it\/pl\/sklep\/"},{"@type":"ListItem","position":3,"name":"Sterownik Hamowni DC2L"}]},{"@type":"WebSite","@id":"https:\/\/perek.it\/pl\/#website","url":"https:\/\/perek.it\/pl\/","name":"PEREK","description":"Sterowniki hamowni i akcesoria","publisher":{"@id":"https:\/\/perek.it\/pl\/#organization"},"potentialAction":[{"@type":"SearchAction","target":{"@type":"EntryPoint","urlTemplate":"https:\/\/perek.it\/pl\/?s={search_term_string}"},"query-input":{"@type":"PropertyValueSpecification","valueRequired":true,"valueName":"search_term_string"}}],"inLanguage":"pl-PL"},{"@type":"Organization","@id":"https:\/\/perek.it\/pl\/#organization","name":"PEREK","url":"https:\/\/perek.it\/pl\/","logo":{"@type":"ImageObject","inLanguage":"pl-PL","@id":"https:\/\/perek.it\/pl\/#\/schema\/logo\/image\/","url":"https:\/\/perek.it\/wp-content\/uploads\/2021\/07\/perek-logo-white.png","contentUrl":"https:\/\/perek.it\/wp-content\/uploads\/2021\/07\/perek-logo-white.png","width":962,"height":207,"caption":"PEREK"},"image":{"@id":"https:\/\/perek.it\/pl\/#\/schema\/logo\/image\/"}}]}},"_links":{"self":[{"href":"https:\/\/perek.it\/pl\/wp-json\/wp\/v2\/product\/3708","targetHints":{"allow":["GET"]}}],"collection":[{"href":"https:\/\/perek.it\/pl\/wp-json\/wp\/v2\/product"}],"about":[{"href":"https:\/\/perek.it\/pl\/wp-json\/wp\/v2\/types\/product"}],"wp:featuredmedia":[{"embeddable":true,"href":"https:\/\/perek.it\/pl\/wp-json\/wp\/v2\/media\/3782"}],"wp:attachment":[{"href":"https:\/\/perek.it\/pl\/wp-json\/wp\/v2\/media?parent=3708"}],"wp:term":[{"taxonomy":"product_brand","embeddable":true,"href":"https:\/\/perek.it\/pl\/wp-json\/wp\/v2\/product_brand?post=3708"},{"taxonomy":"product_cat","embeddable":true,"href":"https:\/\/perek.it\/pl\/wp-json\/wp\/v2\/product_cat?post=3708"},{"taxonomy":"product_tag","embeddable":true,"href":"https:\/\/perek.it\/pl\/wp-json\/wp\/v2\/product_tag?post=3708"}],"curies":[{"name":"wp","href":"https:\/\/api.w.org\/{rel}","templated":true}]}}