{"id":404,"date":"2020-09-25T15:43:46","date_gmt":"2020-09-25T14:43:46","guid":{"rendered":"https:\/\/perek.it\/product\/szerokopasmowa-sonda-lambda-bosch-motorsport-lsu-4-9\/"},"modified":"2021-05-25T07:38:01","modified_gmt":"2021-05-25T06:38:01","slug":"szerokopasmowa-sonda-lambda-bosch-motorsport-lsu-4-9","status":"publish","type":"product","link":"https:\/\/perek.it\/pl\/produkt\/szerokopasmowa-sonda-lambda-bosch-motorsport-lsu-4-9\/","title":{"rendered":"Szerokopasmowa sonda lambda Bosch Motorsport LSU 4.9"},"content":{"rendered":"<div class=\"result-shield-container tlid-copy-target\" data-mce-tabindex=\"0\">Sonda lambda przeznaczona jest do pomiaru zawarto\u015bci tlenu w spalinach silnik\u00f3w samochodowych (benzynowych lub Diesla). LSU 4.9 mo\u017ce by\u0107 u\u017cywana jako uniwersalny czujnik do pomiaru lambda 1, a tak\u017ce innych zakres\u00f3w sk\u0142adu mieszanki lambda. G\u0142\u00f3wn\u0105 zalet\u0105 LSU 4.9 jest solidna konstrukcja w po\u0142\u0105czeniu z wysokim standardem jako\u015bci produkcji firmy Bosch. Sonda lambda dzia\u0142a tylko w po\u0142\u0105czeniu ze specjalnym kontrolerem sondy, takim jak Ecumaster Lambda do CAN.<\/div>\n<div class=\"result-shield-container tlid-copy-target\" data-mce-tabindex=\"0\"><a href=\"https:\/\/perek.it\/?attachment_id=402\" rel=\"attachment wp-att-402\" data-mce-href=\"https:\/\/perek.it\/?attachment_id=402\">Sonda lambda LSU 4.9 specyfikacja<\/a><br data-mce-bogus=\"1\"><\/div>\n","protected":false},"excerpt":{"rendered":"<p>Sonda lambda przeznaczona jest do pomiaru zawarto\u015bci tlenu w spalinach silnik\u00f3w samochodowych (benzynowych lub Diesla). LSU 4.9 mo\u017ce by\u0107 u\u017cywana jako uniwersalny czujnik do pomiaru lambda 1, a tak\u017ce innych zakres\u00f3w sk\u0142adu mieszanki lambda.<\/p>\n","protected":false},"featured_media":398,"template":"","meta":{"site-sidebar-layout":"default","site-content-layout":"","ast-site-content-layout":"default","site-content-style":"default","site-sidebar-style":"default","ast-global-header-display":"","ast-banner-title-visibility":"","ast-main-header-display":"","ast-hfb-above-header-display":"","ast-hfb-below-header-display":"","ast-hfb-mobile-header-display":"","site-post-title":"","ast-breadcrumbs-content":"","ast-featured-img":"","footer-sml-layout":"","ast-disable-related-posts":"","theme-transparent-header-meta":"default","adv-header-id-meta":"","stick-header-meta":"","header-above-stick-meta":"","header-main-stick-meta":"","header-below-stick-meta":"","astra-migrate-meta-layouts":"default","ast-page-background-enabled":"default","ast-page-background-meta":{"desktop":{"background-color":"var(--ast-global-color-4)","background-image":"","background-repeat":"repeat","background-position":"center center","background-size":"auto","background-attachment":"scroll","background-type":"","background-media":"","overlay-type":"","overlay-color":"","overlay-opacity":"","overlay-gradient":""},"tablet":{"background-color":"","background-image":"","background-repeat":"repeat","background-position":"center center","background-size":"auto","background-attachment":"scroll","background-type":"","background-media":"","overlay-type":"","overlay-color":"","overlay-opacity":"","overlay-gradient":""},"mobile":{"background-color":"","background-image":"","background-repeat":"repeat","background-position":"center center","background-size":"auto","background-attachment":"scroll","background-type":"","background-media":"","overlay-type":"","overlay-color":"","overlay-opacity":"","overlay-gradient":""}},"ast-content-background-meta":{"desktop":{"background-color":"var(--ast-global-color-5)","background-image":"","background-repeat":"repeat","background-position":"center center","background-size":"auto","background-attachment":"scroll","background-type":"","background-media":"","overlay-type":"","overlay-color":"","overlay-opacity":"","overlay-gradient":""},"tablet":{"background-color":"var(--ast-global-color-5)","background-image":"","background-repeat":"repeat","background-position":"center center","background-size":"auto","background-attachment":"scroll","background-type":"","background-media":"","overlay-type":"","overlay-color":"","overlay-opacity":"","overlay-gradient":""},"mobile":{"background-color":"var(--ast-global-color-5)","background-image":"","background-repeat":"repeat","background-position":"center center","background-size":"auto","background-attachment":"scroll","background-type":"","background-media":"","overlay-type":"","overlay-color":"","overlay-opacity":"","overlay-gradient":""}}},"product_brand":[],"product_cat":[37],"product_tag":[],"class_list":{"0":"post-404","1":"product","2":"type-product","3":"status-publish","4":"has-post-thumbnail","6":"product_cat-czujniki","7":"desktop-align-center","8":"tablet-align-left","9":"mobile-align-left","11":"first","12":"instock","13":"taxable","14":"shipping-taxable","15":"purchasable","16":"product-type-simple"},"yoast_head":"<!-- This site is optimized with the Yoast SEO plugin v27.6 - https:\/\/yoast.com\/product\/yoast-seo-wordpress\/ -->\n<title>Szerokopasmowa sonda lambda Bosch Motorsport LSU 4.9 - PEREK<\/title>\n<meta name=\"robots\" content=\"index, follow, max-snippet:-1, max-image-preview:large, max-video-preview:-1\" \/>\n<link rel=\"canonical\" href=\"https:\/\/perek.it\/pl\/produkt\/szerokopasmowa-sonda-lambda-bosch-motorsport-lsu-4-9\/\" \/>\n<meta property=\"og:locale\" content=\"pl_PL\" \/>\n<meta property=\"og:type\" content=\"article\" \/>\n<meta property=\"og:title\" content=\"Szerokopasmowa sonda lambda Bosch Motorsport LSU 4.9 - PEREK\" \/>\n<meta property=\"og:description\" content=\"Sonda lambda przeznaczona jest do pomiaru zawarto\u015bci tlenu w spalinach silnik\u00f3w samochodowych (benzynowych lub Diesla). LSU 4.9 mo\u017ce by\u0107 u\u017cywana jako uniwersalny czujnik do pomiaru lambda 1, a tak\u017ce innych zakres\u00f3w sk\u0142adu mieszanki lambda.\" \/>\n<meta property=\"og:url\" content=\"https:\/\/perek.it\/pl\/produkt\/szerokopasmowa-sonda-lambda-bosch-motorsport-lsu-4-9\/\" \/>\n<meta property=\"og:site_name\" content=\"PEREK\" \/>\n<meta property=\"article:modified_time\" content=\"2021-05-25T06:38:01+00:00\" \/>\n<meta property=\"og:image\" content=\"https:\/\/perek.it\/wp-content\/uploads\/2020\/09\/Bosch-Lambda-LSU-4.9.jpg\" \/>\n\t<meta property=\"og:image:width\" content=\"876\" \/>\n\t<meta property=\"og:image:height\" content=\"780\" \/>\n\t<meta property=\"og:image:type\" content=\"image\/jpeg\" \/>\n<meta name=\"twitter:card\" content=\"summary_large_image\" \/>\n<script type=\"application\/ld+json\" class=\"yoast-schema-graph\">{\"@context\":\"https:\\\/\\\/schema.org\",\"@graph\":[{\"@type\":\"WebPage\",\"@id\":\"https:\\\/\\\/perek.it\\\/pl\\\/produkt\\\/szerokopasmowa-sonda-lambda-bosch-motorsport-lsu-4-9\\\/\",\"url\":\"https:\\\/\\\/perek.it\\\/pl\\\/produkt\\\/szerokopasmowa-sonda-lambda-bosch-motorsport-lsu-4-9\\\/\",\"name\":\"Szerokopasmowa sonda lambda Bosch Motorsport LSU 4.9 - PEREK\",\"isPartOf\":{\"@id\":\"https:\\\/\\\/perek.it\\\/pl\\\/#website\"},\"primaryImageOfPage\":{\"@id\":\"https:\\\/\\\/perek.it\\\/pl\\\/produkt\\\/szerokopasmowa-sonda-lambda-bosch-motorsport-lsu-4-9\\\/#primaryimage\"},\"image\":{\"@id\":\"https:\\\/\\\/perek.it\\\/pl\\\/produkt\\\/szerokopasmowa-sonda-lambda-bosch-motorsport-lsu-4-9\\\/#primaryimage\"},\"thumbnailUrl\":\"https:\\\/\\\/perek.it\\\/wp-content\\\/uploads\\\/2020\\\/09\\\/Bosch-Lambda-LSU-4.9.jpg\",\"datePublished\":\"2020-09-25T14:43:46+00:00\",\"dateModified\":\"2021-05-25T06:38:01+00:00\",\"breadcrumb\":{\"@id\":\"https:\\\/\\\/perek.it\\\/pl\\\/produkt\\\/szerokopasmowa-sonda-lambda-bosch-motorsport-lsu-4-9\\\/#breadcrumb\"},\"inLanguage\":\"pl-PL\",\"potentialAction\":[{\"@type\":\"ReadAction\",\"target\":[\"https:\\\/\\\/perek.it\\\/pl\\\/produkt\\\/szerokopasmowa-sonda-lambda-bosch-motorsport-lsu-4-9\\\/\"]}]},{\"@type\":\"ImageObject\",\"inLanguage\":\"pl-PL\",\"@id\":\"https:\\\/\\\/perek.it\\\/pl\\\/produkt\\\/szerokopasmowa-sonda-lambda-bosch-motorsport-lsu-4-9\\\/#primaryimage\",\"url\":\"https:\\\/\\\/perek.it\\\/wp-content\\\/uploads\\\/2020\\\/09\\\/Bosch-Lambda-LSU-4.9.jpg\",\"contentUrl\":\"https:\\\/\\\/perek.it\\\/wp-content\\\/uploads\\\/2020\\\/09\\\/Bosch-Lambda-LSU-4.9.jpg\",\"width\":876,\"height\":780},{\"@type\":\"BreadcrumbList\",\"@id\":\"https:\\\/\\\/perek.it\\\/pl\\\/produkt\\\/szerokopasmowa-sonda-lambda-bosch-motorsport-lsu-4-9\\\/#breadcrumb\",\"itemListElement\":[{\"@type\":\"ListItem\",\"position\":1,\"name\":\"Home\",\"item\":\"https:\\\/\\\/perek.it\\\/pl\\\/\"},{\"@type\":\"ListItem\",\"position\":2,\"name\":\"Sklep\",\"item\":\"https:\\\/\\\/perek.it\\\/pl\\\/sklep\\\/\"},{\"@type\":\"ListItem\",\"position\":3,\"name\":\"Szerokopasmowa sonda lambda Bosch Motorsport LSU 4.9\"}]},{\"@type\":\"WebSite\",\"@id\":\"https:\\\/\\\/perek.it\\\/pl\\\/#website\",\"url\":\"https:\\\/\\\/perek.it\\\/pl\\\/\",\"name\":\"PEREK\",\"description\":\"Sterowniki hamowni i akcesoria\",\"publisher\":{\"@id\":\"https:\\\/\\\/perek.it\\\/pl\\\/#organization\"},\"potentialAction\":[{\"@type\":\"SearchAction\",\"target\":{\"@type\":\"EntryPoint\",\"urlTemplate\":\"https:\\\/\\\/perek.it\\\/pl\\\/?s={search_term_string}\"},\"query-input\":{\"@type\":\"PropertyValueSpecification\",\"valueRequired\":true,\"valueName\":\"search_term_string\"}}],\"inLanguage\":\"pl-PL\"},{\"@type\":\"Organization\",\"@id\":\"https:\\\/\\\/perek.it\\\/pl\\\/#organization\",\"name\":\"PEREK\",\"url\":\"https:\\\/\\\/perek.it\\\/pl\\\/\",\"logo\":{\"@type\":\"ImageObject\",\"inLanguage\":\"pl-PL\",\"@id\":\"https:\\\/\\\/perek.it\\\/pl\\\/#\\\/schema\\\/logo\\\/image\\\/\",\"url\":\"https:\\\/\\\/perek.it\\\/wp-content\\\/uploads\\\/2021\\\/07\\\/perek-logo-white.png\",\"contentUrl\":\"https:\\\/\\\/perek.it\\\/wp-content\\\/uploads\\\/2021\\\/07\\\/perek-logo-white.png\",\"width\":962,\"height\":207,\"caption\":\"PEREK\"},\"image\":{\"@id\":\"https:\\\/\\\/perek.it\\\/pl\\\/#\\\/schema\\\/logo\\\/image\\\/\"}}]}<\/script>\n<!-- \/ Yoast SEO plugin. -->","yoast_head_json":{"title":"Szerokopasmowa sonda lambda Bosch Motorsport LSU 4.9 - PEREK","robots":{"index":"index","follow":"follow","max-snippet":"max-snippet:-1","max-image-preview":"max-image-preview:large","max-video-preview":"max-video-preview:-1"},"canonical":"https:\/\/perek.it\/pl\/produkt\/szerokopasmowa-sonda-lambda-bosch-motorsport-lsu-4-9\/","og_locale":"pl_PL","og_type":"article","og_title":"Szerokopasmowa sonda lambda Bosch Motorsport LSU 4.9 - PEREK","og_description":"Sonda lambda przeznaczona jest do pomiaru zawarto\u015bci tlenu w spalinach silnik\u00f3w samochodowych (benzynowych lub Diesla). LSU 4.9 mo\u017ce by\u0107 u\u017cywana jako uniwersalny czujnik do pomiaru lambda 1, a tak\u017ce innych zakres\u00f3w sk\u0142adu mieszanki lambda.","og_url":"https:\/\/perek.it\/pl\/produkt\/szerokopasmowa-sonda-lambda-bosch-motorsport-lsu-4-9\/","og_site_name":"PEREK","article_modified_time":"2021-05-25T06:38:01+00:00","og_image":[{"width":876,"height":780,"url":"https:\/\/perek.it\/wp-content\/uploads\/2020\/09\/Bosch-Lambda-LSU-4.9.jpg","type":"image\/jpeg"}],"twitter_card":"summary_large_image","schema":{"@context":"https:\/\/schema.org","@graph":[{"@type":"WebPage","@id":"https:\/\/perek.it\/pl\/produkt\/szerokopasmowa-sonda-lambda-bosch-motorsport-lsu-4-9\/","url":"https:\/\/perek.it\/pl\/produkt\/szerokopasmowa-sonda-lambda-bosch-motorsport-lsu-4-9\/","name":"Szerokopasmowa sonda lambda Bosch Motorsport LSU 4.9 - PEREK","isPartOf":{"@id":"https:\/\/perek.it\/pl\/#website"},"primaryImageOfPage":{"@id":"https:\/\/perek.it\/pl\/produkt\/szerokopasmowa-sonda-lambda-bosch-motorsport-lsu-4-9\/#primaryimage"},"image":{"@id":"https:\/\/perek.it\/pl\/produkt\/szerokopasmowa-sonda-lambda-bosch-motorsport-lsu-4-9\/#primaryimage"},"thumbnailUrl":"https:\/\/perek.it\/wp-content\/uploads\/2020\/09\/Bosch-Lambda-LSU-4.9.jpg","datePublished":"2020-09-25T14:43:46+00:00","dateModified":"2021-05-25T06:38:01+00:00","breadcrumb":{"@id":"https:\/\/perek.it\/pl\/produkt\/szerokopasmowa-sonda-lambda-bosch-motorsport-lsu-4-9\/#breadcrumb"},"inLanguage":"pl-PL","potentialAction":[{"@type":"ReadAction","target":["https:\/\/perek.it\/pl\/produkt\/szerokopasmowa-sonda-lambda-bosch-motorsport-lsu-4-9\/"]}]},{"@type":"ImageObject","inLanguage":"pl-PL","@id":"https:\/\/perek.it\/pl\/produkt\/szerokopasmowa-sonda-lambda-bosch-motorsport-lsu-4-9\/#primaryimage","url":"https:\/\/perek.it\/wp-content\/uploads\/2020\/09\/Bosch-Lambda-LSU-4.9.jpg","contentUrl":"https:\/\/perek.it\/wp-content\/uploads\/2020\/09\/Bosch-Lambda-LSU-4.9.jpg","width":876,"height":780},{"@type":"BreadcrumbList","@id":"https:\/\/perek.it\/pl\/produkt\/szerokopasmowa-sonda-lambda-bosch-motorsport-lsu-4-9\/#breadcrumb","itemListElement":[{"@type":"ListItem","position":1,"name":"Home","item":"https:\/\/perek.it\/pl\/"},{"@type":"ListItem","position":2,"name":"Sklep","item":"https:\/\/perek.it\/pl\/sklep\/"},{"@type":"ListItem","position":3,"name":"Szerokopasmowa sonda lambda Bosch Motorsport LSU 4.9"}]},{"@type":"WebSite","@id":"https:\/\/perek.it\/pl\/#website","url":"https:\/\/perek.it\/pl\/","name":"PEREK","description":"Sterowniki hamowni i akcesoria","publisher":{"@id":"https:\/\/perek.it\/pl\/#organization"},"potentialAction":[{"@type":"SearchAction","target":{"@type":"EntryPoint","urlTemplate":"https:\/\/perek.it\/pl\/?s={search_term_string}"},"query-input":{"@type":"PropertyValueSpecification","valueRequired":true,"valueName":"search_term_string"}}],"inLanguage":"pl-PL"},{"@type":"Organization","@id":"https:\/\/perek.it\/pl\/#organization","name":"PEREK","url":"https:\/\/perek.it\/pl\/","logo":{"@type":"ImageObject","inLanguage":"pl-PL","@id":"https:\/\/perek.it\/pl\/#\/schema\/logo\/image\/","url":"https:\/\/perek.it\/wp-content\/uploads\/2021\/07\/perek-logo-white.png","contentUrl":"https:\/\/perek.it\/wp-content\/uploads\/2021\/07\/perek-logo-white.png","width":962,"height":207,"caption":"PEREK"},"image":{"@id":"https:\/\/perek.it\/pl\/#\/schema\/logo\/image\/"}}]}},"_links":{"self":[{"href":"https:\/\/perek.it\/pl\/wp-json\/wp\/v2\/product\/404","targetHints":{"allow":["GET"]}}],"collection":[{"href":"https:\/\/perek.it\/pl\/wp-json\/wp\/v2\/product"}],"about":[{"href":"https:\/\/perek.it\/pl\/wp-json\/wp\/v2\/types\/product"}],"wp:featuredmedia":[{"embeddable":true,"href":"https:\/\/perek.it\/pl\/wp-json\/wp\/v2\/media\/398"}],"wp:attachment":[{"href":"https:\/\/perek.it\/pl\/wp-json\/wp\/v2\/media?parent=404"}],"wp:term":[{"taxonomy":"product_brand","embeddable":true,"href":"https:\/\/perek.it\/pl\/wp-json\/wp\/v2\/product_brand?post=404"},{"taxonomy":"product_cat","embeddable":true,"href":"https:\/\/perek.it\/pl\/wp-json\/wp\/v2\/product_cat?post=404"},{"taxonomy":"product_tag","embeddable":true,"href":"https:\/\/perek.it\/pl\/wp-json\/wp\/v2\/product_tag?post=404"}],"curies":[{"name":"wp","href":"https:\/\/api.w.org\/{rel}","templated":true}]}}