{"id":4452,"date":"2025-01-18T16:25:08","date_gmt":"2025-01-18T15:25:08","guid":{"rendered":"https:\/\/perek.it\/product\/zestaw-lagodnego-ladowania-do-bd3\/"},"modified":"2026-03-25T07:05:35","modified_gmt":"2026-03-25T06:05:35","slug":"zestaw-lagodnego-ladowania-do-bd3","status":"publish","type":"product","link":"https:\/\/perek.it\/pl\/produkt\/zestaw-lagodnego-ladowania-do-bd3\/","title":{"rendered":"Zestaw \u0141agodnego \u0141adowania do BD3"},"content":{"rendered":"<p>Zestaw zawiera:<\/p>\n<ul>\n<li>Przeka\u017anik czasowy do ustawienia czasu \u0142adowania<\/li>\n<li>Stycznik ABB ESB lub Iskra IK<\/li>\n<li>Rezystory mocy z adapterem na szyn\u0119 DIN i przewodami<\/li>\n<\/ul>\n<p>Szyna DIN nie wchodzi w sk\u0142ad zestawu.<\/p>\n<p>Zestaw kompatybilny tylko z zasilaniem 3-fazowym 400VAC L-L.<\/p>\n<p>Przeka\u017anik czasowy nale\u017cy ustawia\u0107 na 30s<\/p>\n<p>Schemat pod\u0142\u0105czenia:<\/p>\n<p><img loading=\"lazy\" decoding=\"async\" class=\"alignnone size-full wp-image-4445\" src=\"https:\/\/perek.it\/wp-content\/uploads\/2025\/01\/SC1-schematic.png\" alt=\"\" width=\"814\" height=\"1058\" \/><\/p>\n<p>Cienkie po\u0142\u0105czenia schematu mo\u017cna wykona\u0107 przewodem 0.5mm\u00b2. Grube nale\u017cy wykona\u0107 przewodem adekwatnym do u\u017cywanego pr\u0105du.<\/p>\n<p>Jeden zestaw s\u0142u\u017cy do zasilania wielu urz\u0105dze\u0144 BD3.<\/p>\n<p>Wyb\u00f3r modelu dla typowego zasilania 3-fazowego 400VAC i absorbera na 192V:<\/p>\n<p><strong>pr\u0105d zestawu &gt; 0.5 * pr\u0105d absorbera * liczba absorber\u00f3w<br \/>\n<\/strong><\/p>\n","protected":false},"excerpt":{"rendered":"<p>Zestaw do \u0142agodnego \u0142adowania kondensator\u00f3w BD3. Przydatny, aby unikn\u0105\u0107 wyzwalania zabezpiecze\u0144 nadpr\u0105dowych kiedy wiele urz\u0105dze\u0144 BD3 jest za\u0142\u0105czane jednocze\u015bnie.<\/p>\n","protected":false},"featured_media":4444,"template":"","meta":{"site-sidebar-layout":"default","site-content-layout":"","ast-site-content-layout":"default","site-content-style":"default","site-sidebar-style":"default","ast-global-header-display":"","ast-banner-title-visibility":"","ast-main-header-display":"","ast-hfb-above-header-display":"","ast-hfb-below-header-display":"","ast-hfb-mobile-header-display":"","site-post-title":"","ast-breadcrumbs-content":"","ast-featured-img":"","footer-sml-layout":"","ast-disable-related-posts":"","theme-transparent-header-meta":"default","adv-header-id-meta":"","stick-header-meta":"","header-above-stick-meta":"","header-main-stick-meta":"","header-below-stick-meta":"","astra-migrate-meta-layouts":"set","ast-page-background-enabled":"default","ast-page-background-meta":{"desktop":{"background-color":"var(--ast-global-color-4)","background-image":"","background-repeat":"repeat","background-position":"center center","background-size":"auto","background-attachment":"scroll","background-type":"","background-media":"","overlay-type":"","overlay-color":"","overlay-opacity":"","overlay-gradient":""},"tablet":{"background-color":"","background-image":"","background-repeat":"repeat","background-position":"center center","background-size":"auto","background-attachment":"scroll","background-type":"","background-media":"","overlay-type":"","overlay-color":"","overlay-opacity":"","overlay-gradient":""},"mobile":{"background-color":"","background-image":"","background-repeat":"repeat","background-position":"center center","background-size":"auto","background-attachment":"scroll","background-type":"","background-media":"","overlay-type":"","overlay-color":"","overlay-opacity":"","overlay-gradient":""}},"ast-content-background-meta":{"desktop":{"background-color":"var(--ast-global-color-5)","background-image":"","background-repeat":"repeat","background-position":"center center","background-size":"auto","background-attachment":"scroll","background-type":"","background-media":"","overlay-type":"","overlay-color":"","overlay-opacity":"","overlay-gradient":""},"tablet":{"background-color":"var(--ast-global-color-5)","background-image":"","background-repeat":"repeat","background-position":"center center","background-size":"auto","background-attachment":"scroll","background-type":"","background-media":"","overlay-type":"","overlay-color":"","overlay-opacity":"","overlay-gradient":""},"mobile":{"background-color":"var(--ast-global-color-5)","background-image":"","background-repeat":"repeat","background-position":"center center","background-size":"auto","background-attachment":"scroll","background-type":"","background-media":"","overlay-type":"","overlay-color":"","overlay-opacity":"","overlay-gradient":""}}},"product_brand":[],"product_cat":[38],"product_tag":[],"class_list":{"0":"post-4452","1":"product","2":"type-product","3":"status-publish","4":"has-post-thumbnail","6":"product_cat-akcesoria","7":"desktop-align-center","8":"tablet-align-left","9":"mobile-align-left","11":"first","12":"instock","13":"taxable","14":"shipping-taxable","15":"purchasable","16":"product-type-variable"},"yoast_head":"<!-- This site is optimized with the Yoast SEO plugin v27.5 - https:\/\/yoast.com\/product\/yoast-seo-wordpress\/ -->\n<title>Zestaw \u0141agodnego \u0141adowania do BD3 - PEREK<\/title>\n<meta name=\"description\" content=\"Zestaw \u0142agodnego \u0142adowania do BD3\" \/>\n<meta name=\"robots\" content=\"index, follow, max-snippet:-1, max-image-preview:large, max-video-preview:-1\" \/>\n<link rel=\"canonical\" href=\"https:\/\/perek.it\/pl\/produkt\/zestaw-lagodnego-ladowania-do-bd3\/\" \/>\n<meta property=\"og:locale\" content=\"pl_PL\" \/>\n<meta property=\"og:type\" content=\"article\" \/>\n<meta property=\"og:title\" content=\"Zestaw \u0141agodnego \u0141adowania do BD3 - PEREK\" \/>\n<meta property=\"og:description\" content=\"Zestaw \u0142agodnego \u0142adowania do BD3\" \/>\n<meta property=\"og:url\" content=\"https:\/\/perek.it\/pl\/produkt\/zestaw-lagodnego-ladowania-do-bd3\/\" \/>\n<meta property=\"og:site_name\" content=\"PEREK\" \/>\n<meta property=\"article:modified_time\" content=\"2026-03-25T06:05:35+00:00\" \/>\n<meta property=\"og:image\" content=\"https:\/\/perek.it\/wp-content\/uploads\/2025\/01\/SC1.png\" \/>\n\t<meta property=\"og:image:width\" content=\"1280\" \/>\n\t<meta property=\"og:image:height\" content=\"959\" \/>\n\t<meta property=\"og:image:type\" content=\"image\/png\" \/>\n<meta name=\"twitter:card\" content=\"summary_large_image\" \/>\n<meta name=\"twitter:label1\" content=\"Szacowany czas czytania\" \/>\n\t<meta name=\"twitter:data1\" content=\"1 minuta\" \/>\n<script type=\"application\/ld+json\" class=\"yoast-schema-graph\">{\"@context\":\"https:\\\/\\\/schema.org\",\"@graph\":[{\"@type\":\"WebPage\",\"@id\":\"https:\\\/\\\/perek.it\\\/pl\\\/produkt\\\/zestaw-lagodnego-ladowania-do-bd3\\\/\",\"url\":\"https:\\\/\\\/perek.it\\\/pl\\\/produkt\\\/zestaw-lagodnego-ladowania-do-bd3\\\/\",\"name\":\"Zestaw \u0141agodnego \u0141adowania do BD3 - PEREK\",\"isPartOf\":{\"@id\":\"https:\\\/\\\/perek.it\\\/pl\\\/#website\"},\"primaryImageOfPage\":{\"@id\":\"https:\\\/\\\/perek.it\\\/pl\\\/produkt\\\/zestaw-lagodnego-ladowania-do-bd3\\\/#primaryimage\"},\"image\":{\"@id\":\"https:\\\/\\\/perek.it\\\/pl\\\/produkt\\\/zestaw-lagodnego-ladowania-do-bd3\\\/#primaryimage\"},\"thumbnailUrl\":\"https:\\\/\\\/perek.it\\\/wp-content\\\/uploads\\\/2025\\\/01\\\/SC1.png\",\"datePublished\":\"2025-01-18T15:25:08+00:00\",\"dateModified\":\"2026-03-25T06:05:35+00:00\",\"description\":\"Zestaw \u0142agodnego \u0142adowania do BD3\",\"breadcrumb\":{\"@id\":\"https:\\\/\\\/perek.it\\\/pl\\\/produkt\\\/zestaw-lagodnego-ladowania-do-bd3\\\/#breadcrumb\"},\"inLanguage\":\"pl-PL\",\"potentialAction\":[{\"@type\":\"ReadAction\",\"target\":[\"https:\\\/\\\/perek.it\\\/pl\\\/produkt\\\/zestaw-lagodnego-ladowania-do-bd3\\\/\"]}]},{\"@type\":\"ImageObject\",\"inLanguage\":\"pl-PL\",\"@id\":\"https:\\\/\\\/perek.it\\\/pl\\\/produkt\\\/zestaw-lagodnego-ladowania-do-bd3\\\/#primaryimage\",\"url\":\"https:\\\/\\\/perek.it\\\/wp-content\\\/uploads\\\/2025\\\/01\\\/SC1.png\",\"contentUrl\":\"https:\\\/\\\/perek.it\\\/wp-content\\\/uploads\\\/2025\\\/01\\\/SC1.png\",\"width\":1280,\"height\":959},{\"@type\":\"BreadcrumbList\",\"@id\":\"https:\\\/\\\/perek.it\\\/pl\\\/produkt\\\/zestaw-lagodnego-ladowania-do-bd3\\\/#breadcrumb\",\"itemListElement\":[{\"@type\":\"ListItem\",\"position\":1,\"name\":\"Home\",\"item\":\"https:\\\/\\\/perek.it\\\/pl\\\/\"},{\"@type\":\"ListItem\",\"position\":2,\"name\":\"Sklep\",\"item\":\"https:\\\/\\\/perek.it\\\/pl\\\/sklep\\\/\"},{\"@type\":\"ListItem\",\"position\":3,\"name\":\"Zestaw \u0141agodnego \u0141adowania do BD3\"}]},{\"@type\":\"WebSite\",\"@id\":\"https:\\\/\\\/perek.it\\\/pl\\\/#website\",\"url\":\"https:\\\/\\\/perek.it\\\/pl\\\/\",\"name\":\"PEREK\",\"description\":\"Sterowniki hamowni i akcesoria\",\"publisher\":{\"@id\":\"https:\\\/\\\/perek.it\\\/pl\\\/#organization\"},\"potentialAction\":[{\"@type\":\"SearchAction\",\"target\":{\"@type\":\"EntryPoint\",\"urlTemplate\":\"https:\\\/\\\/perek.it\\\/pl\\\/?s={search_term_string}\"},\"query-input\":{\"@type\":\"PropertyValueSpecification\",\"valueRequired\":true,\"valueName\":\"search_term_string\"}}],\"inLanguage\":\"pl-PL\"},{\"@type\":\"Organization\",\"@id\":\"https:\\\/\\\/perek.it\\\/pl\\\/#organization\",\"name\":\"PEREK\",\"url\":\"https:\\\/\\\/perek.it\\\/pl\\\/\",\"logo\":{\"@type\":\"ImageObject\",\"inLanguage\":\"pl-PL\",\"@id\":\"https:\\\/\\\/perek.it\\\/pl\\\/#\\\/schema\\\/logo\\\/image\\\/\",\"url\":\"https:\\\/\\\/perek.it\\\/wp-content\\\/uploads\\\/2021\\\/07\\\/perek-logo-white.png\",\"contentUrl\":\"https:\\\/\\\/perek.it\\\/wp-content\\\/uploads\\\/2021\\\/07\\\/perek-logo-white.png\",\"width\":962,\"height\":207,\"caption\":\"PEREK\"},\"image\":{\"@id\":\"https:\\\/\\\/perek.it\\\/pl\\\/#\\\/schema\\\/logo\\\/image\\\/\"}}]}<\/script>\n<!-- \/ Yoast SEO plugin. -->","yoast_head_json":{"title":"Zestaw \u0141agodnego \u0141adowania do BD3 - PEREK","description":"Zestaw \u0142agodnego \u0142adowania do BD3","robots":{"index":"index","follow":"follow","max-snippet":"max-snippet:-1","max-image-preview":"max-image-preview:large","max-video-preview":"max-video-preview:-1"},"canonical":"https:\/\/perek.it\/pl\/produkt\/zestaw-lagodnego-ladowania-do-bd3\/","og_locale":"pl_PL","og_type":"article","og_title":"Zestaw \u0141agodnego \u0141adowania do BD3 - PEREK","og_description":"Zestaw \u0142agodnego \u0142adowania do BD3","og_url":"https:\/\/perek.it\/pl\/produkt\/zestaw-lagodnego-ladowania-do-bd3\/","og_site_name":"PEREK","article_modified_time":"2026-03-25T06:05:35+00:00","og_image":[{"width":1280,"height":959,"url":"https:\/\/perek.it\/wp-content\/uploads\/2025\/01\/SC1.png","type":"image\/png"}],"twitter_card":"summary_large_image","twitter_misc":{"Szacowany czas czytania":"1 minuta"},"schema":{"@context":"https:\/\/schema.org","@graph":[{"@type":"WebPage","@id":"https:\/\/perek.it\/pl\/produkt\/zestaw-lagodnego-ladowania-do-bd3\/","url":"https:\/\/perek.it\/pl\/produkt\/zestaw-lagodnego-ladowania-do-bd3\/","name":"Zestaw \u0141agodnego \u0141adowania do BD3 - PEREK","isPartOf":{"@id":"https:\/\/perek.it\/pl\/#website"},"primaryImageOfPage":{"@id":"https:\/\/perek.it\/pl\/produkt\/zestaw-lagodnego-ladowania-do-bd3\/#primaryimage"},"image":{"@id":"https:\/\/perek.it\/pl\/produkt\/zestaw-lagodnego-ladowania-do-bd3\/#primaryimage"},"thumbnailUrl":"https:\/\/perek.it\/wp-content\/uploads\/2025\/01\/SC1.png","datePublished":"2025-01-18T15:25:08+00:00","dateModified":"2026-03-25T06:05:35+00:00","description":"Zestaw \u0142agodnego \u0142adowania do BD3","breadcrumb":{"@id":"https:\/\/perek.it\/pl\/produkt\/zestaw-lagodnego-ladowania-do-bd3\/#breadcrumb"},"inLanguage":"pl-PL","potentialAction":[{"@type":"ReadAction","target":["https:\/\/perek.it\/pl\/produkt\/zestaw-lagodnego-ladowania-do-bd3\/"]}]},{"@type":"ImageObject","inLanguage":"pl-PL","@id":"https:\/\/perek.it\/pl\/produkt\/zestaw-lagodnego-ladowania-do-bd3\/#primaryimage","url":"https:\/\/perek.it\/wp-content\/uploads\/2025\/01\/SC1.png","contentUrl":"https:\/\/perek.it\/wp-content\/uploads\/2025\/01\/SC1.png","width":1280,"height":959},{"@type":"BreadcrumbList","@id":"https:\/\/perek.it\/pl\/produkt\/zestaw-lagodnego-ladowania-do-bd3\/#breadcrumb","itemListElement":[{"@type":"ListItem","position":1,"name":"Home","item":"https:\/\/perek.it\/pl\/"},{"@type":"ListItem","position":2,"name":"Sklep","item":"https:\/\/perek.it\/pl\/sklep\/"},{"@type":"ListItem","position":3,"name":"Zestaw \u0141agodnego \u0141adowania do BD3"}]},{"@type":"WebSite","@id":"https:\/\/perek.it\/pl\/#website","url":"https:\/\/perek.it\/pl\/","name":"PEREK","description":"Sterowniki hamowni i akcesoria","publisher":{"@id":"https:\/\/perek.it\/pl\/#organization"},"potentialAction":[{"@type":"SearchAction","target":{"@type":"EntryPoint","urlTemplate":"https:\/\/perek.it\/pl\/?s={search_term_string}"},"query-input":{"@type":"PropertyValueSpecification","valueRequired":true,"valueName":"search_term_string"}}],"inLanguage":"pl-PL"},{"@type":"Organization","@id":"https:\/\/perek.it\/pl\/#organization","name":"PEREK","url":"https:\/\/perek.it\/pl\/","logo":{"@type":"ImageObject","inLanguage":"pl-PL","@id":"https:\/\/perek.it\/pl\/#\/schema\/logo\/image\/","url":"https:\/\/perek.it\/wp-content\/uploads\/2021\/07\/perek-logo-white.png","contentUrl":"https:\/\/perek.it\/wp-content\/uploads\/2021\/07\/perek-logo-white.png","width":962,"height":207,"caption":"PEREK"},"image":{"@id":"https:\/\/perek.it\/pl\/#\/schema\/logo\/image\/"}}]}},"_links":{"self":[{"href":"https:\/\/perek.it\/pl\/wp-json\/wp\/v2\/product\/4452","targetHints":{"allow":["GET"]}}],"collection":[{"href":"https:\/\/perek.it\/pl\/wp-json\/wp\/v2\/product"}],"about":[{"href":"https:\/\/perek.it\/pl\/wp-json\/wp\/v2\/types\/product"}],"wp:featuredmedia":[{"embeddable":true,"href":"https:\/\/perek.it\/pl\/wp-json\/wp\/v2\/media\/4444"}],"wp:attachment":[{"href":"https:\/\/perek.it\/pl\/wp-json\/wp\/v2\/media?parent=4452"}],"wp:term":[{"taxonomy":"product_brand","embeddable":true,"href":"https:\/\/perek.it\/pl\/wp-json\/wp\/v2\/product_brand?post=4452"},{"taxonomy":"product_cat","embeddable":true,"href":"https:\/\/perek.it\/pl\/wp-json\/wp\/v2\/product_cat?post=4452"},{"taxonomy":"product_tag","embeddable":true,"href":"https:\/\/perek.it\/pl\/wp-json\/wp\/v2\/product_tag?post=4452"}],"curies":[{"name":"wp","href":"https:\/\/api.w.org\/{rel}","templated":true}]}}