{"id":4639,"date":"2025-03-08T10:45:49","date_gmt":"2025-03-08T09:45:49","guid":{"rendered":"https:\/\/perek.it\/?post_type=product&#038;p=4639"},"modified":"2025-03-08T11:02:20","modified_gmt":"2025-03-08T10:02:20","slug":"czujnik-cisnienia-ecumaster-map-400","status":"publish","type":"product","link":"https:\/\/perek.it\/pl\/produkt\/czujnik-cisnienia-ecumaster-map-400\/","title":{"rendered":"Czujnik ci\u015bnienia powietrza Ecumaster MAP-400"},"content":{"rendered":"<p>Czujnik bezwzgl\u0119dnego ci\u015bnienia powietrza Ecumaster o zakresie 400kPa jest czujnikiem klasy automotive o przyst\u0119pnej cenie i wysokiej precyzji. Pozwala na pomiar ci\u015bnienia od podci\u015bnienia a\u017c do do\u0142adowania 300kPa.<\/p>\n","protected":false},"excerpt":{"rendered":"<p>Czujnik ci\u015bnienia bezwzgl\u0119dnego Ecumaster 400kPa.<\/p>\n<p>Wtyczka i terminale w komplecie.<\/p>\n","protected":false},"featured_media":4641,"template":"","meta":{"site-sidebar-layout":"default","site-content-layout":"","ast-site-content-layout":"default","site-content-style":"default","site-sidebar-style":"default","ast-global-header-display":"","ast-banner-title-visibility":"","ast-main-header-display":"","ast-hfb-above-header-display":"","ast-hfb-below-header-display":"","ast-hfb-mobile-header-display":"","site-post-title":"","ast-breadcrumbs-content":"","ast-featured-img":"","footer-sml-layout":"","ast-disable-related-posts":"","theme-transparent-header-meta":"default","adv-header-id-meta":"","stick-header-meta":"","header-above-stick-meta":"","header-main-stick-meta":"","header-below-stick-meta":"","astra-migrate-meta-layouts":"default","ast-page-background-enabled":"default","ast-page-background-meta":{"desktop":{"background-color":"var(--ast-global-color-4)","background-image":"","background-repeat":"repeat","background-position":"center center","background-size":"auto","background-attachment":"scroll","background-type":"","background-media":"","overlay-type":"","overlay-color":"","overlay-opacity":"","overlay-gradient":""},"tablet":{"background-color":"","background-image":"","background-repeat":"repeat","background-position":"center center","background-size":"auto","background-attachment":"scroll","background-type":"","background-media":"","overlay-type":"","overlay-color":"","overlay-opacity":"","overlay-gradient":""},"mobile":{"background-color":"","background-image":"","background-repeat":"repeat","background-position":"center center","background-size":"auto","background-attachment":"scroll","background-type":"","background-media":"","overlay-type":"","overlay-color":"","overlay-opacity":"","overlay-gradient":""}},"ast-content-background-meta":{"desktop":{"background-color":"var(--ast-global-color-5)","background-image":"","background-repeat":"repeat","background-position":"center center","background-size":"auto","background-attachment":"scroll","background-type":"","background-media":"","overlay-type":"","overlay-color":"","overlay-opacity":"","overlay-gradient":""},"tablet":{"background-color":"var(--ast-global-color-5)","background-image":"","background-repeat":"repeat","background-position":"center center","background-size":"auto","background-attachment":"scroll","background-type":"","background-media":"","overlay-type":"","overlay-color":"","overlay-opacity":"","overlay-gradient":""},"mobile":{"background-color":"var(--ast-global-color-5)","background-image":"","background-repeat":"repeat","background-position":"center center","background-size":"auto","background-attachment":"scroll","background-type":"","background-media":"","overlay-type":"","overlay-color":"","overlay-opacity":"","overlay-gradient":""}}},"product_brand":[],"product_cat":[37],"product_tag":[],"class_list":{"0":"post-4639","1":"product","2":"type-product","3":"status-publish","4":"has-post-thumbnail","6":"product_cat-czujniki","7":"desktop-align-center","8":"tablet-align-left","9":"mobile-align-left","11":"first","12":"instock","13":"taxable","14":"shipping-taxable","15":"purchasable","16":"product-type-simple"},"yoast_head":"<!-- This site is optimized with the Yoast SEO plugin v27.5 - https:\/\/yoast.com\/product\/yoast-seo-wordpress\/ -->\n<title>Czujnik ci\u015bnienia powietrza Ecumaster MAP-400 - PEREK<\/title>\n<meta name=\"robots\" content=\"index, follow, max-snippet:-1, max-image-preview:large, max-video-preview:-1\" \/>\n<link rel=\"canonical\" href=\"https:\/\/perek.it\/pl\/produkt\/czujnik-cisnienia-ecumaster-map-400\/\" \/>\n<meta property=\"og:locale\" content=\"pl_PL\" \/>\n<meta property=\"og:type\" content=\"article\" \/>\n<meta property=\"og:title\" content=\"Czujnik ci\u015bnienia powietrza Ecumaster MAP-400 - PEREK\" \/>\n<meta property=\"og:description\" content=\"Czujnik ci\u015bnienia bezwzgl\u0119dnego Ecumaster 400kPa.  Wtyczka i terminale w komplecie.\" \/>\n<meta property=\"og:url\" content=\"https:\/\/perek.it\/pl\/produkt\/czujnik-cisnienia-ecumaster-map-400\/\" \/>\n<meta property=\"og:site_name\" content=\"PEREK\" \/>\n<meta property=\"article:modified_time\" content=\"2025-03-08T10:02:20+00:00\" \/>\n<meta property=\"og:image\" content=\"https:\/\/perek.it\/wp-content\/uploads\/2025\/03\/ecumaster-map-400.png\" \/>\n\t<meta property=\"og:image:width\" content=\"768\" \/>\n\t<meta property=\"og:image:height\" content=\"768\" \/>\n\t<meta property=\"og:image:type\" content=\"image\/png\" \/>\n<meta name=\"twitter:card\" content=\"summary_large_image\" \/>\n<meta name=\"twitter:label1\" content=\"Szacowany czas czytania\" \/>\n\t<meta name=\"twitter:data1\" content=\"1 minuta\" \/>\n<script type=\"application\/ld+json\" class=\"yoast-schema-graph\">{\"@context\":\"https:\\\/\\\/schema.org\",\"@graph\":[{\"@type\":\"WebPage\",\"@id\":\"https:\\\/\\\/perek.it\\\/pl\\\/produkt\\\/czujnik-cisnienia-ecumaster-map-400\\\/\",\"url\":\"https:\\\/\\\/perek.it\\\/pl\\\/produkt\\\/czujnik-cisnienia-ecumaster-map-400\\\/\",\"name\":\"Czujnik ci\u015bnienia powietrza Ecumaster MAP-400 - PEREK\",\"isPartOf\":{\"@id\":\"https:\\\/\\\/perek.it\\\/pl\\\/#website\"},\"primaryImageOfPage\":{\"@id\":\"https:\\\/\\\/perek.it\\\/pl\\\/produkt\\\/czujnik-cisnienia-ecumaster-map-400\\\/#primaryimage\"},\"image\":{\"@id\":\"https:\\\/\\\/perek.it\\\/pl\\\/produkt\\\/czujnik-cisnienia-ecumaster-map-400\\\/#primaryimage\"},\"thumbnailUrl\":\"https:\\\/\\\/perek.it\\\/wp-content\\\/uploads\\\/2025\\\/03\\\/ecumaster-map-400.png\",\"datePublished\":\"2025-03-08T09:45:49+00:00\",\"dateModified\":\"2025-03-08T10:02:20+00:00\",\"breadcrumb\":{\"@id\":\"https:\\\/\\\/perek.it\\\/pl\\\/produkt\\\/czujnik-cisnienia-ecumaster-map-400\\\/#breadcrumb\"},\"inLanguage\":\"pl-PL\",\"potentialAction\":[{\"@type\":\"ReadAction\",\"target\":[\"https:\\\/\\\/perek.it\\\/pl\\\/produkt\\\/czujnik-cisnienia-ecumaster-map-400\\\/\"]}]},{\"@type\":\"ImageObject\",\"inLanguage\":\"pl-PL\",\"@id\":\"https:\\\/\\\/perek.it\\\/pl\\\/produkt\\\/czujnik-cisnienia-ecumaster-map-400\\\/#primaryimage\",\"url\":\"https:\\\/\\\/perek.it\\\/wp-content\\\/uploads\\\/2025\\\/03\\\/ecumaster-map-400.png\",\"contentUrl\":\"https:\\\/\\\/perek.it\\\/wp-content\\\/uploads\\\/2025\\\/03\\\/ecumaster-map-400.png\",\"width\":768,\"height\":768},{\"@type\":\"BreadcrumbList\",\"@id\":\"https:\\\/\\\/perek.it\\\/pl\\\/produkt\\\/czujnik-cisnienia-ecumaster-map-400\\\/#breadcrumb\",\"itemListElement\":[{\"@type\":\"ListItem\",\"position\":1,\"name\":\"Home\",\"item\":\"https:\\\/\\\/perek.it\\\/pl\\\/\"},{\"@type\":\"ListItem\",\"position\":2,\"name\":\"Sklep\",\"item\":\"https:\\\/\\\/perek.it\\\/pl\\\/sklep\\\/\"},{\"@type\":\"ListItem\",\"position\":3,\"name\":\"Czujnik ci\u015bnienia powietrza Ecumaster MAP-400\"}]},{\"@type\":\"WebSite\",\"@id\":\"https:\\\/\\\/perek.it\\\/pl\\\/#website\",\"url\":\"https:\\\/\\\/perek.it\\\/pl\\\/\",\"name\":\"PEREK\",\"description\":\"Sterowniki hamowni i akcesoria\",\"publisher\":{\"@id\":\"https:\\\/\\\/perek.it\\\/pl\\\/#organization\"},\"potentialAction\":[{\"@type\":\"SearchAction\",\"target\":{\"@type\":\"EntryPoint\",\"urlTemplate\":\"https:\\\/\\\/perek.it\\\/pl\\\/?s={search_term_string}\"},\"query-input\":{\"@type\":\"PropertyValueSpecification\",\"valueRequired\":true,\"valueName\":\"search_term_string\"}}],\"inLanguage\":\"pl-PL\"},{\"@type\":\"Organization\",\"@id\":\"https:\\\/\\\/perek.it\\\/pl\\\/#organization\",\"name\":\"PEREK\",\"url\":\"https:\\\/\\\/perek.it\\\/pl\\\/\",\"logo\":{\"@type\":\"ImageObject\",\"inLanguage\":\"pl-PL\",\"@id\":\"https:\\\/\\\/perek.it\\\/pl\\\/#\\\/schema\\\/logo\\\/image\\\/\",\"url\":\"https:\\\/\\\/perek.it\\\/wp-content\\\/uploads\\\/2021\\\/07\\\/perek-logo-white.png\",\"contentUrl\":\"https:\\\/\\\/perek.it\\\/wp-content\\\/uploads\\\/2021\\\/07\\\/perek-logo-white.png\",\"width\":962,\"height\":207,\"caption\":\"PEREK\"},\"image\":{\"@id\":\"https:\\\/\\\/perek.it\\\/pl\\\/#\\\/schema\\\/logo\\\/image\\\/\"}}]}<\/script>\n<!-- \/ Yoast SEO plugin. -->","yoast_head_json":{"title":"Czujnik ci\u015bnienia powietrza Ecumaster MAP-400 - PEREK","robots":{"index":"index","follow":"follow","max-snippet":"max-snippet:-1","max-image-preview":"max-image-preview:large","max-video-preview":"max-video-preview:-1"},"canonical":"https:\/\/perek.it\/pl\/produkt\/czujnik-cisnienia-ecumaster-map-400\/","og_locale":"pl_PL","og_type":"article","og_title":"Czujnik ci\u015bnienia powietrza Ecumaster MAP-400 - PEREK","og_description":"Czujnik ci\u015bnienia bezwzgl\u0119dnego Ecumaster 400kPa.  Wtyczka i terminale w komplecie.","og_url":"https:\/\/perek.it\/pl\/produkt\/czujnik-cisnienia-ecumaster-map-400\/","og_site_name":"PEREK","article_modified_time":"2025-03-08T10:02:20+00:00","og_image":[{"width":768,"height":768,"url":"https:\/\/perek.it\/wp-content\/uploads\/2025\/03\/ecumaster-map-400.png","type":"image\/png"}],"twitter_card":"summary_large_image","twitter_misc":{"Szacowany czas czytania":"1 minuta"},"schema":{"@context":"https:\/\/schema.org","@graph":[{"@type":"WebPage","@id":"https:\/\/perek.it\/pl\/produkt\/czujnik-cisnienia-ecumaster-map-400\/","url":"https:\/\/perek.it\/pl\/produkt\/czujnik-cisnienia-ecumaster-map-400\/","name":"Czujnik ci\u015bnienia powietrza Ecumaster MAP-400 - PEREK","isPartOf":{"@id":"https:\/\/perek.it\/pl\/#website"},"primaryImageOfPage":{"@id":"https:\/\/perek.it\/pl\/produkt\/czujnik-cisnienia-ecumaster-map-400\/#primaryimage"},"image":{"@id":"https:\/\/perek.it\/pl\/produkt\/czujnik-cisnienia-ecumaster-map-400\/#primaryimage"},"thumbnailUrl":"https:\/\/perek.it\/wp-content\/uploads\/2025\/03\/ecumaster-map-400.png","datePublished":"2025-03-08T09:45:49+00:00","dateModified":"2025-03-08T10:02:20+00:00","breadcrumb":{"@id":"https:\/\/perek.it\/pl\/produkt\/czujnik-cisnienia-ecumaster-map-400\/#breadcrumb"},"inLanguage":"pl-PL","potentialAction":[{"@type":"ReadAction","target":["https:\/\/perek.it\/pl\/produkt\/czujnik-cisnienia-ecumaster-map-400\/"]}]},{"@type":"ImageObject","inLanguage":"pl-PL","@id":"https:\/\/perek.it\/pl\/produkt\/czujnik-cisnienia-ecumaster-map-400\/#primaryimage","url":"https:\/\/perek.it\/wp-content\/uploads\/2025\/03\/ecumaster-map-400.png","contentUrl":"https:\/\/perek.it\/wp-content\/uploads\/2025\/03\/ecumaster-map-400.png","width":768,"height":768},{"@type":"BreadcrumbList","@id":"https:\/\/perek.it\/pl\/produkt\/czujnik-cisnienia-ecumaster-map-400\/#breadcrumb","itemListElement":[{"@type":"ListItem","position":1,"name":"Home","item":"https:\/\/perek.it\/pl\/"},{"@type":"ListItem","position":2,"name":"Sklep","item":"https:\/\/perek.it\/pl\/sklep\/"},{"@type":"ListItem","position":3,"name":"Czujnik ci\u015bnienia powietrza Ecumaster MAP-400"}]},{"@type":"WebSite","@id":"https:\/\/perek.it\/pl\/#website","url":"https:\/\/perek.it\/pl\/","name":"PEREK","description":"Sterowniki hamowni i akcesoria","publisher":{"@id":"https:\/\/perek.it\/pl\/#organization"},"potentialAction":[{"@type":"SearchAction","target":{"@type":"EntryPoint","urlTemplate":"https:\/\/perek.it\/pl\/?s={search_term_string}"},"query-input":{"@type":"PropertyValueSpecification","valueRequired":true,"valueName":"search_term_string"}}],"inLanguage":"pl-PL"},{"@type":"Organization","@id":"https:\/\/perek.it\/pl\/#organization","name":"PEREK","url":"https:\/\/perek.it\/pl\/","logo":{"@type":"ImageObject","inLanguage":"pl-PL","@id":"https:\/\/perek.it\/pl\/#\/schema\/logo\/image\/","url":"https:\/\/perek.it\/wp-content\/uploads\/2021\/07\/perek-logo-white.png","contentUrl":"https:\/\/perek.it\/wp-content\/uploads\/2021\/07\/perek-logo-white.png","width":962,"height":207,"caption":"PEREK"},"image":{"@id":"https:\/\/perek.it\/pl\/#\/schema\/logo\/image\/"}}]}},"_links":{"self":[{"href":"https:\/\/perek.it\/pl\/wp-json\/wp\/v2\/product\/4639","targetHints":{"allow":["GET"]}}],"collection":[{"href":"https:\/\/perek.it\/pl\/wp-json\/wp\/v2\/product"}],"about":[{"href":"https:\/\/perek.it\/pl\/wp-json\/wp\/v2\/types\/product"}],"wp:featuredmedia":[{"embeddable":true,"href":"https:\/\/perek.it\/pl\/wp-json\/wp\/v2\/media\/4641"}],"wp:attachment":[{"href":"https:\/\/perek.it\/pl\/wp-json\/wp\/v2\/media?parent=4639"}],"wp:term":[{"taxonomy":"product_brand","embeddable":true,"href":"https:\/\/perek.it\/pl\/wp-json\/wp\/v2\/product_brand?post=4639"},{"taxonomy":"product_cat","embeddable":true,"href":"https:\/\/perek.it\/pl\/wp-json\/wp\/v2\/product_cat?post=4639"},{"taxonomy":"product_tag","embeddable":true,"href":"https:\/\/perek.it\/pl\/wp-json\/wp\/v2\/product_tag?post=4639"}],"curies":[{"name":"wp","href":"https:\/\/api.w.org\/{rel}","templated":true}]}}